{"id":269891,"date":"2022-01-27T16:17:02","date_gmt":"2022-01-27T14:17:02","guid":{"rendered":"https:\/\/roastergrills.com\/politica-de-privacidad\/"},"modified":"2026-03-31T13:22:16","modified_gmt":"2026-03-31T11:22:16","slug":"politica-de-privacidad","status":"publish","type":"page","link":"https:\/\/roastergrills.com\/es\/politica-de-privacidad\/","title":{"rendered":"Pol\u00edtica de privacidad"},"content":{"rendered":"\t\t<div data-elementor-type=\"wp-page\" data-elementor-id=\"269891\" class=\"elementor elementor-269891 elementor-369\" data-elementor-post-type=\"page\">\n\t\t\t\t\t\t<section class=\"elementor-section elementor-top-section elementor-element elementor-element-4fea3dde elementor-section-boxed elementor-section-height-default elementor-section-height-default\" data-id=\"4fea3dde\" data-element_type=\"section\" data-e-type=\"section\">\n\t\t\t\t\t\t<div class=\"elementor-container elementor-column-gap-default\">\n\t\t\t\t\t<div class=\"elementor-column elementor-col-100 elementor-top-column elementor-element elementor-element-3ff3b83d\" data-id=\"3ff3b83d\" data-element_type=\"column\" data-e-type=\"column\">\n\t\t\t<div class=\"elementor-widget-wrap elementor-element-populated\">\n\t\t\t\t\t\t<div class=\"elementor-element elementor-element-5ef1bcb elementor-widget elementor-widget-text-editor\" data-id=\"5ef1bcb\" data-element_type=\"widget\" data-e-type=\"widget\" data-widget_type=\"text-editor.default\">\n\t\t\t\t\t\t\t\t\t<p><strong style=\"color: inherit; font-family: inherit; font-size: 2rem;\">Pol\u00edtica de privacidad<\/strong><\/p><p data-wahfont=\"16\">En BIOKAN G.P., nuestra m\u00e1xima prioridad es la protecci\u00f3n de sus datos personales e informaci\u00f3n, independientemente de la forma en que se ponga en contacto o colabore con nosotros.<\/p><p data-wahfont=\"16\">Trabajamos constantemente para procesar y almacenar correctamente la informaci\u00f3n que comparte con nosotros.<\/p><p data-wahfont=\"16\">Esta pol\u00edtica se aplica a todas las personas y empresas que trabajan con nuestra compa\u00f1\u00eda, como clientes actuales o antiguos, empleados, proveedores u otros asociados.<\/p><p data-wahfont=\"16\">Recopilamos y utilizamos su informaci\u00f3n en nuestro nombre, bas\u00e1ndonos en su consentimiento o seg\u00fan lo exija la ley.<\/p><p data-wahfont=\"16\">Se definen como datos personales cualquier informaci\u00f3n que pueda conducir a su identificaci\u00f3n \u00fanica o identificaci\u00f3n como persona f\u00edsica, ya sea directamente o en combinaci\u00f3n con otra informaci\u00f3n.<\/p><p data-wahfont=\"16\">Algunos de estos elementos son su historial de b\u00fasqueda en internet (archivos de registro, cookies, etc.), el n\u00famero de la seguridad social, su direcci\u00f3n f\u00edsica y de correo electr\u00f3nico, su nombre, sus n\u00fameros de tel\u00e9fono fijo y m\u00f3vil, sus tarjetas bancarias, de d\u00e9bito o prepago, direcciones de correo electr\u00f3nico, el NIF, datos de valoraci\u00f3n y cualquier otra informaci\u00f3n que conduzca a su identificaci\u00f3n \u00fanica de acuerdo con las disposiciones del Reglamento General de Protecci\u00f3n de Datos (RGPD 2016\/679), la legislaci\u00f3n griega vigente y las decisiones de la Autoridad de Protecci\u00f3n de Datos de Car\u00e1cter Personal (APDPX).<\/p><p data-wahfont=\"16\">En BIOKAN G.P. construimos e invertimos en asociaciones, al tiempo que apreciamos enormemente la confianza que deposita en nosotros.<\/p><h2 data-wahfont=\"32\"><strong>Qu\u00e9 informaci\u00f3n recopilamos y c\u00f3mo<\/strong><\/h2><p data-wahfont=\"16\">Dependiendo del tipo de colaboraci\u00f3n que mantengamos, usted nos facilita informaci\u00f3n directa como nombre, apellidos, n\u00famero de identificaci\u00f3n fiscal, correo electr\u00f3nico personal o de empresa, direcci\u00f3n postal para la emisi\u00f3n de una factura u otro documento legal, cuenta bancaria o datos de la tarjeta bancaria para casos de remesas y otra informaci\u00f3n relevante para el servicio que prestamos. Para utilizar nuestros servicios, garantizamos que le solicitaremos los datos personales m\u00ednimos y siempre de acuerdo con las leyes y reglamentos aplicables. <\/p><p data-wahfont=\"16\">La informaci\u00f3n anterior se recopila en los siguientes casos:<\/p><ul><li>En caso de que visite nuestro sitio web y solicite ponerse en contacto con nosotros.<\/li><li>En casos de pedido de nuestros productos o servicios.<\/li><li>A trav\u00e9s del centro de atenci\u00f3n telef\u00f3nica.<\/li><li>A trav\u00e9s de los servicios de soporte.<\/li><\/ul><p data-wahfont=\"16\">Adem\u00e1s de la informaci\u00f3n que usted nos proporciona, podemos recopilar informaci\u00f3n de inicio de sesi\u00f3n relativa a su visita a nuestro sitio web, a trav\u00e9s de cookies. Dicha informaci\u00f3n incluye la hora y duraci\u00f3n de su visita, as\u00ed como otros datos que se almacenan en las cookies. <\/p><p data-wahfont=\"16\">La empresa \u0392\u0399\u039f\u039a\u0391\u039d \u039f.\u0395. recopila y utiliza sus datos personales en funci\u00f3n del tiempo de uso de los servicios ofrecidos y en combinaci\u00f3n con la naturaleza financiera, legal u otra de la cooperaci\u00f3n entre ustedes, siempre dentro del marco de las leyes y reglamentos aplicables y bas\u00e1ndose en la finalidad respectiva del tratamiento. Al finalizar este tiempo de cooperaci\u00f3n, procede a su destrucci\u00f3n.<\/p><h2 data-wahfont=\"32\"><strong>A trav\u00e9s de terceros<\/strong><\/h2><p data-wahfont=\"16\">Podemos recopilar informaci\u00f3n sobre usted o combinarla con otros datos que nos proporcione directamente, a trav\u00e9s de terceras empresas o empresas de redes sociales. Siempre dentro de los l\u00edmites permitidos por la ley. <\/p><p data-wahfont=\"16\">A t\u00edtulo indicativo, recopilamos informaci\u00f3n que usted haya publicado o incluso consentido de empresas como Google, LinkedIn, Facebook, Twitter, Instagram.<\/p><h2 data-wahfont=\"32\">Pol\u00edtica de recopilaci\u00f3n de datos de menores<\/h2><p data-wahfont=\"16\">Hacemos constar que, para la ejecuci\u00f3n de nuestros servicios y trabajos, no recopilamos ni procesamos informaci\u00f3n, ni prestamos nuestros servicios a personas menores de 18 a\u00f1os.<\/p><h2 data-wahfont=\"32\">Transferencia de datos a terceros y terceros pa\u00edses<\/h2><p data-wahfont=\"16\">La empresa \u0392\u0399\u039f\u039a\u0391\u039d \u039f.\u0395. no transmite datos personales a terceros que no sean los socios o proveedores necesarios para el cumplimiento de las obligaciones comerciales y legales de la empresa.<\/p><p data-wahfont=\"16\">Los socios externos de la empresa son:<\/p><ul><li>Asesores legales<\/li><li>Consultores financieros y de negocios<\/li><li>Auditores y contables<\/li><\/ul><p data-wahfont=\"16\">Todos los anteriores est\u00e1n vinculados por acuerdos de almacenamiento y tratamiento de datos y, de acuerdo con el RGPD, est\u00e1n obligados a garantizar la confidencialidad y protecci\u00f3n de estos datos.<\/p><p data-wahfont=\"16\">La empresa \u0392\u0399\u039f\u039a\u0391\u039d \u039f.\u0395. no transmite datos personales a terceros pa\u00edses.<\/p><p data-wahfont=\"16\">La empresa \u0392\u0399\u039f\u039a\u0391\u039d \u039f.\u0395. recibe en cualquier caso los medios organizativos y t\u00e9cnicos adecuados para el almacenamiento y protecci\u00f3n de sus datos personales, siempre de acuerdo con la legislaci\u00f3n aplicable.<\/p><h2 data-wahfont=\"32\">Conservaci\u00f3n de datos personales<\/h2><p data-wahfont=\"16\">La empresa \u0392\u0399\u039f\u039a\u0391\u039d \u039f.\u0395. mantiene y trata la informaci\u00f3n y los datos que recopila mientras dure la relaci\u00f3n comercial con cualquier socio, as\u00ed como para el cumplimiento de todas las obligaciones legales y de otro tipo. Asimismo, mediante un procedimiento interno, ha designado a la persona responsable de la gesti\u00f3n de los datos personales.<\/p><p data-wahfont=\"16\">Los datos se eliminan:<\/p><ul><li>A petici\u00f3n suya o por oposici\u00f3n al tratamiento, a menos que existan motivos legales para conservar estos datos.<\/li><li>En caso de retirada de su consentimiento, tras haber sido tratados con el mismo.<\/li><li>En caso de que los datos ya no sean necesarios para los fines para los que fueron recopilados o tratados, o no cumplan con una obligaci\u00f3n legal.<\/li><\/ul><h2 data-wahfont=\"32\"><strong>Uso de los datos<\/strong><\/h2><p data-wahfont=\"16\">Podemos utilizar o tratar los datos que recopilamos para los fines descritos a continuaci\u00f3n:<\/p><ul><li>Para informarle sobre servicios u ofertas que puedan ser de su inter\u00e9s.<\/li><li>Para promocionar sus servicios y productos, si nos ha dado su consentimiento o si estamos legalmente cubiertos.<\/li><li>Para otros fines de marketing, como el bolet\u00edn informativo de la empresa (Newsletter), casos de \u00e9xito y otras actividades promocionales.<\/li><li>Para la provisi\u00f3n de c\u00f3digos y contrase\u00f1as para su uso en casos de demostraci\u00f3n (DEMO) del software o su pedido.<\/li><li>Para el cumplimiento de nuestras obligaciones en el contexto de nuestra cooperaci\u00f3n.<\/li><li>Para su registro en nuestro servicio o en este sitio web.<\/li><li>Para todas las acciones necesarias para proporcionar soporte de software, como una plataforma de base de conocimientos o acceso remoto.<\/li><li>Para casos de actualizaciones, nuevas funciones y otras acciones.<\/li><\/ul><p data-wahfont=\"16\">En cualquier momento, puede enviar una solicitud para detener el tratamiento o almacenamiento de sus datos personales a <a href=\"mailto:mail@biokan.gr\" data-wahfont=\"16\">mail@biokan.gr<\/a><\/p><h2 data-wahfont=\"32\"><strong>Suscripci\u00f3n al bolet\u00edn informativo. Derechos y acceso <\/strong><\/h2><p data-wahfont=\"16\">La empresa \u0392\u0399\u039f\u039a\u0391\u039d \u039f.\u0395. es responsable del almacenamiento y tratamiento de sus datos personales; al suscribirse a la lista de destinatarios del bolet\u00edn informativo, recibimos su consentimiento para enviarle material informativo sobre noticias de la empresa, nuevos servicios, ofertas y productos.<\/p><p data-wahfont=\"16\">La empresa \u0392\u0399\u039f\u039a\u0391\u039d \u039f.\u0395. no transmitir\u00e1 ni vender\u00e1 ninguno de sus datos personales a terceros con fines de marketing. Sus datos personales para estos fines ser\u00e1n utilizados \u00fanicamente por la empresa VIOKAN OE.<\/p><p data-wahfont=\"16\">La suscripci\u00f3n al bolet\u00edn informativo y su declaraci\u00f3n de consentimiento se hacen efectivas de las siguientes maneras:<\/p><ul><li>Previa solicitud por escrito de los interesados.<\/li><li>Mediante el pedido de servicios o productos.<\/li><li>Mediante el env\u00edo de una solicitud de actualizaci\u00f3n de software desde el sitio web.<\/li><\/ul><p data-wahfont=\"16\">La validez de la declaraci\u00f3n de consentimiento se mantiene durante todo el periodo de tiempo que reciba el bolet\u00edn informativo y hasta 6 meses despu\u00e9s del cese de su env\u00edo.<\/p><p data-wahfont=\"16\">Tiene derecho a retirar su consentimiento siguiendo el enlace que aparece al final de cada bolet\u00edn informativo.<\/p><p data-wahfont=\"16\">Tambi\u00e9n tiene derecho a<\/p><ul><li>Acceder y exigir los datos que almacenamos y tratamos.<\/li><li>Limitaci\u00f3n del tratamiento. Al presentar una solicitud, dejaremos de tratar sus datos. <\/li><li>Oposici\u00f3n o revocaci\u00f3n de su consentimiento. No volver\u00e1 a recibir ning\u00fan bolet\u00edn informativo por nuestra parte. <\/li><li>Eliminaci\u00f3n de sus datos personales<\/li><\/ul><p data-wahfont=\"16\">Puede ejercer estos derechos enviando una solicitud a la direcci\u00f3n de correo electr\u00f3nico: mail@biokan.gr<\/p><p data-wahfont=\"16\">Tenga en cuenta que cualquier revocaci\u00f3n del consentimiento no afecta a la legalidad del tratamiento basado en el consentimiento antes de que este sea retirado o revocado por usted.<\/p><h2 data-wahfont=\"32\"><strong>Reclamaci\u00f3n ante la Autoridad de Protecci\u00f3n de Datos de Car\u00e1cter Personal<\/strong><\/h2><p data-wahfont=\"16\">Si considera que el tratamiento de sus datos personales infringe la legislaci\u00f3n sobre protecci\u00f3n de datos personales, puede presentar una reclamaci\u00f3n ante la Autoridad de Protecci\u00f3n de Datos de Car\u00e1cter Personal <a href=\"http:\/\/www.dpa.gr\/\" data-wahfont=\"16\">www.dpa.gr<\/a><\/p><p data-wahfont=\"16\">Antes de presentar la reclamaci\u00f3n, debe ponerse en contacto con nosotros, ejerciendo sus derechos mencionados anteriormente de acuerdo con el RGPD. Si no satisfacemos sus peticiones, o si nuestra respuesta se considera insuficiente, tiene derecho a proceder con la reclamaci\u00f3n ante la Autoridad de Protecci\u00f3n de Datos de Car\u00e1cter Personal www.dpa.gr <\/p><p data-wahfont=\"16\">P\u00f3ngase en contacto con nosotros para cualquier pregunta o aclaraci\u00f3n relativa al tratamiento de sus datos personales y al ejercicio de sus derechos.<\/p><h2 data-wahfont=\"32\"><strong>Pol\u00edtica de cookies<\/strong><\/h2><p data-wahfont=\"16\">Nuestro sitio web www.biokan.gr, de acuerdo con la Directiva 2009\/136\/CE de la UE sobre privacidad electr\u00f3nica, utiliza cookies.<\/p><p data-wahfont=\"16\">Esto se hace sin el almacenamiento de informaci\u00f3n identificable de los visitantes del sitio web, sino para ofrecerles una experiencia mejor y personalizada.<\/p><p data-wahfont=\"16\">Utilizamos cookies (Google Analytics) para conocer<\/p><ul><li>El n\u00famero de nuestros visitantes.<\/li><li>Para monitorizar el tr\u00e1fico de las p\u00e1ginas individuales.<\/li><li>La duraci\u00f3n del tr\u00e1fico.<\/li><\/ul><p data-wahfont=\"16\">El prop\u00f3sito de lo anterior es mejorar el contenido y adaptar el sitio web a las preferencias de nuestros visitantes para que tengan una mejor experiencia de navegaci\u00f3n y b\u00fasqueda.<\/p><p data-wahfont=\"16\">Las cookies son peque\u00f1os archivos de texto que se almacenan en el navegador del usuario cuando visita una p\u00e1gina web. En la informaci\u00f3n de la cookie se guardan detalles como la fecha y la hora de la visita y las p\u00e1ginas visitadas. <\/p><p data-wahfont=\"16\">Analizando estos datos y utilizando cookies, ofrecemos un recorrido completo al visitante.<\/p><p data-wahfont=\"16\">Si no desea almacenar cookies, configure su navegador para que no las almacene.<\/p><h2 data-wahfont=\"32\"><strong>Seguridad y conservaci\u00f3n de datos<\/strong><\/h2><p data-wahfont=\"16\">La empresa BIOKAN OE entiende que la seguridad de sus datos personales es muy importante y, por ello, ha tomado medidas t\u00e9cnicas y organizativas designando a una persona responsable de la gesti\u00f3n de datos personales, formando e informando al personal, y utiliza cortafuegos y sistemas especiales de protecci\u00f3n.<\/p><p data-wahfont=\"16\">No obstante, se hace notar que, mientras la informaci\u00f3n y los datos se encuentren en sitios web y se transmitan a trav\u00e9s de internet, ning\u00fan sistema inform\u00e1tico es completamente seguro.<\/p><h2 data-wahfont=\"32\"><strong>Idioma<\/strong><\/h2><p data-wahfont=\"16\">El idioma aplicable a esta Pol\u00edtica de Privacidad es el griego. Por lo tanto, en caso de que exista alguna contradicci\u00f3n en cualquiera de las versiones facilitadas en otros idiomas, prevalecer\u00e1 la versi\u00f3n griega. <\/p><h2 data-wahfont=\"32\"><strong>Validez y cambios en el texto de privacidad<\/strong><\/h2><p data-wahfont=\"16\">La empresa BIOKAN OE emiti\u00f3 esta pol\u00edtica el 26\/06\/19 y se reserva el derecho de mejora o revisi\u00f3n peri\u00f3dica.<\/p><p data-wahfont=\"16\">En caso de cambios o revisiones en el uso de nuestros servicios, y si se ha publicado dicha versi\u00f3n actualizada o revisada de nuestra pol\u00edtica, usted acepta autom\u00e1ticamente las nuevas pr\u00e1cticas contenidas en la actualizaci\u00f3n.<\/p><p data-wahfont=\"16\">La \u00faltima actualizaci\u00f3n estar\u00e1 siempre en nuestro sitio web www.biokan.gr y le sugerimos que compruebe con frecuencia si hay cambios y la fecha de revisi\u00f3n para ver cu\u00e1ndo se actualiz\u00f3 por \u00faltima vez la pol\u00edtica de privacidad.<\/p><p data-wahfont=\"16\">Fecha de revisi\u00f3n de la pol\u00edtica de privacidad.<\/p><p data-wahfont=\"16\">10 de octubre de 2019<\/p>\t\t\t\t\t\t\t\t<\/div>\n\t\t\t\t\t<\/div>\n\t\t<\/div>\n\t\t\t\t\t<\/div>\n\t\t<\/section>\n\t\t\t\t<\/div>\n\t\t","protected":false},"excerpt":{"rendered":"<p>Pol\u00edtica de privacidad En BIOKAN G.P., nuestra m\u00e1xima prioridad es la protecci\u00f3n de sus datos personales e informaci\u00f3n, independientemente de la forma en que se ponga en contacto o colabore con nosotros. Trabajamos constantemente para procesar y almacenar correctamente la informaci\u00f3n que comparte con nosotros. Esta pol\u00edtica se aplica a todas las personas y empresas [&hellip;]<\/p>\n","protected":false},"author":1,"featured_media":0,"parent":0,"menu_order":0,"comment_status":"closed","ping_status":"closed","template":"","meta":{"footnotes":""},"categories":[99],"tags":[],"class_list":["post-269891","page","type-page","status-publish","hentry","category-otros"],"yoast_head":"<!-- This site is optimized with the Yoast SEO Premium plugin v27.3 (Yoast SEO v27.3) - https:\/\/yoast.com\/product\/yoast-seo-premium-wordpress\/ -->\n<title>Pol\u00edtica de privacidad - parrillasroaster<\/title>\n<meta name=\"robots\" content=\"noindex, nofollow\" \/>\n<meta property=\"og:locale\" content=\"es_ES\" \/>\n<meta property=\"og:type\" content=\"article\" \/>\n<meta property=\"og:title\" content=\"Pol\u00edtica de privacidad\" \/>\n<meta property=\"og:description\" content=\"Pol\u00edtica de privacidad En BIOKAN G.P., nuestra m\u00e1xima prioridad es la protecci\u00f3n de sus datos personales e informaci\u00f3n, independientemente de la forma en que se ponga en contacto o colabore con nosotros. Trabajamos constantemente para procesar y almacenar correctamente la informaci\u00f3n que comparte con nosotros. Esta pol\u00edtica se aplica a todas las personas y empresas [&hellip;]\" \/>\n<meta property=\"og:url\" content=\"https:\/\/roastergrills.com\/es\/politica-de-privacidad\/\" \/>\n<meta property=\"og:site_name\" content=\"parrillasroaster\" \/>\n<meta property=\"article:publisher\" content=\"https:\/\/www.facebook.com\/RoasterOvens\/\" \/>\n<meta property=\"article:modified_time\" content=\"2026-03-31T11:22:16+00:00\" \/>\n<meta name=\"twitter:card\" content=\"summary_large_image\" \/>\n<meta name=\"twitter:label1\" content=\"Tiempo de lectura\" \/>\n\t<meta name=\"twitter:data1\" content=\"9 minutos\" \/>\n<script type=\"application\/ld+json\" class=\"yoast-schema-graph\">{\"@context\":\"https:\\\/\\\/schema.org\",\"@graph\":[{\"@type\":\"WebPage\",\"@id\":\"https:\\\/\\\/roastergrills.com\\\/es\\\/politica-de-privacidad\\\/\",\"url\":\"https:\\\/\\\/roastergrills.com\\\/es\\\/politica-de-privacidad\\\/\",\"name\":\"Pol\u00edtica de privacidad - parrillasroaster\",\"isPartOf\":{\"@id\":\"https:\\\/\\\/roastergrills.com\\\/es\\\/#website\"},\"datePublished\":\"2022-01-27T14:17:02+00:00\",\"dateModified\":\"2026-03-31T11:22:16+00:00\",\"breadcrumb\":{\"@id\":\"https:\\\/\\\/roastergrills.com\\\/es\\\/politica-de-privacidad\\\/#breadcrumb\"},\"inLanguage\":\"es\",\"potentialAction\":[{\"@type\":\"ReadAction\",\"target\":[\"https:\\\/\\\/roastergrills.com\\\/es\\\/politica-de-privacidad\\\/\"]}]},{\"@type\":\"BreadcrumbList\",\"@id\":\"https:\\\/\\\/roastergrills.com\\\/es\\\/politica-de-privacidad\\\/#breadcrumb\",\"itemListElement\":[{\"@type\":\"ListItem\",\"position\":1,\"name\":\"Inicio\",\"item\":\"https:\\\/\\\/roastergrills.com\\\/es\\\/hornos-de-brasa-y-parrillas-profesionales-roaster\\\/\"},{\"@type\":\"ListItem\",\"position\":2,\"name\":\"Pol\u00edtica de privacidad\"}]},{\"@type\":\"WebSite\",\"@id\":\"https:\\\/\\\/roastergrills.com\\\/es\\\/#website\",\"url\":\"https:\\\/\\\/roastergrills.com\\\/es\\\/\",\"name\":\"parrillasroaster\",\"description\":\"Hornos y Parrillas de Carb\u00f3n Comerciales\",\"publisher\":{\"@id\":\"https:\\\/\\\/roastergrills.com\\\/es\\\/#organization\"},\"alternateName\":\"Roaster Ovens\",\"potentialAction\":[{\"@type\":\"SearchAction\",\"target\":{\"@type\":\"EntryPoint\",\"urlTemplate\":\"https:\\\/\\\/roastergrills.com\\\/es\\\/?s={search_term_string}\"},\"query-input\":{\"@type\":\"PropertyValueSpecification\",\"valueRequired\":true,\"valueName\":\"search_term_string\"}}],\"inLanguage\":\"es\"},{\"@type\":\"Organization\",\"@id\":\"https:\\\/\\\/roastergrills.com\\\/es\\\/#organization\",\"name\":\"Roaster Hornos de Carb\u00f3n\",\"alternateName\":\"Roaster Grills\",\"url\":\"https:\\\/\\\/roastergrills.com\\\/es\\\/\",\"logo\":{\"@type\":\"ImageObject\",\"inLanguage\":\"es\",\"@id\":\"https:\\\/\\\/roastergrills.com\\\/es\\\/#\\\/schema\\\/logo\\\/image\\\/\",\"url\":\"https:\\\/\\\/roastergrills.com\\\/wp-content\\\/uploads\\\/2021\\\/12\\\/roaster-charcoal-oven-logo-round.png\",\"contentUrl\":\"https:\\\/\\\/roastergrills.com\\\/wp-content\\\/uploads\\\/2021\\\/12\\\/roaster-charcoal-oven-logo-round.png\",\"width\":400,\"height\":319,\"caption\":\"Roaster Hornos de Carb\u00f3n\"},\"image\":{\"@id\":\"https:\\\/\\\/roastergrills.com\\\/es\\\/#\\\/schema\\\/logo\\\/image\\\/\"},\"sameAs\":[\"https:\\\/\\\/www.facebook.com\\\/RoasterOvens\\\/\",\"https:\\\/\\\/www.instagram.com\\\/roaster_ovens\\\/\",\"https:\\\/\\\/www.linkedin.com\\\/company\\\/biokan-oe\",\"https:\\\/\\\/www.youtube.com\\\/channel\\\/UCjOpxGWZamP7FVeQ2Dx45yA\"]}]}<\/script>\n<!-- \/ Yoast SEO Premium plugin. -->","yoast_head_json":{"title":"Pol\u00edtica de privacidad - parrillasroaster","robots":{"index":"noindex","follow":"nofollow"},"og_locale":"es_ES","og_type":"article","og_title":"Pol\u00edtica de privacidad","og_description":"Pol\u00edtica de privacidad En BIOKAN G.P., nuestra m\u00e1xima prioridad es la protecci\u00f3n de sus datos personales e informaci\u00f3n, independientemente de la forma en que se ponga en contacto o colabore con nosotros. Trabajamos constantemente para procesar y almacenar correctamente la informaci\u00f3n que comparte con nosotros. Esta pol\u00edtica se aplica a todas las personas y empresas [&hellip;]","og_url":"https:\/\/roastergrills.com\/es\/politica-de-privacidad\/","og_site_name":"parrillasroaster","article_publisher":"https:\/\/www.facebook.com\/RoasterOvens\/","article_modified_time":"2026-03-31T11:22:16+00:00","twitter_card":"summary_large_image","twitter_misc":{"Tiempo de lectura":"9 minutos"},"schema":{"@context":"https:\/\/schema.org","@graph":[{"@type":"WebPage","@id":"https:\/\/roastergrills.com\/es\/politica-de-privacidad\/","url":"https:\/\/roastergrills.com\/es\/politica-de-privacidad\/","name":"Pol\u00edtica de privacidad - parrillasroaster","isPartOf":{"@id":"https:\/\/roastergrills.com\/es\/#website"},"datePublished":"2022-01-27T14:17:02+00:00","dateModified":"2026-03-31T11:22:16+00:00","breadcrumb":{"@id":"https:\/\/roastergrills.com\/es\/politica-de-privacidad\/#breadcrumb"},"inLanguage":"es","potentialAction":[{"@type":"ReadAction","target":["https:\/\/roastergrills.com\/es\/politica-de-privacidad\/"]}]},{"@type":"BreadcrumbList","@id":"https:\/\/roastergrills.com\/es\/politica-de-privacidad\/#breadcrumb","itemListElement":[{"@type":"ListItem","position":1,"name":"Inicio","item":"https:\/\/roastergrills.com\/es\/hornos-de-brasa-y-parrillas-profesionales-roaster\/"},{"@type":"ListItem","position":2,"name":"Pol\u00edtica de privacidad"}]},{"@type":"WebSite","@id":"https:\/\/roastergrills.com\/es\/#website","url":"https:\/\/roastergrills.com\/es\/","name":"parrillasroaster","description":"Hornos y Parrillas de Carb\u00f3n Comerciales","publisher":{"@id":"https:\/\/roastergrills.com\/es\/#organization"},"alternateName":"Roaster Ovens","potentialAction":[{"@type":"SearchAction","target":{"@type":"EntryPoint","urlTemplate":"https:\/\/roastergrills.com\/es\/?s={search_term_string}"},"query-input":{"@type":"PropertyValueSpecification","valueRequired":true,"valueName":"search_term_string"}}],"inLanguage":"es"},{"@type":"Organization","@id":"https:\/\/roastergrills.com\/es\/#organization","name":"Roaster Hornos de Carb\u00f3n","alternateName":"Roaster Grills","url":"https:\/\/roastergrills.com\/es\/","logo":{"@type":"ImageObject","inLanguage":"es","@id":"https:\/\/roastergrills.com\/es\/#\/schema\/logo\/image\/","url":"https:\/\/roastergrills.com\/wp-content\/uploads\/2021\/12\/roaster-charcoal-oven-logo-round.png","contentUrl":"https:\/\/roastergrills.com\/wp-content\/uploads\/2021\/12\/roaster-charcoal-oven-logo-round.png","width":400,"height":319,"caption":"Roaster Hornos de Carb\u00f3n"},"image":{"@id":"https:\/\/roastergrills.com\/es\/#\/schema\/logo\/image\/"},"sameAs":["https:\/\/www.facebook.com\/RoasterOvens\/","https:\/\/www.instagram.com\/roaster_ovens\/","https:\/\/www.linkedin.com\/company\/biokan-oe","https:\/\/www.youtube.com\/channel\/UCjOpxGWZamP7FVeQ2Dx45yA"]}]}},"_links":{"self":[{"href":"https:\/\/roastergrills.com\/es\/wp-json\/wp\/v2\/pages\/269891","targetHints":{"allow":["GET"]}}],"collection":[{"href":"https:\/\/roastergrills.com\/es\/wp-json\/wp\/v2\/pages"}],"about":[{"href":"https:\/\/roastergrills.com\/es\/wp-json\/wp\/v2\/types\/page"}],"author":[{"embeddable":true,"href":"https:\/\/roastergrills.com\/es\/wp-json\/wp\/v2\/users\/1"}],"replies":[{"embeddable":true,"href":"https:\/\/roastergrills.com\/es\/wp-json\/wp\/v2\/comments?post=269891"}],"version-history":[{"count":1,"href":"https:\/\/roastergrills.com\/es\/wp-json\/wp\/v2\/pages\/269891\/revisions"}],"predecessor-version":[{"id":269892,"href":"https:\/\/roastergrills.com\/es\/wp-json\/wp\/v2\/pages\/269891\/revisions\/269892"}],"wp:attachment":[{"href":"https:\/\/roastergrills.com\/es\/wp-json\/wp\/v2\/media?parent=269891"}],"wp:term":[{"taxonomy":"category","embeddable":true,"href":"https:\/\/roastergrills.com\/es\/wp-json\/wp\/v2\/categories?post=269891"},{"taxonomy":"post_tag","embeddable":true,"href":"https:\/\/roastergrills.com\/es\/wp-json\/wp\/v2\/tags?post=269891"}],"curies":[{"name":"wp","href":"https:\/\/api.w.org\/{rel}","templated":true}]}}