{"id":269944,"date":"2022-01-27T14:12:52","date_gmt":"2022-01-27T12:12:52","guid":{"rendered":"https:\/\/roastergrills.com\/sobre-nosotros\/"},"modified":"2026-03-31T13:22:52","modified_gmt":"2026-03-31T11:22:52","slug":"sobre-nosotros","status":"publish","type":"page","link":"https:\/\/roastergrills.com\/es\/sobre-nosotros\/","title":{"rendered":"Sobre nosotros"},"content":{"rendered":"\t\t<div data-elementor-type=\"wp-page\" data-elementor-id=\"269944\" class=\"elementor elementor-269944 elementor-357\" data-elementor-post-type=\"page\">\n\t\t\t\t<div class=\"elementor-element elementor-element-1112d9c elementor-hidden-desktop elementor-hidden-tablet elementor-hidden-mobile e-flex e-con-boxed e-con e-parent\" data-id=\"1112d9c\" data-element_type=\"container\" data-e-type=\"container\">\n\t\t\t\t\t<div class=\"e-con-inner\">\n\t\t\t\t<div class=\"elementor-element elementor-element-eee2afb elementor-widget elementor-widget-heading\" data-id=\"eee2afb\" data-element_type=\"widget\" data-e-type=\"widget\" data-widget_type=\"heading.default\">\n\t\t\t\t\t<h1 class=\"elementor-heading-title elementor-size-default\">Sobre nosotros<\/h1>\t\t\t\t<\/div>\n\t\t\t\t\t<\/div>\n\t\t\t\t<\/div>\n\t\t\t\t<section class=\"elementor-section elementor-top-section elementor-element elementor-element-140b1d8 elementor-section-boxed elementor-section-height-default elementor-section-height-default\" data-id=\"140b1d8\" data-element_type=\"section\" data-e-type=\"section\">\n\t\t\t\t\t\t<div class=\"elementor-container elementor-column-gap-default\">\n\t\t\t\t\t<div class=\"elementor-column elementor-col-50 elementor-top-column elementor-element elementor-element-5d9d170\" data-id=\"5d9d170\" data-element_type=\"column\" data-e-type=\"column\">\n\t\t\t<div class=\"elementor-widget-wrap elementor-element-populated\">\n\t\t\t\t\t\t<div class=\"elementor-element elementor-element-5318f5d elementor-widget elementor-widget-text-editor\" data-id=\"5318f5d\" data-element_type=\"widget\" data-e-type=\"widget\" data-widget_type=\"text-editor.default\">\n\t\t\t\t\t\t\t\t\t<h3><strong>PERFIL DE LA EMPRESA<\/strong><\/h3>\nNuestra empresa, BIOKAN G.P., fue fundada en 1988 y tiene su sede en Kozani, Grecia. Desde entonces, hemos estado fabricando construcciones de acero inoxidable para restaurantes y otros establecimientos de servicios de alimentaci\u00f3n. \n\nEn los \u00faltimos a\u00f1os nos hemos especializado con gran \u00e9xito en la fabricaci\u00f3n de campanas extractoras comerciales para cocinas, hornos de carb\u00f3n y asadores. Lo que nos llev\u00f3 a este \u00e9xito es el conocimiento y nuestro personal experimentado, as\u00ed como nuestra maquinaria de vanguardia. Contamos con una de las l\u00edneas de producci\u00f3n de construcciones de acero inoxidable tecnol\u00f3gicamente m\u00e1s avanzadas de Grecia.  \n\nComo resultado, fabricamos productos de alta calidad que combinan un dise\u00f1o moderno con funcionalidad, a los precios m\u00e1s competitivos.\t\t\t\t\t\t\t\t<\/div>\n\t\t\t\t\t<\/div>\n\t\t<\/div>\n\t\t\t\t<div class=\"elementor-column elementor-col-50 elementor-top-column elementor-element elementor-element-406ca21\" data-id=\"406ca21\" data-element_type=\"column\" data-e-type=\"column\">\n\t\t\t<div class=\"elementor-widget-wrap elementor-element-populated\">\n\t\t\t\t\t\t<div class=\"elementor-element elementor-element-f580e9c elementor-widget elementor-widget-video\" data-id=\"f580e9c\" data-element_type=\"widget\" data-e-type=\"widget\" data-settings=\"{&quot;youtube_url&quot;:&quot;https:\\\/\\\/youtu.be\\\/c_0hCzmBsOY&quot;,&quot;video_type&quot;:&quot;youtube&quot;,&quot;controls&quot;:&quot;yes&quot;}\" data-widget_type=\"video.default\">\n\t\t\t\t\t\t\t<div class=\"elementor-wrapper elementor-open-inline\">\n\t\t\t<div class=\"elementor-video\"><\/div>\t\t<\/div>\n\t\t\t\t\t\t<\/div>\n\t\t\t\t\t<\/div>\n\t\t<\/div>\n\t\t\t\t\t<\/div>\n\t\t<\/section>\n\t\t\t\t<section class=\"elementor-section elementor-top-section elementor-element elementor-element-c770a7f elementor-section-boxed elementor-section-height-default elementor-section-height-default\" data-id=\"c770a7f\" data-element_type=\"section\" data-e-type=\"section\">\n\t\t\t\t\t\t<div class=\"elementor-container elementor-column-gap-default\">\n\t\t\t\t\t<div class=\"elementor-column elementor-col-100 elementor-top-column elementor-element elementor-element-6f61fdf\" data-id=\"6f61fdf\" data-element_type=\"column\" data-e-type=\"column\">\n\t\t\t<div class=\"elementor-widget-wrap elementor-element-populated\">\n\t\t\t\t\t\t<div class=\"elementor-element elementor-element-6a889f1 elementor-widget elementor-widget-text-editor\" data-id=\"6a889f1\" data-element_type=\"widget\" data-e-type=\"widget\" data-widget_type=\"text-editor.default\">\n\t\t\t\t\t\t\t\t\t<h3>INSTALACIONES<\/h3>\nNuestras instalaciones de fabricaci\u00f3n est\u00e1n ubicadas en la zona industrial de Kozani, Grecia. En los 1700 m2 de nuestra propiedad se encuentra una l\u00ednea de producci\u00f3n completa que incluye m\u00e1quinas CNC y l\u00e1ser, un almac\u00e9n organizado y oficinas administrativas. \n\nLas oficinas centrales de BIOKAN G.P. est\u00e1n en Atenas.\n\nLa l\u00ednea de producci\u00f3n de BIOKAN utiliza el software Epoptia que gestiona el volumen de producci\u00f3n y proporciona seguimiento de la producci\u00f3n en tiempo real, gesti\u00f3n y control.\t\t\t\t\t\t\t\t<\/div>\n\t\t\t\t\t<\/div>\n\t\t<\/div>\n\t\t\t\t\t<\/div>\n\t\t<\/section>\n\t\t\t\t<section class=\"elementor-section elementor-top-section elementor-element elementor-element-9991822 elementor-section-boxed elementor-section-height-default elementor-section-height-default\" data-id=\"9991822\" data-element_type=\"section\" data-e-type=\"section\">\n\t\t\t\t\t\t<div class=\"elementor-container elementor-column-gap-default\">\n\t\t\t\t\t<div class=\"elementor-column elementor-col-100 elementor-top-column elementor-element elementor-element-abee5ab\" data-id=\"abee5ab\" data-element_type=\"column\" data-e-type=\"column\">\n\t\t\t<div class=\"elementor-widget-wrap elementor-element-populated\">\n\t\t\t\t\t\t<div class=\"elementor-element elementor-element-26d5921 elementor-widget elementor-widget-text-editor\" data-id=\"26d5921\" data-element_type=\"widget\" data-e-type=\"widget\" data-widget_type=\"text-editor.default\">\n\t\t\t\t\t\t\t\t\t<h3>PRODUCTOS Y SERVICIOS<\/h3>\nFabricamos y ofrecemos a nuestros clientes una amplia l\u00ednea de productos de equipos de cocina comerciales de acero inoxidable, como campanas extractoras, hornos de carb\u00f3n, hornos de pizza de le\u00f1a\/gas, asadores de carb\u00f3n y parrillas. Tambi\u00e9n ofrecemos servicios de consultor\u00eda, en relaci\u00f3n con la instalaci\u00f3n de campanas extractoras y la disposici\u00f3n del espacio de los equipos profesionales en cocinas comerciales. \t\t\t\t\t\t\t\t<\/div>\n\t\t\t\t\t<\/div>\n\t\t<\/div>\n\t\t\t\t\t<\/div>\n\t\t<\/section>\n\t\t\t\t<section class=\"elementor-section elementor-top-section elementor-element elementor-element-f8fc9ab elementor-section-boxed elementor-section-height-default elementor-section-height-default\" data-id=\"f8fc9ab\" data-element_type=\"section\" data-e-type=\"section\">\n\t\t\t\t\t\t<div class=\"elementor-container elementor-column-gap-default\">\n\t\t\t\t\t<div class=\"elementor-column elementor-col-100 elementor-top-column elementor-element elementor-element-bd186ac\" data-id=\"bd186ac\" data-element_type=\"column\" data-e-type=\"column\">\n\t\t\t<div class=\"elementor-widget-wrap elementor-element-populated\">\n\t\t\t\t\t\t<div class=\"elementor-element elementor-element-6045e90 elementor-widget elementor-widget-text-editor\" data-id=\"6045e90\" data-element_type=\"widget\" data-e-type=\"widget\" data-widget_type=\"text-editor.default\">\n\t\t\t\t\t\t\t\t\t<h3>INNOVACI\u00d3N<\/h3>\nBIOKAN cree en la mejora continua. Nuestros ingenieros est\u00e1n constantemente desarrollando y redise\u00f1ando productos para que puedan responder a las necesidades de nuestros clientes. BIOKAN se esfuerza por construir productos m\u00e1s eficientes, m\u00e1s f\u00e1ciles de instalar y mantener, y productos que cumplan con los m\u00e1s altos est\u00e1ndares.  \n\nEstos son los objetivos que nos han llevado a ideas innovadoras como el Sistema de Control de Flujo de Aire (AFC), que se puede instalar en las campanas extractoras comerciales de compensaci\u00f3n para regular manualmente el flujo de aire entrante. Los asadores de carb\u00f3n motorizados tambi\u00e9n son innovadores, ya que se coloca un motor individual en cada eje para un mejor rendimiento. \t\t\t\t\t\t\t\t<\/div>\n\t\t\t\t\t<\/div>\n\t\t<\/div>\n\t\t\t\t\t<\/div>\n\t\t<\/section>\n\t\t\t\t<section class=\"elementor-section elementor-top-section elementor-element elementor-element-909ac31 elementor-section-boxed elementor-section-height-default elementor-section-height-default\" data-id=\"909ac31\" data-element_type=\"section\" data-e-type=\"section\">\n\t\t\t\t\t\t<div class=\"elementor-container elementor-column-gap-default\">\n\t\t\t\t\t<div class=\"elementor-column elementor-col-100 elementor-top-column elementor-element elementor-element-fb65ea1\" data-id=\"fb65ea1\" data-element_type=\"column\" data-e-type=\"column\">\n\t\t\t<div class=\"elementor-widget-wrap elementor-element-populated\">\n\t\t\t\t\t\t<div class=\"elementor-element elementor-element-fffa729 elementor-widget elementor-widget-text-editor\" data-id=\"fffa729\" data-element_type=\"widget\" data-e-type=\"widget\" data-widget_type=\"text-editor.default\">\n\t\t\t\t\t\t\t\t\t<h3>NUESTRA VISI\u00d3N<\/h3>\nNuestra visi\u00f3n es seguir siendo una empresa centrada en el cliente, lo que ha determinado nuestro desarrollo, expansi\u00f3n comercial y estrategia desde nuestra fundaci\u00f3n, y seguir ofreciendo a nuestros clientes productos y servicios de alta calidad a precios justos. Como resultado, hemos establecido relaciones comerciales a largo plazo y fruct\u00edferas con las empresas con las que hemos cooperado durante los \u00faltimos a\u00f1os. Siempre ofrecemos a nuestros clientes el mejor soporte de preventa y posventa.  \n\nComo resultado, hemos establecido relaciones comerciales a largo plazo y fruct\u00edferas con las empresas con las que hemos cooperado durante los \u00faltimos a\u00f1os.\t\t\t\t\t\t\t\t<\/div>\n\t\t\t\t\t<\/div>\n\t\t<\/div>\n\t\t\t\t\t<\/div>\n\t\t<\/section>\n\t\t\t\t<\/div>\n\t\t","protected":false},"excerpt":{"rendered":"<p>Sobre nosotros PERFIL DE LA EMPRESA Nuestra empresa, BIOKAN G.P., fue fundada en 1988 y tiene su sede en Kozani, Grecia. Desde entonces, hemos estado fabricando construcciones de acero inoxidable para restaurantes y otros establecimientos de servicios de alimentaci\u00f3n. En los \u00faltimos a\u00f1os nos hemos especializado con gran \u00e9xito en la fabricaci\u00f3n de campanas extractoras [&hellip;]<\/p>\n","protected":false},"author":1,"featured_media":0,"parent":0,"menu_order":0,"comment_status":"closed","ping_status":"closed","template":"","meta":{"footnotes":""},"categories":[99],"tags":[],"class_list":["post-269944","page","type-page","status-publish","hentry","category-otros"],"yoast_head":"<!-- This site is optimized with the Yoast SEO Premium plugin v27.3 (Yoast SEO v27.3) - https:\/\/yoast.com\/product\/yoast-seo-premium-wordpress\/ -->\n<title>Sobre nosotros - parrillasroaster<\/title>\n<meta name=\"description\" content=\"Fabricantes de hornos de carb\u00f3n profesionales, parrillas y asadores durante 35 a\u00f1os. Ofrecemos productos de la m\u00e1s alta calidad para el sector Horeca.\" \/>\n<meta name=\"robots\" content=\"noindex, follow\" \/>\n<meta property=\"og:locale\" content=\"es_ES\" \/>\n<meta property=\"og:type\" content=\"article\" \/>\n<meta property=\"og:title\" content=\"Sobre nosotros\" \/>\n<meta property=\"og:description\" content=\"Fabricantes de hornos de carb\u00f3n profesionales, parrillas y asadores durante 35 a\u00f1os. Ofrecemos productos de la m\u00e1s alta calidad para el sector Horeca.\" \/>\n<meta property=\"og:url\" content=\"https:\/\/roastergrills.com\/es\/sobre-nosotros\/\" \/>\n<meta property=\"og:site_name\" content=\"parrillasroaster\" \/>\n<meta property=\"article:publisher\" content=\"https:\/\/www.facebook.com\/RoasterOvens\/\" \/>\n<meta property=\"article:modified_time\" content=\"2026-03-31T11:22:52+00:00\" \/>\n<meta name=\"twitter:card\" content=\"summary_large_image\" \/>\n<meta name=\"twitter:label1\" content=\"Tiempo de lectura\" \/>\n\t<meta name=\"twitter:data1\" content=\"3 minutos\" \/>\n<script type=\"application\/ld+json\" class=\"yoast-schema-graph\">{\"@context\":\"https:\\\/\\\/schema.org\",\"@graph\":[{\"@type\":\"WebPage\",\"@id\":\"https:\\\/\\\/roastergrills.com\\\/es\\\/sobre-nosotros\\\/\",\"url\":\"https:\\\/\\\/roastergrills.com\\\/es\\\/sobre-nosotros\\\/\",\"name\":\"Sobre nosotros - parrillasroaster\",\"isPartOf\":{\"@id\":\"https:\\\/\\\/roastergrills.com\\\/es\\\/#website\"},\"datePublished\":\"2022-01-27T12:12:52+00:00\",\"dateModified\":\"2026-03-31T11:22:52+00:00\",\"description\":\"Fabricantes de hornos de carb\u00f3n profesionales, parrillas y asadores durante 35 a\u00f1os. Ofrecemos productos de la m\u00e1s alta calidad para el sector Horeca.\",\"breadcrumb\":{\"@id\":\"https:\\\/\\\/roastergrills.com\\\/es\\\/sobre-nosotros\\\/#breadcrumb\"},\"inLanguage\":\"es\",\"potentialAction\":[{\"@type\":\"ReadAction\",\"target\":[\"https:\\\/\\\/roastergrills.com\\\/es\\\/sobre-nosotros\\\/\"]}]},{\"@type\":\"BreadcrumbList\",\"@id\":\"https:\\\/\\\/roastergrills.com\\\/es\\\/sobre-nosotros\\\/#breadcrumb\",\"itemListElement\":[{\"@type\":\"ListItem\",\"position\":1,\"name\":\"Inicio\",\"item\":\"https:\\\/\\\/roastergrills.com\\\/es\\\/hornos-de-brasa-y-parrillas-profesionales-roaster\\\/\"},{\"@type\":\"ListItem\",\"position\":2,\"name\":\"Sobre nosotros\"}]},{\"@type\":\"WebSite\",\"@id\":\"https:\\\/\\\/roastergrills.com\\\/es\\\/#website\",\"url\":\"https:\\\/\\\/roastergrills.com\\\/es\\\/\",\"name\":\"parrillasroaster\",\"description\":\"Hornos y Parrillas de Carb\u00f3n Comerciales\",\"publisher\":{\"@id\":\"https:\\\/\\\/roastergrills.com\\\/es\\\/#organization\"},\"alternateName\":\"Roaster Ovens\",\"potentialAction\":[{\"@type\":\"SearchAction\",\"target\":{\"@type\":\"EntryPoint\",\"urlTemplate\":\"https:\\\/\\\/roastergrills.com\\\/es\\\/?s={search_term_string}\"},\"query-input\":{\"@type\":\"PropertyValueSpecification\",\"valueRequired\":true,\"valueName\":\"search_term_string\"}}],\"inLanguage\":\"es\"},{\"@type\":\"Organization\",\"@id\":\"https:\\\/\\\/roastergrills.com\\\/es\\\/#organization\",\"name\":\"Roaster Hornos de Carb\u00f3n\",\"alternateName\":\"Roaster Grills\",\"url\":\"https:\\\/\\\/roastergrills.com\\\/es\\\/\",\"logo\":{\"@type\":\"ImageObject\",\"inLanguage\":\"es\",\"@id\":\"https:\\\/\\\/roastergrills.com\\\/es\\\/#\\\/schema\\\/logo\\\/image\\\/\",\"url\":\"https:\\\/\\\/roastergrills.com\\\/wp-content\\\/uploads\\\/2021\\\/12\\\/roaster-charcoal-oven-logo-round.png\",\"contentUrl\":\"https:\\\/\\\/roastergrills.com\\\/wp-content\\\/uploads\\\/2021\\\/12\\\/roaster-charcoal-oven-logo-round.png\",\"width\":400,\"height\":319,\"caption\":\"Roaster Hornos de Carb\u00f3n\"},\"image\":{\"@id\":\"https:\\\/\\\/roastergrills.com\\\/es\\\/#\\\/schema\\\/logo\\\/image\\\/\"},\"sameAs\":[\"https:\\\/\\\/www.facebook.com\\\/RoasterOvens\\\/\",\"https:\\\/\\\/www.instagram.com\\\/roaster_ovens\\\/\",\"https:\\\/\\\/www.linkedin.com\\\/company\\\/biokan-oe\",\"https:\\\/\\\/www.youtube.com\\\/channel\\\/UCjOpxGWZamP7FVeQ2Dx45yA\"]}]}<\/script>\n<!-- \/ Yoast SEO Premium plugin. -->","yoast_head_json":{"title":"Sobre nosotros - parrillasroaster","description":"Fabricantes de hornos de carb\u00f3n profesionales, parrillas y asadores durante 35 a\u00f1os. Ofrecemos productos de la m\u00e1s alta calidad para el sector Horeca.","robots":{"index":"noindex","follow":"follow"},"og_locale":"es_ES","og_type":"article","og_title":"Sobre nosotros","og_description":"Fabricantes de hornos de carb\u00f3n profesionales, parrillas y asadores durante 35 a\u00f1os. Ofrecemos productos de la m\u00e1s alta calidad para el sector Horeca.","og_url":"https:\/\/roastergrills.com\/es\/sobre-nosotros\/","og_site_name":"parrillasroaster","article_publisher":"https:\/\/www.facebook.com\/RoasterOvens\/","article_modified_time":"2026-03-31T11:22:52+00:00","twitter_card":"summary_large_image","twitter_misc":{"Tiempo de lectura":"3 minutos"},"schema":{"@context":"https:\/\/schema.org","@graph":[{"@type":"WebPage","@id":"https:\/\/roastergrills.com\/es\/sobre-nosotros\/","url":"https:\/\/roastergrills.com\/es\/sobre-nosotros\/","name":"Sobre nosotros - parrillasroaster","isPartOf":{"@id":"https:\/\/roastergrills.com\/es\/#website"},"datePublished":"2022-01-27T12:12:52+00:00","dateModified":"2026-03-31T11:22:52+00:00","description":"Fabricantes de hornos de carb\u00f3n profesionales, parrillas y asadores durante 35 a\u00f1os. Ofrecemos productos de la m\u00e1s alta calidad para el sector Horeca.","breadcrumb":{"@id":"https:\/\/roastergrills.com\/es\/sobre-nosotros\/#breadcrumb"},"inLanguage":"es","potentialAction":[{"@type":"ReadAction","target":["https:\/\/roastergrills.com\/es\/sobre-nosotros\/"]}]},{"@type":"BreadcrumbList","@id":"https:\/\/roastergrills.com\/es\/sobre-nosotros\/#breadcrumb","itemListElement":[{"@type":"ListItem","position":1,"name":"Inicio","item":"https:\/\/roastergrills.com\/es\/hornos-de-brasa-y-parrillas-profesionales-roaster\/"},{"@type":"ListItem","position":2,"name":"Sobre nosotros"}]},{"@type":"WebSite","@id":"https:\/\/roastergrills.com\/es\/#website","url":"https:\/\/roastergrills.com\/es\/","name":"parrillasroaster","description":"Hornos y Parrillas de Carb\u00f3n Comerciales","publisher":{"@id":"https:\/\/roastergrills.com\/es\/#organization"},"alternateName":"Roaster Ovens","potentialAction":[{"@type":"SearchAction","target":{"@type":"EntryPoint","urlTemplate":"https:\/\/roastergrills.com\/es\/?s={search_term_string}"},"query-input":{"@type":"PropertyValueSpecification","valueRequired":true,"valueName":"search_term_string"}}],"inLanguage":"es"},{"@type":"Organization","@id":"https:\/\/roastergrills.com\/es\/#organization","name":"Roaster Hornos de Carb\u00f3n","alternateName":"Roaster Grills","url":"https:\/\/roastergrills.com\/es\/","logo":{"@type":"ImageObject","inLanguage":"es","@id":"https:\/\/roastergrills.com\/es\/#\/schema\/logo\/image\/","url":"https:\/\/roastergrills.com\/wp-content\/uploads\/2021\/12\/roaster-charcoal-oven-logo-round.png","contentUrl":"https:\/\/roastergrills.com\/wp-content\/uploads\/2021\/12\/roaster-charcoal-oven-logo-round.png","width":400,"height":319,"caption":"Roaster Hornos de Carb\u00f3n"},"image":{"@id":"https:\/\/roastergrills.com\/es\/#\/schema\/logo\/image\/"},"sameAs":["https:\/\/www.facebook.com\/RoasterOvens\/","https:\/\/www.instagram.com\/roaster_ovens\/","https:\/\/www.linkedin.com\/company\/biokan-oe","https:\/\/www.youtube.com\/channel\/UCjOpxGWZamP7FVeQ2Dx45yA"]}]}},"_links":{"self":[{"href":"https:\/\/roastergrills.com\/es\/wp-json\/wp\/v2\/pages\/269944","targetHints":{"allow":["GET"]}}],"collection":[{"href":"https:\/\/roastergrills.com\/es\/wp-json\/wp\/v2\/pages"}],"about":[{"href":"https:\/\/roastergrills.com\/es\/wp-json\/wp\/v2\/types\/page"}],"author":[{"embeddable":true,"href":"https:\/\/roastergrills.com\/es\/wp-json\/wp\/v2\/users\/1"}],"replies":[{"embeddable":true,"href":"https:\/\/roastergrills.com\/es\/wp-json\/wp\/v2\/comments?post=269944"}],"version-history":[{"count":1,"href":"https:\/\/roastergrills.com\/es\/wp-json\/wp\/v2\/pages\/269944\/revisions"}],"predecessor-version":[{"id":269945,"href":"https:\/\/roastergrills.com\/es\/wp-json\/wp\/v2\/pages\/269944\/revisions\/269945"}],"wp:attachment":[{"href":"https:\/\/roastergrills.com\/es\/wp-json\/wp\/v2\/media?parent=269944"}],"wp:term":[{"taxonomy":"category","embeddable":true,"href":"https:\/\/roastergrills.com\/es\/wp-json\/wp\/v2\/categories?post=269944"},{"taxonomy":"post_tag","embeddable":true,"href":"https:\/\/roastergrills.com\/es\/wp-json\/wp\/v2\/tags?post=269944"}],"curies":[{"name":"wp","href":"https:\/\/api.w.org\/{rel}","templated":true}]}}