{"id":269970,"date":"2022-01-27T14:12:52","date_gmt":"2022-01-27T12:12:52","guid":{"rendered":"https:\/\/roastergrills.com\/a-propos-de-nous\/"},"modified":"2026-03-31T15:30:30","modified_gmt":"2026-03-31T13:30:30","slug":"a-propos-de-nous","status":"publish","type":"page","link":"https:\/\/roastergrills.com\/fr\/a-propos-de-nous\/","title":{"rendered":"\u00c0 propos de nous"},"content":{"rendered":"\t\t<div data-elementor-type=\"wp-page\" data-elementor-id=\"269970\" class=\"elementor elementor-269970 elementor-357\" data-elementor-post-type=\"page\">\n\t\t\t\t<div class=\"elementor-element elementor-element-1112d9c elementor-hidden-desktop elementor-hidden-tablet elementor-hidden-mobile e-flex e-con-boxed e-con e-parent\" data-id=\"1112d9c\" data-element_type=\"container\" data-e-type=\"container\">\n\t\t\t\t\t<div class=\"e-con-inner\">\n\t\t\t\t<div class=\"elementor-element elementor-element-eee2afb elementor-widget elementor-widget-heading\" data-id=\"eee2afb\" data-element_type=\"widget\" data-e-type=\"widget\" data-widget_type=\"heading.default\">\n\t\t\t\t\t<h1 class=\"elementor-heading-title elementor-size-default\">\u00c0 propos de nous<\/h1>\t\t\t\t<\/div>\n\t\t\t\t\t<\/div>\n\t\t\t\t<\/div>\n\t\t\t\t<section class=\"elementor-section elementor-top-section elementor-element elementor-element-140b1d8 elementor-section-boxed elementor-section-height-default elementor-section-height-default\" data-id=\"140b1d8\" data-element_type=\"section\" data-e-type=\"section\">\n\t\t\t\t\t\t<div class=\"elementor-container elementor-column-gap-default\">\n\t\t\t\t\t<div class=\"elementor-column elementor-col-50 elementor-top-column elementor-element elementor-element-5d9d170\" data-id=\"5d9d170\" data-element_type=\"column\" data-e-type=\"column\">\n\t\t\t<div class=\"elementor-widget-wrap elementor-element-populated\">\n\t\t\t\t\t\t<div class=\"elementor-element elementor-element-5318f5d elementor-widget elementor-widget-text-editor\" data-id=\"5318f5d\" data-element_type=\"widget\" data-e-type=\"widget\" data-widget_type=\"text-editor.default\">\n\t\t\t\t\t\t\t\t\t<h3><strong>PROFIL DE L&rsquo;ENTREPRISE<\/strong><\/h3>\nNotre entreprise, BIOKAN G.P., a \u00e9t\u00e9 fond\u00e9e en 1988 et son si\u00e8ge social se trouve \u00e0 Kozani, en Gr\u00e8ce. Depuis lors, nous fabriquons des constructions en acier inoxydable pour les restaurants et autres \u00e9tablissements de restauration. \n\nAu cours des derni\u00e8res ann\u00e9es, nous nous sommes sp\u00e9cialis\u00e9s dans la fabrication de hottes d&rsquo;extraction pour cuisines professionnelles, de fours \u00e0 charbon et de r\u00f4tissoires avec un grand succ\u00e8s. Ce qui nous a conduits \u00e0 ce succ\u00e8s, c&rsquo;est le savoir-faire et notre personnel exp\u00e9riment\u00e9 ainsi que nos machines d&rsquo;avant-garde. Nous poss\u00e9dons l&rsquo;une des lignes de production de constructions en acier inoxydable les plus avanc\u00e9es technologiquement en Gr\u00e8ce.  \n\nPar cons\u00e9quent, nous fabriquons des produits de haute qualit\u00e9, qui allient design moderne et fonctionnalit\u00e9, aux prix les plus comp\u00e9titifs.\t\t\t\t\t\t\t\t<\/div>\n\t\t\t\t\t<\/div>\n\t\t<\/div>\n\t\t\t\t<div class=\"elementor-column elementor-col-50 elementor-top-column elementor-element elementor-element-406ca21\" data-id=\"406ca21\" data-element_type=\"column\" data-e-type=\"column\">\n\t\t\t<div class=\"elementor-widget-wrap elementor-element-populated\">\n\t\t\t\t\t\t<div class=\"elementor-element elementor-element-f580e9c elementor-widget elementor-widget-video\" data-id=\"f580e9c\" data-element_type=\"widget\" data-e-type=\"widget\" data-settings=\"{&quot;youtube_url&quot;:&quot;https:\\\/\\\/youtu.be\\\/c_0hCzmBsOY&quot;,&quot;video_type&quot;:&quot;youtube&quot;,&quot;controls&quot;:&quot;yes&quot;}\" data-widget_type=\"video.default\">\n\t\t\t\t\t\t\t<div class=\"elementor-wrapper elementor-open-inline\">\n\t\t\t<div class=\"elementor-video\"><\/div>\t\t<\/div>\n\t\t\t\t\t\t<\/div>\n\t\t\t\t\t<\/div>\n\t\t<\/div>\n\t\t\t\t\t<\/div>\n\t\t<\/section>\n\t\t\t\t<section class=\"elementor-section elementor-top-section elementor-element elementor-element-c770a7f elementor-section-boxed elementor-section-height-default elementor-section-height-default\" data-id=\"c770a7f\" data-element_type=\"section\" data-e-type=\"section\">\n\t\t\t\t\t\t<div class=\"elementor-container elementor-column-gap-default\">\n\t\t\t\t\t<div class=\"elementor-column elementor-col-100 elementor-top-column elementor-element elementor-element-6f61fdf\" data-id=\"6f61fdf\" data-element_type=\"column\" data-e-type=\"column\">\n\t\t\t<div class=\"elementor-widget-wrap elementor-element-populated\">\n\t\t\t\t\t\t<div class=\"elementor-element elementor-element-6a889f1 elementor-widget elementor-widget-text-editor\" data-id=\"6a889f1\" data-element_type=\"widget\" data-e-type=\"widget\" data-widget_type=\"text-editor.default\">\n\t\t\t\t\t\t\t\t\t<h3>INSTALLATIONS<\/h3>\nNos installations de fabrication sont situ\u00e9es dans la zone industrielle de Kozani en Gr\u00e8ce. Sur les 1 700 m\u00b2 de nos \u00e9tablissements en propri\u00e9t\u00e9 se trouve une ligne de production compl\u00e8te comprenant des machines CNC et LASER, un entrep\u00f4t organis\u00e9 ainsi que des bureaux administratifs. \n\nLe si\u00e8ge social de BIOKAN G.P. se trouve \u00e0 Ath\u00e8nes.\n\nLa ligne de production BIOKAN utilise le logiciel Epoptia qui g\u00e8re le volume de production et fournit un suivi de la production en temps r\u00e9el, ainsi que la gestion et le contr\u00f4le.\t\t\t\t\t\t\t\t<\/div>\n\t\t\t\t\t<\/div>\n\t\t<\/div>\n\t\t\t\t\t<\/div>\n\t\t<\/section>\n\t\t\t\t<section class=\"elementor-section elementor-top-section elementor-element elementor-element-9991822 elementor-section-boxed elementor-section-height-default elementor-section-height-default\" data-id=\"9991822\" data-element_type=\"section\" data-e-type=\"section\">\n\t\t\t\t\t\t<div class=\"elementor-container elementor-column-gap-default\">\n\t\t\t\t\t<div class=\"elementor-column elementor-col-100 elementor-top-column elementor-element elementor-element-abee5ab\" data-id=\"abee5ab\" data-element_type=\"column\" data-e-type=\"column\">\n\t\t\t<div class=\"elementor-widget-wrap elementor-element-populated\">\n\t\t\t\t\t\t<div class=\"elementor-element elementor-element-26d5921 elementor-widget elementor-widget-text-editor\" data-id=\"26d5921\" data-element_type=\"widget\" data-e-type=\"widget\" data-widget_type=\"text-editor.default\">\n\t\t\t\t\t\t\t\t\t<h3>PRODUITS ET SERVICES<\/h3>\nNous fabriquons et proposons \u00e0 nos clients une large gamme de produits d&rsquo;\u00e9quipement de cuisine professionnelle en acier inoxydable, tels que des hottes d&rsquo;extraction, des fours \u00e0 charbon, des fours \u00e0 pizza au bois\/gaz, des r\u00f4tissoires \u00e0 charbon et des grills. Nous offrons \u00e9galement des services de conseil concernant l&rsquo;installation de hottes d&rsquo;extraction et la disposition de l&rsquo;\u00e9quipement professionnel dans les cuisines commerciales. \t\t\t\t\t\t\t\t<\/div>\n\t\t\t\t\t<\/div>\n\t\t<\/div>\n\t\t\t\t\t<\/div>\n\t\t<\/section>\n\t\t\t\t<section class=\"elementor-section elementor-top-section elementor-element elementor-element-f8fc9ab elementor-section-boxed elementor-section-height-default elementor-section-height-default\" data-id=\"f8fc9ab\" data-element_type=\"section\" data-e-type=\"section\">\n\t\t\t\t\t\t<div class=\"elementor-container elementor-column-gap-default\">\n\t\t\t\t\t<div class=\"elementor-column elementor-col-100 elementor-top-column elementor-element elementor-element-bd186ac\" data-id=\"bd186ac\" data-element_type=\"column\" data-e-type=\"column\">\n\t\t\t<div class=\"elementor-widget-wrap elementor-element-populated\">\n\t\t\t\t\t\t<div class=\"elementor-element elementor-element-6045e90 elementor-widget elementor-widget-text-editor\" data-id=\"6045e90\" data-element_type=\"widget\" data-e-type=\"widget\" data-widget_type=\"text-editor.default\">\n\t\t\t\t\t\t\t\t\t<h3>INNOVATION<\/h3>\nBIOKAN croit en l&rsquo;am\u00e9lioration continue. Nos ing\u00e9nieurs d\u00e9veloppent et recon\u00e7oivent constamment les produits afin qu&rsquo;ils puissent r\u00e9pondre aux besoins de nos clients. BIOKAN s&rsquo;efforce de construire des produits plus efficaces, plus faciles \u00e0 installer et \u00e0 entretenir, et des produits qui r\u00e9pondent aux normes les plus \u00e9lev\u00e9es.  \n\nCe sont les objectifs qui nous ont conduits \u00e0 des id\u00e9es innovantes telles que le syst\u00e8me de contr\u00f4le du flux d&rsquo;air (AFC), qui peut \u00eatre install\u00e9 dans les hottes d&rsquo;extraction commerciales \u00e0 compensation, afin de r\u00e9guler manuellement le flux d&rsquo;air entrant. Les r\u00f4tissoires \u00e0 broche motoris\u00e9es \u00e0 charbon sont \u00e9galement innovantes, car un moteur individuel est plac\u00e9 sur chaque axe pour de meilleures performances. \t\t\t\t\t\t\t\t<\/div>\n\t\t\t\t\t<\/div>\n\t\t<\/div>\n\t\t\t\t\t<\/div>\n\t\t<\/section>\n\t\t\t\t<section class=\"elementor-section elementor-top-section elementor-element elementor-element-909ac31 elementor-section-boxed elementor-section-height-default elementor-section-height-default\" data-id=\"909ac31\" data-element_type=\"section\" data-e-type=\"section\">\n\t\t\t\t\t\t<div class=\"elementor-container elementor-column-gap-default\">\n\t\t\t\t\t<div class=\"elementor-column elementor-col-100 elementor-top-column elementor-element elementor-element-fb65ea1\" data-id=\"fb65ea1\" data-element_type=\"column\" data-e-type=\"column\">\n\t\t\t<div class=\"elementor-widget-wrap elementor-element-populated\">\n\t\t\t\t\t\t<div class=\"elementor-element elementor-element-fffa729 elementor-widget elementor-widget-text-editor\" data-id=\"fffa729\" data-element_type=\"widget\" data-e-type=\"widget\" data-widget_type=\"text-editor.default\">\n\t\t\t\t\t\t\t\t\t<h3>NOTRE VISION<\/h3>\nNotre vision est de continuer \u00e0 \u00eatre une entreprise centr\u00e9e sur le client, ce qui a d\u00e9termin\u00e9 notre d\u00e9veloppement, notre expansion commerciale et notre strat\u00e9gie depuis notre fondation, et de continuer \u00e0 fournir \u00e0 nos clients des produits et services de haute qualit\u00e9 \u00e0 des prix \u00e9quitables. Par cons\u00e9quent, nous avons \u00e9tabli des relations commerciales durables et fructueuses avec les entreprises avec lesquelles nous avons coop\u00e9r\u00e9 au cours des derni\u00e8res ann\u00e9es. Nous offrons toujours \u00e0 nos clients le meilleur support avant-vente et apr\u00e8s-vente.  \n\nPar cons\u00e9quent, nous avons \u00e9tabli des relations commerciales durables et fructueuses avec les entreprises avec lesquelles nous avons coop\u00e9r\u00e9 au cours des derni\u00e8res ann\u00e9es.\t\t\t\t\t\t\t\t<\/div>\n\t\t\t\t\t<\/div>\n\t\t<\/div>\n\t\t\t\t\t<\/div>\n\t\t<\/section>\n\t\t\t\t<\/div>\n\t\t","protected":false},"excerpt":{"rendered":"<p>\u00c0 propos de nous PROFIL DE L&rsquo;ENTREPRISE Notre entreprise, BIOKAN G.P., a \u00e9t\u00e9 fond\u00e9e en 1988 et son si\u00e8ge social se trouve \u00e0 Kozani, en Gr\u00e8ce. Depuis lors, nous fabriquons des constructions en acier inoxydable pour les restaurants et autres \u00e9tablissements de restauration. Au cours des derni\u00e8res ann\u00e9es, nous nous sommes sp\u00e9cialis\u00e9s dans la fabrication [&hellip;]<\/p>\n","protected":false},"author":1,"featured_media":0,"parent":0,"menu_order":0,"comment_status":"closed","ping_status":"closed","template":"","meta":{"footnotes":""},"categories":[102],"tags":[],"class_list":["post-269970","page","type-page","status-publish","hentry","category-autre"],"yoast_head":"<!-- This site is optimized with the Yoast SEO Premium plugin v27.3 (Yoast SEO v27.3) - https:\/\/yoast.com\/product\/yoast-seo-premium-wordpress\/ -->\n<title>\u00c0 propos de nous - roastergrills<\/title>\n<meta name=\"description\" content=\"Fabricants de fours \u00e0 charbon, grills et r\u00f4tissoires professionnels depuis 35 ans. Nous proposons des produits de la plus haute qualit\u00e9 pour le secteur HoReCa.\" \/>\n<meta name=\"robots\" content=\"noindex, follow\" \/>\n<meta property=\"og:locale\" content=\"fr_FR\" \/>\n<meta property=\"og:type\" content=\"article\" \/>\n<meta property=\"og:title\" content=\"\u00c0 propos de nous\" \/>\n<meta property=\"og:description\" content=\"Fabricants de fours \u00e0 charbon, grills et r\u00f4tissoires professionnels depuis 35 ans. Nous proposons des produits de la plus haute qualit\u00e9 pour le secteur HoReCa.\" \/>\n<meta property=\"og:url\" content=\"https:\/\/roastergrills.com\/fr\/a-propos-de-nous\/\" \/>\n<meta property=\"og:site_name\" content=\"roastergrills\" \/>\n<meta property=\"article:publisher\" content=\"https:\/\/www.facebook.com\/RoasterOvens\/\" \/>\n<meta property=\"article:modified_time\" content=\"2026-03-31T13:30:30+00:00\" \/>\n<meta name=\"twitter:card\" content=\"summary_large_image\" \/>\n<meta name=\"twitter:label1\" content=\"Dur\u00e9e de lecture estim\u00e9e\" \/>\n\t<meta name=\"twitter:data1\" content=\"3 minutes\" \/>\n<script type=\"application\/ld+json\" class=\"yoast-schema-graph\">{\"@context\":\"https:\\\/\\\/schema.org\",\"@graph\":[{\"@type\":\"WebPage\",\"@id\":\"https:\\\/\\\/roastergrills.com\\\/fr\\\/a-propos-de-nous\\\/\",\"url\":\"https:\\\/\\\/roastergrills.com\\\/fr\\\/a-propos-de-nous\\\/\",\"name\":\"\u00c0 propos de nous - roastergrills\",\"isPartOf\":{\"@id\":\"https:\\\/\\\/roastergrills.com\\\/fr\\\/#website\"},\"datePublished\":\"2022-01-27T12:12:52+00:00\",\"dateModified\":\"2026-03-31T13:30:30+00:00\",\"description\":\"Fabricants de fours \u00e0 charbon, grills et r\u00f4tissoires professionnels depuis 35 ans. Nous proposons des produits de la plus haute qualit\u00e9 pour le secteur HoReCa.\",\"breadcrumb\":{\"@id\":\"https:\\\/\\\/roastergrills.com\\\/fr\\\/a-propos-de-nous\\\/#breadcrumb\"},\"inLanguage\":\"fr-FR\",\"potentialAction\":[{\"@type\":\"ReadAction\",\"target\":[\"https:\\\/\\\/roastergrills.com\\\/fr\\\/a-propos-de-nous\\\/\"]}]},{\"@type\":\"BreadcrumbList\",\"@id\":\"https:\\\/\\\/roastergrills.com\\\/fr\\\/a-propos-de-nous\\\/#breadcrumb\",\"itemListElement\":[{\"@type\":\"ListItem\",\"position\":1,\"name\":\"Accueil\",\"item\":\"https:\\\/\\\/roastergrills.com\\\/fr\\\/roaster-fours-a-charbon-de-bois-professionnels-et-grils\\\/\"},{\"@type\":\"ListItem\",\"position\":2,\"name\":\"\u00c0 propos de nous\"}]},{\"@type\":\"WebSite\",\"@id\":\"https:\\\/\\\/roastergrills.com\\\/fr\\\/#website\",\"url\":\"https:\\\/\\\/roastergrills.com\\\/fr\\\/\",\"name\":\"roastergrills\",\"description\":\"Fours et grills \u00e0 charbon professionnels\",\"publisher\":{\"@id\":\"https:\\\/\\\/roastergrills.com\\\/fr\\\/#organization\"},\"alternateName\":\"Roaster Ovens\",\"potentialAction\":[{\"@type\":\"SearchAction\",\"target\":{\"@type\":\"EntryPoint\",\"urlTemplate\":\"https:\\\/\\\/roastergrills.com\\\/fr\\\/?s={search_term_string}\"},\"query-input\":{\"@type\":\"PropertyValueSpecification\",\"valueRequired\":true,\"valueName\":\"search_term_string\"}}],\"inLanguage\":\"fr-FR\"},{\"@type\":\"Organization\",\"@id\":\"https:\\\/\\\/roastergrills.com\\\/fr\\\/#organization\",\"name\":\"Roaster Fours \u00e0 charbon\",\"alternateName\":\"Roaster Grills\",\"url\":\"https:\\\/\\\/roastergrills.com\\\/fr\\\/\",\"logo\":{\"@type\":\"ImageObject\",\"inLanguage\":\"fr-FR\",\"@id\":\"https:\\\/\\\/roastergrills.com\\\/fr\\\/#\\\/schema\\\/logo\\\/image\\\/\",\"url\":\"https:\\\/\\\/roastergrills.com\\\/wp-content\\\/uploads\\\/2021\\\/12\\\/roaster-charcoal-oven-logo-round.png\",\"contentUrl\":\"https:\\\/\\\/roastergrills.com\\\/wp-content\\\/uploads\\\/2021\\\/12\\\/roaster-charcoal-oven-logo-round.png\",\"width\":400,\"height\":319,\"caption\":\"Roaster Fours \u00e0 charbon\"},\"image\":{\"@id\":\"https:\\\/\\\/roastergrills.com\\\/fr\\\/#\\\/schema\\\/logo\\\/image\\\/\"},\"sameAs\":[\"https:\\\/\\\/www.facebook.com\\\/RoasterOvens\\\/\",\"https:\\\/\\\/www.instagram.com\\\/roaster_ovens\\\/\",\"https:\\\/\\\/www.linkedin.com\\\/company\\\/biokan-oe\",\"https:\\\/\\\/www.youtube.com\\\/channel\\\/UCjOpxGWZamP7FVeQ2Dx45yA\"]}]}<\/script>\n<!-- \/ Yoast SEO Premium plugin. -->","yoast_head_json":{"title":"\u00c0 propos de nous - roastergrills","description":"Fabricants de fours \u00e0 charbon, grills et r\u00f4tissoires professionnels depuis 35 ans. Nous proposons des produits de la plus haute qualit\u00e9 pour le secteur HoReCa.","robots":{"index":"noindex","follow":"follow"},"og_locale":"fr_FR","og_type":"article","og_title":"\u00c0 propos de nous","og_description":"Fabricants de fours \u00e0 charbon, grills et r\u00f4tissoires professionnels depuis 35 ans. Nous proposons des produits de la plus haute qualit\u00e9 pour le secteur HoReCa.","og_url":"https:\/\/roastergrills.com\/fr\/a-propos-de-nous\/","og_site_name":"roastergrills","article_publisher":"https:\/\/www.facebook.com\/RoasterOvens\/","article_modified_time":"2026-03-31T13:30:30+00:00","twitter_card":"summary_large_image","twitter_misc":{"Dur\u00e9e de lecture estim\u00e9e":"3 minutes"},"schema":{"@context":"https:\/\/schema.org","@graph":[{"@type":"WebPage","@id":"https:\/\/roastergrills.com\/fr\/a-propos-de-nous\/","url":"https:\/\/roastergrills.com\/fr\/a-propos-de-nous\/","name":"\u00c0 propos de nous - roastergrills","isPartOf":{"@id":"https:\/\/roastergrills.com\/fr\/#website"},"datePublished":"2022-01-27T12:12:52+00:00","dateModified":"2026-03-31T13:30:30+00:00","description":"Fabricants de fours \u00e0 charbon, grills et r\u00f4tissoires professionnels depuis 35 ans. Nous proposons des produits de la plus haute qualit\u00e9 pour le secteur HoReCa.","breadcrumb":{"@id":"https:\/\/roastergrills.com\/fr\/a-propos-de-nous\/#breadcrumb"},"inLanguage":"fr-FR","potentialAction":[{"@type":"ReadAction","target":["https:\/\/roastergrills.com\/fr\/a-propos-de-nous\/"]}]},{"@type":"BreadcrumbList","@id":"https:\/\/roastergrills.com\/fr\/a-propos-de-nous\/#breadcrumb","itemListElement":[{"@type":"ListItem","position":1,"name":"Accueil","item":"https:\/\/roastergrills.com\/fr\/roaster-fours-a-charbon-de-bois-professionnels-et-grils\/"},{"@type":"ListItem","position":2,"name":"\u00c0 propos de nous"}]},{"@type":"WebSite","@id":"https:\/\/roastergrills.com\/fr\/#website","url":"https:\/\/roastergrills.com\/fr\/","name":"roastergrills","description":"Fours et grills \u00e0 charbon professionnels","publisher":{"@id":"https:\/\/roastergrills.com\/fr\/#organization"},"alternateName":"Roaster Ovens","potentialAction":[{"@type":"SearchAction","target":{"@type":"EntryPoint","urlTemplate":"https:\/\/roastergrills.com\/fr\/?s={search_term_string}"},"query-input":{"@type":"PropertyValueSpecification","valueRequired":true,"valueName":"search_term_string"}}],"inLanguage":"fr-FR"},{"@type":"Organization","@id":"https:\/\/roastergrills.com\/fr\/#organization","name":"Roaster Fours \u00e0 charbon","alternateName":"Roaster Grills","url":"https:\/\/roastergrills.com\/fr\/","logo":{"@type":"ImageObject","inLanguage":"fr-FR","@id":"https:\/\/roastergrills.com\/fr\/#\/schema\/logo\/image\/","url":"https:\/\/roastergrills.com\/wp-content\/uploads\/2021\/12\/roaster-charcoal-oven-logo-round.png","contentUrl":"https:\/\/roastergrills.com\/wp-content\/uploads\/2021\/12\/roaster-charcoal-oven-logo-round.png","width":400,"height":319,"caption":"Roaster Fours \u00e0 charbon"},"image":{"@id":"https:\/\/roastergrills.com\/fr\/#\/schema\/logo\/image\/"},"sameAs":["https:\/\/www.facebook.com\/RoasterOvens\/","https:\/\/www.instagram.com\/roaster_ovens\/","https:\/\/www.linkedin.com\/company\/biokan-oe","https:\/\/www.youtube.com\/channel\/UCjOpxGWZamP7FVeQ2Dx45yA"]}]}},"_links":{"self":[{"href":"https:\/\/roastergrills.com\/fr\/wp-json\/wp\/v2\/pages\/269970","targetHints":{"allow":["GET"]}}],"collection":[{"href":"https:\/\/roastergrills.com\/fr\/wp-json\/wp\/v2\/pages"}],"about":[{"href":"https:\/\/roastergrills.com\/fr\/wp-json\/wp\/v2\/types\/page"}],"author":[{"embeddable":true,"href":"https:\/\/roastergrills.com\/fr\/wp-json\/wp\/v2\/users\/1"}],"replies":[{"embeddable":true,"href":"https:\/\/roastergrills.com\/fr\/wp-json\/wp\/v2\/comments?post=269970"}],"version-history":[{"count":3,"href":"https:\/\/roastergrills.com\/fr\/wp-json\/wp\/v2\/pages\/269970\/revisions"}],"predecessor-version":[{"id":270786,"href":"https:\/\/roastergrills.com\/fr\/wp-json\/wp\/v2\/pages\/269970\/revisions\/270786"}],"wp:attachment":[{"href":"https:\/\/roastergrills.com\/fr\/wp-json\/wp\/v2\/media?parent=269970"}],"wp:term":[{"taxonomy":"category","embeddable":true,"href":"https:\/\/roastergrills.com\/fr\/wp-json\/wp\/v2\/categories?post=269970"},{"taxonomy":"post_tag","embeddable":true,"href":"https:\/\/roastergrills.com\/fr\/wp-json\/wp\/v2\/tags?post=269970"}],"curies":[{"name":"wp","href":"https:\/\/api.w.org\/{rel}","templated":true}]}}