{"id":270032,"date":"2022-01-27T16:17:02","date_gmt":"2022-01-27T14:17:02","guid":{"rendered":"https:\/\/roastergrills.com\/politique-de-confidentialite\/"},"modified":"2026-03-31T13:25:56","modified_gmt":"2026-03-31T11:25:56","slug":"politique-de-confidentialite","status":"publish","type":"page","link":"https:\/\/roastergrills.com\/fr\/politique-de-confidentialite\/","title":{"rendered":"Politique de confidentialit\u00e9"},"content":{"rendered":"\t\t<div data-elementor-type=\"wp-page\" data-elementor-id=\"270032\" class=\"elementor elementor-270032 elementor-369\" data-elementor-post-type=\"page\">\n\t\t\t\t\t\t<section class=\"elementor-section elementor-top-section elementor-element elementor-element-4fea3dde elementor-section-boxed elementor-section-height-default elementor-section-height-default\" data-id=\"4fea3dde\" data-element_type=\"section\" data-e-type=\"section\">\n\t\t\t\t\t\t<div class=\"elementor-container elementor-column-gap-default\">\n\t\t\t\t\t<div class=\"elementor-column elementor-col-100 elementor-top-column elementor-element elementor-element-3ff3b83d\" data-id=\"3ff3b83d\" data-element_type=\"column\" data-e-type=\"column\">\n\t\t\t<div class=\"elementor-widget-wrap elementor-element-populated\">\n\t\t\t\t\t\t<div class=\"elementor-element elementor-element-5ef1bcb elementor-widget elementor-widget-text-editor\" data-id=\"5ef1bcb\" data-element_type=\"widget\" data-e-type=\"widget\" data-widget_type=\"text-editor.default\">\n\t\t\t\t\t\t\t\t\t<p><strong style=\"color: inherit; font-family: inherit; font-size: 2rem;\">Politique de confidentialit\u00e9<\/strong><\/p><p data-wahfont=\"16\">Chez BIOKAN G.P., notre priorit\u00e9 absolue est la protection de vos donn\u00e9es et informations personnelles, quelle que soit la mani\u00e8re dont vous nous contactez ou collaborez avec nous.<\/p><p data-wahfont=\"16\">Nous travaillons en permanence \u00e0 traiter et \u00e0 stocker correctement les informations que vous partagez avec nous.<\/p><p data-wahfont=\"16\">Cette politique s\u2019applique \u00e0 toutes les personnes physiques et morales qui travaillent avec notre entreprise, telles que les clients actuels ou anciens, les employ\u00e9s, les fournisseurs ou d\u2019autres associ\u00e9s.<\/p><p data-wahfont=\"16\">Nous collectons et utilisons vos informations pour notre compte, sur la base de votre consentement ou lorsque la loi l\u2019exige.<\/p><p data-wahfont=\"16\">Les donn\u00e9es personnelles sont d\u00e9finies comme toute information pouvant conduire \u00e0 votre identification unique ou \u00e0 votre identification en tant que personne physique, directement ou en combinaison avec d\u2019autres informations.<\/p><p data-wahfont=\"16\">Certains de ces \u00e9l\u00e9ments sont votre historique de recherche sur Internet (fichiers journaux, cookies, etc.), votre num\u00e9ro d\u2019immatriculation \u00e0 la s\u00e9curit\u00e9 sociale, votre adresse postale et \u00e9lectronique, votre nom, vos num\u00e9ros de t\u00e9l\u00e9phone fixe et mobile, vos cartes bancaires\/de d\u00e9bit\/pr\u00e9pay\u00e9es, vos adresses e-mail, votre num\u00e9ro de TVA, des donn\u00e9es d\u2019\u00e9valuation et toute autre information conduisant \u00e0 votre identification unique conform\u00e9ment aux dispositions du R\u00e8glement g\u00e9n\u00e9ral sur la protection des donn\u00e9es (RGPD 2016\/679), \u00e0 la l\u00e9gislation grecque en vigueur et aux d\u00e9cisions de l\u2019Autorit\u00e9 de protection des donn\u00e9es personnelles (APDPX).<\/p><p data-wahfont=\"16\">Chez BIOKAN G.P., nous construisons et investissons dans des partenariats, tout en appr\u00e9ciant grandement la confiance que vous nous accordez.<\/p><h2 data-wahfont=\"32\"><strong>Quelles informations collectons-nous et comment<\/strong><\/h2><p data-wahfont=\"16\">Selon le type de collaboration que nous avons, vous nous fournissez des informations directes telles que le pr\u00e9nom, le nom, le num\u00e9ro d\u2019identification fiscale, l\u2019e-mail personnel ou professionnel, l\u2019adresse postale pour l\u2019\u00e9mission d\u2019une facture ou d\u2019un autre document l\u00e9gal, les coordonn\u00e9es de compte bancaire ou de carte bancaire pour les cas de virement, ainsi que d\u2019autres informations pertinentes au service que nous fournissons. Pour utiliser nos services, nous garantissons que nous vous demanderons le minimum de donn\u00e9es personnelles et toujours conform\u00e9ment aux lois et r\u00e9glementations applicables. <\/p><p data-wahfont=\"16\">Les informations ci-dessus sont collect\u00e9es dans les cas suivants :<\/p><ul><li>Lorsque vous visitez notre site web et que vous demandez \u00e0 nous contacter.<\/li><li>Lors de la commande de nos produits ou services.<\/li><li>Via le centre d\u2019appels.<\/li><li>Via les services d\u2019assistance.<\/li><\/ul><p data-wahfont=\"16\">En plus des informations que vous nous fournissez, nous pouvons collecter des informations de connexion concernant votre visite sur notre site web, via des cookies. Ces informations comprennent l\u2019heure et la dur\u00e9e de votre visite, ainsi que d\u2019autres donn\u00e9es stock\u00e9es dans les cookies. <\/p><p data-wahfont=\"16\">La soci\u00e9t\u00e9 \u0392\u0399\u039f\u039a\u0391\u039d \u039f.\u0395. collecte et utilise vos donn\u00e9es personnelles en fonction de la dur\u00e9e d\u2019utilisation des services propos\u00e9s et en combinaison avec la nature financi\u00e8re, juridique ou autre de la coop\u00e9ration entre vous, toujours dans le cadre des lois et r\u00e9glementations applicables et selon la finalit\u00e9 de traitement correspondante. \u00c0 l\u2019issue de cette p\u00e9riode de coop\u00e9ration, elle les d\u00e9truit.<\/p><h2 data-wahfont=\"32\"><strong>Via des tiers<\/strong><\/h2><p data-wahfont=\"16\">Nous pouvons collecter des informations vous concernant ou les combiner avec d\u2019autres que vous nous fournissez directement, via des soci\u00e9t\u00e9s tierces ou des r\u00e9seaux sociaux, toujours dans les limites autoris\u00e9es par la loi. <\/p><p data-wahfont=\"16\">\u00c0 titre indicatif, nous collectons des informations que vous avez publi\u00e9es ou auxquelles vous avez consenti aupr\u00e8s d\u2019entreprises telles que Google, LinkedIn, Facebook, Twitter, Instagram.<\/p><h2 data-wahfont=\"32\">Politique de collecte des donn\u00e9es des mineurs<\/h2><p data-wahfont=\"16\">Nous pr\u00e9cisons que, pour l\u2019ex\u00e9cution de nos services et de notre travail, nous ne collectons ni ne traitons d\u2019informations, et nous ne fournissons pas nos services \u00e0 des personnes de moins de 18 ans.<\/p><h2 data-wahfont=\"32\">Transfert de donn\u00e9es \u00e0 des tiers et \u00e0 des pays tiers<\/h2><p data-wahfont=\"16\">La soci\u00e9t\u00e9 \u0392\u0399\u039f\u039a\u0391\u039d \u039f.\u0395. ne transmet pas de donn\u00e9es personnelles \u00e0 des tiers, sauf aux partenaires ou fournisseurs n\u00e9cessaires \u00e0 l\u2019ex\u00e9cution des obligations commerciales et l\u00e9gales de l\u2019entreprise.<\/p><p data-wahfont=\"16\">Les partenaires externes de l\u2019entreprise sont :<\/p><ul><li>Conseillers juridiques<\/li><li>Conseillers financiers et en gestion<\/li><li>Auditeurs et comptables<\/li><\/ul><p data-wahfont=\"16\">Tous les acteurs ci-dessus sont li\u00e9s par des accords de conservation et de traitement des donn\u00e9es et, conform\u00e9ment au RGPD, sont tenus d\u2019assurer la confidentialit\u00e9 et la protection de ces donn\u00e9es.<\/p><p data-wahfont=\"16\">La soci\u00e9t\u00e9 \u0392\u0399\u039f\u039a\u0391\u039d \u039f.\u0395. ne transmet pas de donn\u00e9es personnelles \u00e0 des pays tiers.<\/p><p data-wahfont=\"16\">La soci\u00e9t\u00e9 \u0392\u0399\u039f\u039a\u0391\u039d \u039f.\u0395. met en place, en tout \u00e9tat de cause, les moyens organisationnels et techniques appropri\u00e9s pour le stockage et la protection de vos donn\u00e9es personnelles, toujours conform\u00e9ment \u00e0 la l\u00e9gislation applicable.<\/p><h2 data-wahfont=\"32\">Conservation des donn\u00e9es personnelles<\/h2><p data-wahfont=\"16\">La soci\u00e9t\u00e9 \u0392\u0399\u039f\u039a\u0391\u039d \u039f.\u0395. conserve et traite les informations et donn\u00e9es qu\u2019elle collecte aussi longtemps que dure la relation commerciale avec tout partenaire, ainsi que pour l\u2019ex\u00e9cution de toutes les obligations l\u00e9gales et autres. Elle a \u00e9galement, via une proc\u00e9dure interne, d\u00e9sign\u00e9 la personne responsable de la gestion des donn\u00e9es personnelles.<\/p><p data-wahfont=\"16\">Les donn\u00e9es sont supprim\u00e9es :<\/p><ul><li>\u00c0 votre demande ou en cas d\u2019opposition au traitement, sauf s\u2019il existe des motifs l\u00e9gaux de conserver ces donn\u00e9es.<\/li><li>En cas de retrait de votre consentement, apr\u00e8s que les donn\u00e9es ont \u00e9t\u00e9 trait\u00e9es sur cette base.<\/li><li>Lorsque les donn\u00e9es ne sont plus n\u00e9cessaires aux finalit\u00e9s pour lesquelles elles ont \u00e9t\u00e9 collect\u00e9es ou trait\u00e9es, ou lorsqu\u2019elles ne r\u00e9pondent pas \u00e0 une obligation l\u00e9gale.<\/li><\/ul><h2 data-wahfont=\"32\"><strong>Utilisation des donn\u00e9es<\/strong><\/h2><p data-wahfont=\"16\">Nous pouvons utiliser ou traiter les donn\u00e9es que nous collectons aux fins d\u00e9crites ci-dessous :<\/p><ul><li>Pour vous informer sur des services ou des offres susceptibles de vous int\u00e9resser.<\/li><li>Pour promouvoir vos services et produits, si vous nous avez donn\u00e9 votre consentement ou si nous disposons d\u2019une base l\u00e9gale.<\/li><li>\u00c0 d\u2019autres fins marketing, telles que la newsletter de l\u2019entreprise (Newsletter), des success stories et d\u2019autres activit\u00e9s promotionnelles.<\/li><li>Pour la fourniture de codes et de mots de passe \u00e0 utiliser dans des cas de DEMO du logiciel ou lors de sa commande.<\/li><li>Pour le respect de nos obligations dans le cadre de notre coop\u00e9ration.<\/li><li>Pour votre inscription \u00e0 notre service ou sur ce site web.<\/li><li>Pour toutes les actions requises afin de fournir une assistance logicielle, telles qu\u2019une plateforme de base de connaissances ou un acc\u00e8s \u00e0 distance.<\/li><li>Pour les mises \u00e0 niveau, les nouvelles fonctionnalit\u00e9s et d\u2019autres actions.<\/li><\/ul><p data-wahfont=\"16\">\u00c0 tout moment, vous pouvez soumettre une demande visant \u00e0 arr\u00eater le traitement ou le stockage de vos donn\u00e9es personnelles \u00e0 l\u2019adresse <a href=\"mailto:mail@biokan.gr\" data-wahfont=\"16\">mail@biokan.gr<\/a><\/p><h2 data-wahfont=\"32\"><strong>S\u2019abonner \u00e0 la newsletter. Droits et acc\u00e8s <\/strong><\/h2><p data-wahfont=\"16\">La soci\u00e9t\u00e9 \u0392\u0399\u039f\u039a\u0391\u039d \u039f.\u0395., responsable du stockage et du traitement de vos donn\u00e9es personnelles, en vous inscrivant \u00e0 la liste des destinataires de la newsletter, recueille votre consentement pour vous envoyer des informations concernant l\u2019actualit\u00e9 de l\u2019entreprise, de nouveaux services, des offres et des produits.<\/p><p data-wahfont=\"16\">La soci\u00e9t\u00e9 \u0392\u0399\u039f\u039a\u0391\u039d \u039f.\u0395. ne transmettra ni ne vendra aucune de vos donn\u00e9es personnelles \u00e0 des tiers \u00e0 des fins marketing. Vos donn\u00e9es personnelles \u00e0 ces fins seront utilis\u00e9es uniquement par la soci\u00e9t\u00e9 VIOKAN OE.<\/p><p data-wahfont=\"16\">L\u2019inscription \u00e0 la newsletter et votre d\u00e9claration de consentement prennent effet de la mani\u00e8re suivante :<\/p><ul><li>Sur demande \u00e9crite des personnes int\u00e9ress\u00e9es.<\/li><li>Lors de la commande de services ou de produits.<\/li><li>En envoyant une demande de mise \u00e0 jour logicielle depuis le site web.<\/li><\/ul><p data-wahfont=\"16\">La validit\u00e9 de la d\u00e9claration de consentement est respect\u00e9e pendant toute la p\u00e9riode durant laquelle vous recevez la newsletter et pendant 6 mois apr\u00e8s l\u2019arr\u00eat de son envoi.<\/p><p data-wahfont=\"16\">Vous avez le droit de retirer votre consentement en suivant le lien au bas de chaque newsletter.<\/p><p data-wahfont=\"16\">Vous avez \u00e9galement le droit de<\/p><ul><li>Acc\u00e9der aux donn\u00e9es que nous stockons et traitons et en demander communication.<\/li><li>Limiter le traitement. En soumettant une demande, nous ne traiterons plus vos donn\u00e9es. <\/li><li>Vous opposer au traitement ou r\u00e9voquer votre consentement. Vous ne recevrez plus de newsletter de notre part. <\/li><li>Supprimer vos donn\u00e9es personnelles<\/li><\/ul><p data-wahfont=\"16\">Vous pouvez exercer ces droits en envoyant une demande \u00e0 l\u2019adresse e-mail : mail@biokan.gr<\/p><p data-wahfont=\"16\">Veuillez noter que tout retrait du consentement n\u2019affecte pas la l\u00e9galit\u00e9 du traitement fond\u00e9 sur le consentement avant qu\u2019il ne soit retir\u00e9 ou r\u00e9voqu\u00e9 par vous.<\/p><h2 data-wahfont=\"32\"><strong>R\u00e9clamation aupr\u00e8s de l\u2019Autorit\u00e9 de protection des donn\u00e9es personnelles<\/strong><\/h2><p data-wahfont=\"16\">Si vous estimez que le traitement de vos donn\u00e9es personnelles viole la l\u00e9gislation sur la protection des donn\u00e9es personnelles, vous pouvez d\u00e9poser une r\u00e9clamation aupr\u00e8s de l\u2019Autorit\u00e9 de protection des donn\u00e9es personnelles <a href=\"http:\/\/www.dpa.gr\/\" data-wahfont=\"16\">www.dpa.gr<\/a><\/p><p data-wahfont=\"16\">Avant de d\u00e9poser la r\u00e9clamation, vous devez nous contacter en exer\u00e7ant vos droits ci-dessus conform\u00e9ment au RGPD. Si nous ne satisfaisons pas vos demandes, ou si notre r\u00e9ponse est jug\u00e9e insuffisante, vous avez le droit de d\u00e9poser une r\u00e9clamation aupr\u00e8s de l\u2019Autorit\u00e9 de protection des donn\u00e9es personnelles www.dpa.gr <\/p><p data-wahfont=\"16\">Veuillez nous contacter pour toute question ou clarification concernant le traitement de vos donn\u00e9es personnelles et l\u2019exercice de vos droits.<\/p><h2 data-wahfont=\"32\"><strong>Politique relative aux cookies<\/strong><\/h2><p data-wahfont=\"16\">Notre site web www.biokan.gr, conform\u00e9ment au projet de directive de r\u00e8glement E-Privacy 2009\/136\/CE de l\u2019UE, utilise des cookies.<\/p><p data-wahfont=\"16\">Cela se fait sans stockage d\u2019informations identifiables des visiteurs du site web, mais afin de leur offrir la meilleure exp\u00e9rience possible, personnalis\u00e9e.<\/p><p data-wahfont=\"16\">Nous utilisons des cookies (Google Analytics) pour conna\u00eetre<\/p><ul><li>Le nombre de nos visiteurs.<\/li><li>Pour surveiller le trafic des pages individuelles.<\/li><li>La dur\u00e9e du trafic.<\/li><\/ul><p data-wahfont=\"16\">L\u2019objectif de ce qui pr\u00e9c\u00e8de est d\u2019am\u00e9liorer le contenu et d\u2019adapter le site web aux pr\u00e9f\u00e9rences de nos visiteurs afin qu\u2019ils b\u00e9n\u00e9ficient d\u2019une meilleure exp\u00e9rience de navigation et de recherche.<\/p><p data-wahfont=\"16\">Les cookies sont de petits fichiers texte stock\u00e9s dans le navigateur de l\u2019utilisateur lorsqu\u2019il visite une page web. Des d\u00e9tails tels que la date et l\u2019heure de la visite, les pages visit\u00e9es sont stock\u00e9s dans les informations des cookies. <\/p><p data-wahfont=\"16\">En analysant ces donn\u00e9es et en utilisant des cookies, nous offrons au visiteur une visite compl\u00e8te.<\/p><p data-wahfont=\"16\">Si vous ne souhaitez pas stocker de cookies, veuillez configurer votre navigateur afin qu\u2019il ne stocke pas de cookies.<\/p><h2 data-wahfont=\"32\"><strong>S\u00e9curit\u00e9 et conservation des donn\u00e9es<\/strong><\/h2><p data-wahfont=\"16\">La soci\u00e9t\u00e9 BIOKAN OE comprend que la s\u00e9curit\u00e9 de vos donn\u00e9es personnelles est tr\u00e8s importante et, \u00e0 cette fin, a pris des mesures techniques et organisationnelles en d\u00e9signant une personne responsable de la gestion des donn\u00e9es personnelles, en formant et en informant le personnel, et en utilisant des pare-feu et des syst\u00e8mes de protection sp\u00e9cifiques.<\/p><p data-wahfont=\"16\">Toutefois, il est pr\u00e9cis\u00e9 que tant que les informations et les donn\u00e9es se trouvent sur des sites web et sont transmises via Internet, aucun syst\u00e8me informatique n\u2019est totalement s\u00e9curis\u00e9.<\/p><h2 data-wahfont=\"32\"><strong>Langue<\/strong><\/h2><p data-wahfont=\"16\">La langue applicable \u00e0 la pr\u00e9sente politique de confidentialit\u00e9 est le grec. Par cons\u00e9quent, en cas de contradiction entre les versions fournies dans d\u2019autres langues, la version grecque pr\u00e9vaudra. <\/p><h2 data-wahfont=\"32\"><strong>Validit\u00e9 et modifications du texte de confidentialit\u00e9<\/strong><\/h2><p data-wahfont=\"16\">La soci\u00e9t\u00e9 BIOKAN OE a publi\u00e9 cette politique le 26\/06\/19 et se r\u00e9serve le droit de l\u2019am\u00e9liorer ou de la r\u00e9viser p\u00e9riodiquement.<\/p><p data-wahfont=\"16\">En cas de modifications ou de r\u00e9visions de l\u2019utilisation de nos services, et si une version mise \u00e0 jour ou r\u00e9vis\u00e9e de notre politique a \u00e9t\u00e9 publi\u00e9e, vous acceptez automatiquement les nouvelles pratiques contenues dans la mise \u00e0 jour.<\/p><p data-wahfont=\"16\">La derni\u00e8re mise \u00e0 jour figurera toujours sur notre site web www.biokan.gr et nous vous sugg\u00e9rons de v\u00e9rifier fr\u00e9quemment les \u00e9ventuels changements, ainsi que la date de r\u00e9vision, afin de savoir quand la politique de confidentialit\u00e9 a \u00e9t\u00e9 mise \u00e0 jour pour la derni\u00e8re fois.<\/p><p data-wahfont=\"16\">Date de r\u00e9vision de la politique de confidentialit\u00e9.<\/p><p data-wahfont=\"16\">10 octobre 2019<\/p>\t\t\t\t\t\t\t\t<\/div>\n\t\t\t\t\t<\/div>\n\t\t<\/div>\n\t\t\t\t\t<\/div>\n\t\t<\/section>\n\t\t\t\t<\/div>\n\t\t","protected":false},"excerpt":{"rendered":"<p>Politique de confidentialit\u00e9 Chez BIOKAN G.P., notre priorit\u00e9 absolue est la protection de vos donn\u00e9es et informations personnelles, quelle que soit la mani\u00e8re dont vous nous contactez ou collaborez avec nous. Nous travaillons en permanence \u00e0 traiter et \u00e0 stocker correctement les informations que vous partagez avec nous. Cette politique s\u2019applique \u00e0 toutes les personnes [&hellip;]<\/p>\n","protected":false},"author":1,"featured_media":0,"parent":0,"menu_order":0,"comment_status":"closed","ping_status":"closed","template":"","meta":{"footnotes":""},"categories":[102],"tags":[],"class_list":["post-270032","page","type-page","status-publish","hentry","category-autre"],"yoast_head":"<!-- This site is optimized with the Yoast SEO Premium plugin v27.3 (Yoast SEO v27.3) - https:\/\/yoast.com\/product\/yoast-seo-premium-wordpress\/ -->\n<title>Politique de confidentialit\u00e9 - roastergrills<\/title>\n<meta name=\"robots\" content=\"noindex, nofollow\" \/>\n<meta property=\"og:locale\" content=\"fr_FR\" \/>\n<meta property=\"og:type\" content=\"article\" \/>\n<meta property=\"og:title\" content=\"Politique de confidentialit\u00e9\" \/>\n<meta property=\"og:description\" content=\"Politique de confidentialit\u00e9 Chez BIOKAN G.P., notre priorit\u00e9 absolue est la protection de vos donn\u00e9es et informations personnelles, quelle que soit la mani\u00e8re dont vous nous contactez ou collaborez avec nous. Nous travaillons en permanence \u00e0 traiter et \u00e0 stocker correctement les informations que vous partagez avec nous. Cette politique s\u2019applique \u00e0 toutes les personnes [&hellip;]\" \/>\n<meta property=\"og:url\" content=\"https:\/\/roastergrills.com\/fr\/politique-de-confidentialite\/\" \/>\n<meta property=\"og:site_name\" content=\"roastergrills\" \/>\n<meta property=\"article:publisher\" content=\"https:\/\/www.facebook.com\/RoasterOvens\/\" \/>\n<meta property=\"article:modified_time\" content=\"2026-03-31T11:25:56+00:00\" \/>\n<meta name=\"twitter:card\" content=\"summary_large_image\" \/>\n<meta name=\"twitter:label1\" content=\"Dur\u00e9e de lecture estim\u00e9e\" \/>\n\t<meta name=\"twitter:data1\" content=\"10 minutes\" \/>\n<script type=\"application\/ld+json\" class=\"yoast-schema-graph\">{\"@context\":\"https:\\\/\\\/schema.org\",\"@graph\":[{\"@type\":\"WebPage\",\"@id\":\"https:\\\/\\\/roastergrills.com\\\/fr\\\/politique-de-confidentialite\\\/\",\"url\":\"https:\\\/\\\/roastergrills.com\\\/fr\\\/politique-de-confidentialite\\\/\",\"name\":\"Politique de confidentialit\u00e9 - roastergrills\",\"isPartOf\":{\"@id\":\"https:\\\/\\\/roastergrills.com\\\/fr\\\/#website\"},\"datePublished\":\"2022-01-27T14:17:02+00:00\",\"dateModified\":\"2026-03-31T11:25:56+00:00\",\"breadcrumb\":{\"@id\":\"https:\\\/\\\/roastergrills.com\\\/fr\\\/politique-de-confidentialite\\\/#breadcrumb\"},\"inLanguage\":\"fr-FR\",\"potentialAction\":[{\"@type\":\"ReadAction\",\"target\":[\"https:\\\/\\\/roastergrills.com\\\/fr\\\/politique-de-confidentialite\\\/\"]}]},{\"@type\":\"BreadcrumbList\",\"@id\":\"https:\\\/\\\/roastergrills.com\\\/fr\\\/politique-de-confidentialite\\\/#breadcrumb\",\"itemListElement\":[{\"@type\":\"ListItem\",\"position\":1,\"name\":\"Accueil\",\"item\":\"https:\\\/\\\/roastergrills.com\\\/fr\\\/roaster-fours-a-charbon-de-bois-professionnels-et-grils\\\/\"},{\"@type\":\"ListItem\",\"position\":2,\"name\":\"Politique de confidentialit\u00e9\"}]},{\"@type\":\"WebSite\",\"@id\":\"https:\\\/\\\/roastergrills.com\\\/fr\\\/#website\",\"url\":\"https:\\\/\\\/roastergrills.com\\\/fr\\\/\",\"name\":\"roastergrills\",\"description\":\"Fours et grills \u00e0 charbon professionnels\",\"publisher\":{\"@id\":\"https:\\\/\\\/roastergrills.com\\\/fr\\\/#organization\"},\"alternateName\":\"Roaster Ovens\",\"potentialAction\":[{\"@type\":\"SearchAction\",\"target\":{\"@type\":\"EntryPoint\",\"urlTemplate\":\"https:\\\/\\\/roastergrills.com\\\/fr\\\/?s={search_term_string}\"},\"query-input\":{\"@type\":\"PropertyValueSpecification\",\"valueRequired\":true,\"valueName\":\"search_term_string\"}}],\"inLanguage\":\"fr-FR\"},{\"@type\":\"Organization\",\"@id\":\"https:\\\/\\\/roastergrills.com\\\/fr\\\/#organization\",\"name\":\"Roaster Fours \u00e0 charbon\",\"alternateName\":\"Roaster Grills\",\"url\":\"https:\\\/\\\/roastergrills.com\\\/fr\\\/\",\"logo\":{\"@type\":\"ImageObject\",\"inLanguage\":\"fr-FR\",\"@id\":\"https:\\\/\\\/roastergrills.com\\\/fr\\\/#\\\/schema\\\/logo\\\/image\\\/\",\"url\":\"https:\\\/\\\/roastergrills.com\\\/wp-content\\\/uploads\\\/2021\\\/12\\\/roaster-charcoal-oven-logo-round.png\",\"contentUrl\":\"https:\\\/\\\/roastergrills.com\\\/wp-content\\\/uploads\\\/2021\\\/12\\\/roaster-charcoal-oven-logo-round.png\",\"width\":400,\"height\":319,\"caption\":\"Roaster Fours \u00e0 charbon\"},\"image\":{\"@id\":\"https:\\\/\\\/roastergrills.com\\\/fr\\\/#\\\/schema\\\/logo\\\/image\\\/\"},\"sameAs\":[\"https:\\\/\\\/www.facebook.com\\\/RoasterOvens\\\/\",\"https:\\\/\\\/www.instagram.com\\\/roaster_ovens\\\/\",\"https:\\\/\\\/www.linkedin.com\\\/company\\\/biokan-oe\",\"https:\\\/\\\/www.youtube.com\\\/channel\\\/UCjOpxGWZamP7FVeQ2Dx45yA\"]}]}<\/script>\n<!-- \/ Yoast SEO Premium plugin. -->","yoast_head_json":{"title":"Politique de confidentialit\u00e9 - roastergrills","robots":{"index":"noindex","follow":"nofollow"},"og_locale":"fr_FR","og_type":"article","og_title":"Politique de confidentialit\u00e9","og_description":"Politique de confidentialit\u00e9 Chez BIOKAN G.P., notre priorit\u00e9 absolue est la protection de vos donn\u00e9es et informations personnelles, quelle que soit la mani\u00e8re dont vous nous contactez ou collaborez avec nous. Nous travaillons en permanence \u00e0 traiter et \u00e0 stocker correctement les informations que vous partagez avec nous. Cette politique s\u2019applique \u00e0 toutes les personnes [&hellip;]","og_url":"https:\/\/roastergrills.com\/fr\/politique-de-confidentialite\/","og_site_name":"roastergrills","article_publisher":"https:\/\/www.facebook.com\/RoasterOvens\/","article_modified_time":"2026-03-31T11:25:56+00:00","twitter_card":"summary_large_image","twitter_misc":{"Dur\u00e9e de lecture estim\u00e9e":"10 minutes"},"schema":{"@context":"https:\/\/schema.org","@graph":[{"@type":"WebPage","@id":"https:\/\/roastergrills.com\/fr\/politique-de-confidentialite\/","url":"https:\/\/roastergrills.com\/fr\/politique-de-confidentialite\/","name":"Politique de confidentialit\u00e9 - roastergrills","isPartOf":{"@id":"https:\/\/roastergrills.com\/fr\/#website"},"datePublished":"2022-01-27T14:17:02+00:00","dateModified":"2026-03-31T11:25:56+00:00","breadcrumb":{"@id":"https:\/\/roastergrills.com\/fr\/politique-de-confidentialite\/#breadcrumb"},"inLanguage":"fr-FR","potentialAction":[{"@type":"ReadAction","target":["https:\/\/roastergrills.com\/fr\/politique-de-confidentialite\/"]}]},{"@type":"BreadcrumbList","@id":"https:\/\/roastergrills.com\/fr\/politique-de-confidentialite\/#breadcrumb","itemListElement":[{"@type":"ListItem","position":1,"name":"Accueil","item":"https:\/\/roastergrills.com\/fr\/roaster-fours-a-charbon-de-bois-professionnels-et-grils\/"},{"@type":"ListItem","position":2,"name":"Politique de confidentialit\u00e9"}]},{"@type":"WebSite","@id":"https:\/\/roastergrills.com\/fr\/#website","url":"https:\/\/roastergrills.com\/fr\/","name":"roastergrills","description":"Fours et grills \u00e0 charbon professionnels","publisher":{"@id":"https:\/\/roastergrills.com\/fr\/#organization"},"alternateName":"Roaster Ovens","potentialAction":[{"@type":"SearchAction","target":{"@type":"EntryPoint","urlTemplate":"https:\/\/roastergrills.com\/fr\/?s={search_term_string}"},"query-input":{"@type":"PropertyValueSpecification","valueRequired":true,"valueName":"search_term_string"}}],"inLanguage":"fr-FR"},{"@type":"Organization","@id":"https:\/\/roastergrills.com\/fr\/#organization","name":"Roaster Fours \u00e0 charbon","alternateName":"Roaster Grills","url":"https:\/\/roastergrills.com\/fr\/","logo":{"@type":"ImageObject","inLanguage":"fr-FR","@id":"https:\/\/roastergrills.com\/fr\/#\/schema\/logo\/image\/","url":"https:\/\/roastergrills.com\/wp-content\/uploads\/2021\/12\/roaster-charcoal-oven-logo-round.png","contentUrl":"https:\/\/roastergrills.com\/wp-content\/uploads\/2021\/12\/roaster-charcoal-oven-logo-round.png","width":400,"height":319,"caption":"Roaster Fours \u00e0 charbon"},"image":{"@id":"https:\/\/roastergrills.com\/fr\/#\/schema\/logo\/image\/"},"sameAs":["https:\/\/www.facebook.com\/RoasterOvens\/","https:\/\/www.instagram.com\/roaster_ovens\/","https:\/\/www.linkedin.com\/company\/biokan-oe","https:\/\/www.youtube.com\/channel\/UCjOpxGWZamP7FVeQ2Dx45yA"]}]}},"_links":{"self":[{"href":"https:\/\/roastergrills.com\/fr\/wp-json\/wp\/v2\/pages\/270032","targetHints":{"allow":["GET"]}}],"collection":[{"href":"https:\/\/roastergrills.com\/fr\/wp-json\/wp\/v2\/pages"}],"about":[{"href":"https:\/\/roastergrills.com\/fr\/wp-json\/wp\/v2\/types\/page"}],"author":[{"embeddable":true,"href":"https:\/\/roastergrills.com\/fr\/wp-json\/wp\/v2\/users\/1"}],"replies":[{"embeddable":true,"href":"https:\/\/roastergrills.com\/fr\/wp-json\/wp\/v2\/comments?post=270032"}],"version-history":[{"count":1,"href":"https:\/\/roastergrills.com\/fr\/wp-json\/wp\/v2\/pages\/270032\/revisions"}],"predecessor-version":[{"id":270033,"href":"https:\/\/roastergrills.com\/fr\/wp-json\/wp\/v2\/pages\/270032\/revisions\/270033"}],"wp:attachment":[{"href":"https:\/\/roastergrills.com\/fr\/wp-json\/wp\/v2\/media?parent=270032"}],"wp:term":[{"taxonomy":"category","embeddable":true,"href":"https:\/\/roastergrills.com\/fr\/wp-json\/wp\/v2\/categories?post=270032"},{"taxonomy":"post_tag","embeddable":true,"href":"https:\/\/roastergrills.com\/fr\/wp-json\/wp\/v2\/tags?post=270032"}],"curies":[{"name":"wp","href":"https:\/\/api.w.org\/{rel}","templated":true}]}}