{"id":268283,"date":"2022-01-27T16:13:04","date_gmt":"2022-01-27T14:13:04","guid":{"rendered":"https:\/\/roastergrills.com\/termini-generali-e-condizioni-di-vendita\/"},"modified":"2026-03-31T15:30:31","modified_gmt":"2026-03-31T13:30:31","slug":"termini-generali-e-condizioni-di-vendita","status":"publish","type":"page","link":"https:\/\/roastergrills.com\/it\/termini-generali-e-condizioni-di-vendita\/","title":{"rendered":"Termini generali e condizioni di vendita"},"content":{"rendered":"\t\t<div data-elementor-type=\"wp-page\" data-elementor-id=\"268283\" class=\"elementor elementor-268283 elementor-366\" data-elementor-post-type=\"page\">\n\t\t\t\t\t\t<section class=\"elementor-section elementor-top-section elementor-element elementor-element-5f53755a elementor-section-boxed elementor-section-height-default elementor-section-height-default\" data-id=\"5f53755a\" data-element_type=\"section\" data-e-type=\"section\">\n\t\t\t\t\t\t<div class=\"elementor-container elementor-column-gap-default\">\n\t\t\t\t\t<div class=\"elementor-column elementor-col-100 elementor-top-column elementor-element elementor-element-65075156\" data-id=\"65075156\" data-element_type=\"column\" data-e-type=\"column\">\n\t\t\t<div class=\"elementor-widget-wrap elementor-element-populated\">\n\t\t\t\t\t\t<div class=\"elementor-element elementor-element-57696539 elementor-widget elementor-widget-text-editor\" data-id=\"57696539\" data-element_type=\"widget\" data-e-type=\"widget\" data-widget_type=\"text-editor.default\">\n\t\t\t\t\t\t\t\t\t<p class=\"p1\"><strong>TERMINI E CONDIZIONI DI VENDITA<\/strong><\/p><p class=\"p1\"><strong>1. ORDINI: <\/strong><br>\u2022 Tutti gli ordini vengono inviati tramite e-mail e sono validi dopo la conferma del pagamento.<br>\u2022 Per richieste speciali \u00e8 richiesto un disegno con tutti i dettagli e le dimensioni<br>indicati.<br>\u2022 Eventuali variazioni devono essere acconsentite e confermate dalla nostra Societ\u00e0 e saranno valide solo per l&#8217;ordine a cui si riferiscono.<br>\u2022 Una volta che un ordine \u00e8 stato accettato dalla Societ\u00e0, il Cliente pu\u00f2 annullare, variare o sospendere l&#8217;ordine (in tutto o in parte) solo se la Societ\u00e0 acconsente per iscritto a tale annullamento, variazione o sospensione.<\/p><p class=\"p1\">\u2022 Per ogni ordine il Cliente accetta i nostri Termini generali e le condizioni di vendita senza riserve.<\/p><p class=\"p1\"><strong>2. PREZZI:<\/strong><br>\u2022 Tutti i prezzi sono esentasse.<br>\u2022 I prezzi sono soggetti a variazioni senza preavviso formale, a causa dell&#8217;aumento dei costi delle materie prime e della manodopera. Tuttavia, il prezzo indicato al momento dell&#8217;ordine rimane valido. <br>\u2022 Le spese di spedizione, i costi di imballaggio e qualsiasi altro costo accessorio non sono inclusi. Tutti i prezzi si intendono al netto di eventuali tasse o imposte applicate da autorit\u00e0 federali, statali, municipali o altre autorit\u00e0 governative che potrebbero essere applicabili alla vendita, all&#8217;uso, alla consegna o al trasporto della Merce. Quanto sopra, insieme a tutti i dazi, le tariffe, l&#8217;IVA, le spese di intermediazione, l&#8217;assicurazione, il trasporto e<br>le spese di consegna saranno a carico del cliente. Il cliente sar\u00e0 responsabile del pagamento di tali tasse e imposte anche se tutte o parte di esse non sono state<br>aggiunte al prezzo in fattura e dovr\u00e0 pagarne tempestivamente l&#8217;importo su richiesta.   <\/p><p class=\"p1\"><strong>3. PAGAMENTI:<\/strong><\/p><p class=\"p1\">\u2022 Il pagamento del 100% deve essere effettuato in anticipo dopo la conferma dell&#8217;ordine.<\/p><p class=\"p1\">\u2022 I pagamenti effettuati dall&#8217;Acquirente in anticipo alla Societ\u00e0 possono essere accettati come Deposito per prenotare i prodotti. Se l&#8217;Acquirente annulla l&#8217;ordine in qualsiasi momento durante il corso della produzione, \u00e8 responsabile dei costi sostenuti relativi all&#8217;ordine fino a quel momento. Il deposito non \u00e8 rimborsabile per le costruzioni speciali. Se il saldo non viene versato entro un periodo di due (2) mesi dalla conferma dell&#8217;ordine, i prodotti sono considerati disponibili nel magazzino della Societ\u00e0. Al momento del saldo, verr\u00e0 comunicato un nuovo tempo di consegna per l&#8217;ordine.    <\/p><p class=\"p1\">\u2022 I pagamenti anticipati per costruzioni speciali devono coprire il loro valore totale quando sono inclusi in preventivi con prodotti standard.<br>\u2022 I pagamenti possono essere effettuati presso i nostri stabilimenti o tramite bonifico bancario sul conto della nostra societ\u00e0, come indicato nella conferma d&#8217;ordine e in<br>fondo a questa pagina.<br>\u2022 Non sono ammesse approssimazioni, riduzioni arbitrarie o ritardi.<\/p><p class=\"p1\"><strong>4. TERMINI DI CONSEGNA:<\/strong><\/p><p class=\"p1\">\u2022 I tempi di produzione e di consegna approssimativi decorrono dall&#8217;emissione della fattura proforma.<br>\u2022 I tempi di consegna dipendono dalla disponibilit\u00e0 dei prodotti al momento specifico dell&#8217;ordine. I tempi di produzione dipendono dal carico di lavoro al momento specifico della conferma dell&#8217;ordine. <br>\u2022 Tutte le date di consegna sono approssimative e la Societ\u00e0 non garantisce la data di consegna. La Societ\u00e0 non sar\u00e0 responsabile per eventuali ritardi nella consegna o<br>qualsiasi altro inadempimento dovuto a eventi o contingenze, inclusi, a titolo esemplificativo, incendi, inondazioni, embarghi, scioperi, chiusure, serrate, mancata disponibilit\u00e0 di materiali o manodopera dalle consuete fonti di approvvigionamento, restrizioni governative, condizioni considerate di &#8220;forza maggiore&#8221;, ritardi causati da subappaltatori, errori di instradamento o qualsiasi altra circostanza al di fuori del controllo della Societ\u00e0 che impedisca alla stessa di operare nel normale e consueto corso della propria attivit\u00e0. <br>\u2022 Lo scarico della merce sar\u00e0 responsabilit\u00e0 del Cliente e la Societ\u00e0 non sar\u00e0 responsabile per eventuali danni derivanti dallo scarico della merce da parte del Cliente o di chiunque agisca per suo conto, o da parte di dipendenti o agenti del Cliente.<br>\u2022 Quando le merci vengono consegnate in un sito particolare o quando sono soggette a trasbordi, saranno interamente a rischio e responsabilit\u00e0 del Cliente, anche se l&#8217;ordine di spedizione e le modalit\u00e0 di trasporto sono stati predisposti dalla nostra Societ\u00e0 su richiesta dell&#8217;Acquirente.<\/p><p><strong>5. GARANZIA:  <\/strong><\/p><p class=\"p1\">\u2022 BIOKAN GP garantisce una garanzia di UN anno dalla data di acquisto per tutti i<br>prodotti in elenco, contro qualsiasi difetto nei materiali e nei componenti utilizzati<br>durante la loro fabbricazione.<br>\u2022 L&#8217;Acquirente o l&#8217;Utente finale \u00e8 responsabile per qualsiasi danno causato da un uso errato o improprio. L&#8217;Acquirente o l&#8217;Utente finale deve seguire rigorosamente le istruzioni del manuale d&#8217;uso.<br>\u2022 L&#8217;Acquirente deve ispezionare i prodotti immediatamente dopo la consegna e eventuali reclami o contestazioni devono essere inviati via e-mail alla nostra societ\u00e0 entro<br>cinque (5) giorni lavorativi.<br>\u2022 Il rischio di perdita, distruzione o danneggiamento del prodotto durante la spedizione \u00e8 responsabilit\u00e0 dell&#8217;Acquirente o del vettore, anche se l&#8217;ordine di spedizione \u00e8 stato<br>effettuato dalla nostra Societ\u00e0 su richiesta dell&#8217;Acquirente.<br>\u2022 Tutte le riparazioni durante il periodo di garanzia di 12 mesi vengono eseguite nella nostra<br>fabbrica in Grecia. L&#8217;Acquirente \u00e8 responsabile della spedizione dei prodotti e copre esclusivamente i costi di spedizione.  <\/p><p><span style=\"text-decoration: underline;\"><strong>LA GARANZIA NON SAR\u00c0 VALIDA NELLE SEGUENTI<\/strong><\/span><br><span style=\"text-decoration: underline;\"><strong>CIRCOSTANZE<\/strong><\/span><\/p><p><strong>i. <\/strong>Quando l&#8217;Acquirente o l&#8217;Utente finale non segue rigorosamente le istruzioni d&#8217;uso contenute nel manuale.<br><strong>ii.<\/strong> Quando il prodotto \u00e8 stato usato impropriamente, danneggiato o esposto a qualsiasi liquido o sostanza corrosiva o per qualsiasi altro difetto imputabile all&#8217;Acquirente o all&#8217;Utente finale.<br><strong>iii.<\/strong> Quando il prodotto \u00e8 stato modificato o riparato da personale non qualificato.<br><strong>iv.<\/strong> Quando il difetto \u00e8 dovuto alla normale usura del prodotto e delle sue parti a causa dell&#8217;uso prolungato.<br><strong>v.<\/strong> Quando il danno \u00e8 causato da liquidi, sostanze chimiche o prodotti che non dovrebbero essere versati all&#8217;interno del prodotto.<\/p><p class=\"p1\"><strong>6. MARCHIO REGISTRATO<\/strong><\/p><p class=\"p1\">\u2022 Il nome ROASTER \u00e8 ufficialmente registrato e non pu\u00f2 essere utilizzato legalmente da un altro produttore o societ\u00e0.<\/p><p class=\"p1\">\u2022 Non \u00e8 consentito utilizzare il dominio www.roastergrills.xxx<\/p><p>\u2022 \u00c8 necessaria l&#8217;autorizzazione della Societ\u00e0 per utilizzare il marchio o il logo su siti web o qualsiasi altro materiale di marketing, a meno che non sia per scopi editoriali o informativi.<\/p><p class=\"p1\"><strong>7. <\/strong><strong>CONTROVERSIE LEGALI:<\/strong><br>BIOKAN GP e le sue transazioni commerciali saranno regolate dalla legge greca. Per qualsiasi controversia legale, sono competenti i tribunali di Atene, Grecia. <\/p><p>&#8212;&#8212;&#8212;&#8212;&#8212;&#8212;&#8212;&#8212;&#8212;&#8212;&#8212;&#8212;&#8212;&#8212;&#8212;&#8212;&#8212;&#8212;&#8212;&#8212;&#8212;&#8212;&#8212;&#8212;&#8212;&#8212;&#8212;&#8212;&#8212;&#8212;&#8212;&#8212;&#8212;&#8212;&#8212;&#8212;&#8212;&#8212;&#8212;&#8212;&#8212;<br>&#8212;&#8212;&#8212;&#8212;&#8212;&#8212;&#8212;&#8212;&#8212;&#8212;&#8212;&#8212;&#8212;&#8212;&#8212;&#8212;&#8212;&#8212;&#8212;&#8212;&#8212;&#8212;&#8212;&#8212;&#8212;&#8212;&#8212;&#8212;&#8212;&#8212;&#8212;&#8212;&#8212;&#8212;&#8212;&#8212;&#8212;&#8212;&#8212;&#8212;&#8212;<br><strong>DATI BANCARI<\/strong><br>BANCHE CONVENZIONATE:<br>Nome della banca: EFG EUROBANK ERGASIAS<br>Paese: GRECIA<br>Nome del beneficiario: BIOKAN \u039f\u0395<br>IBAN: GR1102602390000730200838130<br>BIC: ERBKGRAAXXX<br>Indirizzo della banca: OTHONOS STREET 8<br>Citt\u00e0 della banca: ATENE<\/p><p class=\"p1\"><strong>DETTAGLI DELLA SOCIET\u00c0<\/strong><br><span style=\"text-decoration: underline;\">INDIRIZZO FABBRICA<\/span><br>2\u00b0 km. Kozanis<br>Neas Nikopolis, 50100, Kozani, GRECIA<br>Tel.: +30 2461 0 36538 <br><span style=\"text-decoration: underline;\">INDIRIZZO SEDE CENTRALE<\/span><br>312 Syggrou<br>Av, Kallithea, 17673, Atene, GRECIA<br>Tel.: +30 21 0 2203458<\/p>\t\t\t\t\t\t\t\t<\/div>\n\t\t\t\t\t<\/div>\n\t\t<\/div>\n\t\t\t\t\t<\/div>\n\t\t<\/section>\n\t\t\t\t<\/div>\n\t\t","protected":false},"excerpt":{"rendered":"<p>TERMINI E CONDIZIONI DI VENDITA 1. ORDINI: \u2022 Tutti gli ordini vengono inviati tramite e-mail e sono validi dopo la conferma del pagamento.\u2022 Per richieste speciali \u00e8 richiesto un disegno con tutti i dettagli e le dimensioniindicati.\u2022 Eventuali variazioni devono essere acconsentite e confermate dalla nostra Societ\u00e0 e saranno valide solo per l&#8217;ordine a cui [&hellip;]<\/p>\n","protected":false},"author":1,"featured_media":0,"parent":0,"menu_order":0,"comment_status":"closed","ping_status":"closed","template":"","meta":{"footnotes":""},"categories":[98],"tags":[],"class_list":["post-268283","page","type-page","status-publish","hentry","category-altro"],"yoast_head":"<!-- This site is optimized with the Yoast SEO Premium plugin v27.4 (Yoast SEO v27.4) - https:\/\/yoast.com\/product\/yoast-seo-premium-wordpress\/ -->\n<title>Termini e condizioni Roaster | roastergrills<\/title>\n<meta name=\"robots\" content=\"noindex, follow\" \/>\n<meta property=\"og:locale\" content=\"it_IT\" \/>\n<meta property=\"og:type\" content=\"article\" \/>\n<meta property=\"og:title\" content=\"Termini generali e condizioni di vendita\" \/>\n<meta property=\"og:description\" content=\"TERMINI E CONDIZIONI DI VENDITA 1. ORDINI: \u2022 Tutti gli ordini vengono inviati tramite e-mail e sono validi dopo la conferma del pagamento.\u2022 Per richieste speciali \u00e8 richiesto un disegno con tutti i dettagli e le dimensioniindicati.\u2022 Eventuali variazioni devono essere acconsentite e confermate dalla nostra Societ\u00e0 e saranno valide solo per l&#8217;ordine a cui [&hellip;]\" \/>\n<meta property=\"og:url\" content=\"https:\/\/roastergrills.com\/it\/termini-generali-e-condizioni-di-vendita\/\" \/>\n<meta property=\"og:site_name\" content=\"roastergrills\" \/>\n<meta property=\"article:publisher\" content=\"https:\/\/www.facebook.com\/RoasterOvens\/\" \/>\n<meta property=\"article:modified_time\" content=\"2026-03-31T13:30:31+00:00\" \/>\n<meta name=\"twitter:card\" content=\"summary_large_image\" \/>\n<meta name=\"twitter:label1\" content=\"Tempo di lettura stimato\" \/>\n\t<meta name=\"twitter:data1\" content=\"5 minuti\" \/>\n<script type=\"application\/ld+json\" class=\"yoast-schema-graph\">{\"@context\":\"https:\\\/\\\/schema.org\",\"@graph\":[{\"@type\":\"WebPage\",\"@id\":\"https:\\\/\\\/roastergrills.com\\\/it\\\/termini-generali-e-condizioni-di-vendita\\\/\",\"url\":\"https:\\\/\\\/roastergrills.com\\\/it\\\/termini-generali-e-condizioni-di-vendita\\\/\",\"name\":\"Termini e condizioni Roaster | roastergrills\",\"isPartOf\":{\"@id\":\"https:\\\/\\\/roastergrills.com\\\/it\\\/#website\"},\"datePublished\":\"2022-01-27T14:13:04+00:00\",\"dateModified\":\"2026-03-31T13:30:31+00:00\",\"breadcrumb\":{\"@id\":\"https:\\\/\\\/roastergrills.com\\\/it\\\/termini-generali-e-condizioni-di-vendita\\\/#breadcrumb\"},\"inLanguage\":\"it-IT\",\"potentialAction\":[{\"@type\":\"ReadAction\",\"target\":[\"https:\\\/\\\/roastergrills.com\\\/it\\\/termini-generali-e-condizioni-di-vendita\\\/\"]}]},{\"@type\":\"BreadcrumbList\",\"@id\":\"https:\\\/\\\/roastergrills.com\\\/it\\\/termini-generali-e-condizioni-di-vendita\\\/#breadcrumb\",\"itemListElement\":[{\"@type\":\"ListItem\",\"position\":1,\"name\":\"Home\",\"item\":\"https:\\\/\\\/roastergrills.com\\\/it\\\/forni-a-carbone-e-grill-professionali-roaster\\\/\"},{\"@type\":\"ListItem\",\"position\":2,\"name\":\"Termini generali e condizioni di vendita\"}]},{\"@type\":\"WebSite\",\"@id\":\"https:\\\/\\\/roastergrills.com\\\/it\\\/#website\",\"url\":\"https:\\\/\\\/roastergrills.com\\\/it\\\/\",\"name\":\"roastergrills\",\"description\":\"Forni e Griglie a Carbone Commerciali\",\"publisher\":{\"@id\":\"https:\\\/\\\/roastergrills.com\\\/it\\\/#organization\"},\"alternateName\":\"Roaster Ovens\",\"potentialAction\":[{\"@type\":\"SearchAction\",\"target\":{\"@type\":\"EntryPoint\",\"urlTemplate\":\"https:\\\/\\\/roastergrills.com\\\/it\\\/?s={search_term_string}\"},\"query-input\":{\"@type\":\"PropertyValueSpecification\",\"valueRequired\":true,\"valueName\":\"search_term_string\"}}],\"inLanguage\":\"it-IT\"},{\"@type\":\"Organization\",\"@id\":\"https:\\\/\\\/roastergrills.com\\\/it\\\/#organization\",\"name\":\"Forni a Carbone Roaster\",\"alternateName\":\"Roaster Grill\",\"url\":\"https:\\\/\\\/roastergrills.com\\\/it\\\/\",\"logo\":{\"@type\":\"ImageObject\",\"inLanguage\":\"it-IT\",\"@id\":\"https:\\\/\\\/roastergrills.com\\\/it\\\/#\\\/schema\\\/logo\\\/image\\\/\",\"url\":\"https:\\\/\\\/roastergrills.com\\\/wp-content\\\/uploads\\\/2021\\\/12\\\/roaster-charcoal-oven-logo-round.png\",\"contentUrl\":\"https:\\\/\\\/roastergrills.com\\\/wp-content\\\/uploads\\\/2021\\\/12\\\/roaster-charcoal-oven-logo-round.png\",\"width\":400,\"height\":319,\"caption\":\"Forni a Carbone Roaster\"},\"image\":{\"@id\":\"https:\\\/\\\/roastergrills.com\\\/it\\\/#\\\/schema\\\/logo\\\/image\\\/\"},\"sameAs\":[\"https:\\\/\\\/www.facebook.com\\\/RoasterOvens\\\/\",\"https:\\\/\\\/www.instagram.com\\\/roaster_ovens\\\/\",\"https:\\\/\\\/www.linkedin.com\\\/company\\\/biokan-oe\",\"https:\\\/\\\/www.youtube.com\\\/channel\\\/UCjOpxGWZamP7FVeQ2Dx45yA\"]}]}<\/script>\n<!-- \/ Yoast SEO Premium plugin. -->","yoast_head_json":{"title":"Termini e condizioni Roaster | roastergrills","robots":{"index":"noindex","follow":"follow"},"og_locale":"it_IT","og_type":"article","og_title":"Termini generali e condizioni di vendita","og_description":"TERMINI E CONDIZIONI DI VENDITA 1. ORDINI: \u2022 Tutti gli ordini vengono inviati tramite e-mail e sono validi dopo la conferma del pagamento.\u2022 Per richieste speciali \u00e8 richiesto un disegno con tutti i dettagli e le dimensioniindicati.\u2022 Eventuali variazioni devono essere acconsentite e confermate dalla nostra Societ\u00e0 e saranno valide solo per l&#8217;ordine a cui [&hellip;]","og_url":"https:\/\/roastergrills.com\/it\/termini-generali-e-condizioni-di-vendita\/","og_site_name":"roastergrills","article_publisher":"https:\/\/www.facebook.com\/RoasterOvens\/","article_modified_time":"2026-03-31T13:30:31+00:00","twitter_card":"summary_large_image","twitter_misc":{"Tempo di lettura stimato":"5 minuti"},"schema":{"@context":"https:\/\/schema.org","@graph":[{"@type":"WebPage","@id":"https:\/\/roastergrills.com\/it\/termini-generali-e-condizioni-di-vendita\/","url":"https:\/\/roastergrills.com\/it\/termini-generali-e-condizioni-di-vendita\/","name":"Termini e condizioni Roaster | roastergrills","isPartOf":{"@id":"https:\/\/roastergrills.com\/it\/#website"},"datePublished":"2022-01-27T14:13:04+00:00","dateModified":"2026-03-31T13:30:31+00:00","breadcrumb":{"@id":"https:\/\/roastergrills.com\/it\/termini-generali-e-condizioni-di-vendita\/#breadcrumb"},"inLanguage":"it-IT","potentialAction":[{"@type":"ReadAction","target":["https:\/\/roastergrills.com\/it\/termini-generali-e-condizioni-di-vendita\/"]}]},{"@type":"BreadcrumbList","@id":"https:\/\/roastergrills.com\/it\/termini-generali-e-condizioni-di-vendita\/#breadcrumb","itemListElement":[{"@type":"ListItem","position":1,"name":"Home","item":"https:\/\/roastergrills.com\/it\/forni-a-carbone-e-grill-professionali-roaster\/"},{"@type":"ListItem","position":2,"name":"Termini generali e condizioni di vendita"}]},{"@type":"WebSite","@id":"https:\/\/roastergrills.com\/it\/#website","url":"https:\/\/roastergrills.com\/it\/","name":"roastergrills","description":"Forni e Griglie a Carbone Commerciali","publisher":{"@id":"https:\/\/roastergrills.com\/it\/#organization"},"alternateName":"Roaster Ovens","potentialAction":[{"@type":"SearchAction","target":{"@type":"EntryPoint","urlTemplate":"https:\/\/roastergrills.com\/it\/?s={search_term_string}"},"query-input":{"@type":"PropertyValueSpecification","valueRequired":true,"valueName":"search_term_string"}}],"inLanguage":"it-IT"},{"@type":"Organization","@id":"https:\/\/roastergrills.com\/it\/#organization","name":"Forni a Carbone Roaster","alternateName":"Roaster Grill","url":"https:\/\/roastergrills.com\/it\/","logo":{"@type":"ImageObject","inLanguage":"it-IT","@id":"https:\/\/roastergrills.com\/it\/#\/schema\/logo\/image\/","url":"https:\/\/roastergrills.com\/wp-content\/uploads\/2021\/12\/roaster-charcoal-oven-logo-round.png","contentUrl":"https:\/\/roastergrills.com\/wp-content\/uploads\/2021\/12\/roaster-charcoal-oven-logo-round.png","width":400,"height":319,"caption":"Forni a Carbone Roaster"},"image":{"@id":"https:\/\/roastergrills.com\/it\/#\/schema\/logo\/image\/"},"sameAs":["https:\/\/www.facebook.com\/RoasterOvens\/","https:\/\/www.instagram.com\/roaster_ovens\/","https:\/\/www.linkedin.com\/company\/biokan-oe","https:\/\/www.youtube.com\/channel\/UCjOpxGWZamP7FVeQ2Dx45yA"]}]}},"_links":{"self":[{"href":"https:\/\/roastergrills.com\/it\/wp-json\/wp\/v2\/pages\/268283","targetHints":{"allow":["GET"]}}],"collection":[{"href":"https:\/\/roastergrills.com\/it\/wp-json\/wp\/v2\/pages"}],"about":[{"href":"https:\/\/roastergrills.com\/it\/wp-json\/wp\/v2\/types\/page"}],"author":[{"embeddable":true,"href":"https:\/\/roastergrills.com\/it\/wp-json\/wp\/v2\/users\/1"}],"replies":[{"embeddable":true,"href":"https:\/\/roastergrills.com\/it\/wp-json\/wp\/v2\/comments?post=268283"}],"version-history":[{"count":3,"href":"https:\/\/roastergrills.com\/it\/wp-json\/wp\/v2\/pages\/268283\/revisions"}],"predecessor-version":[{"id":270794,"href":"https:\/\/roastergrills.com\/it\/wp-json\/wp\/v2\/pages\/268283\/revisions\/270794"}],"wp:attachment":[{"href":"https:\/\/roastergrills.com\/it\/wp-json\/wp\/v2\/media?parent=268283"}],"wp:term":[{"taxonomy":"category","embeddable":true,"href":"https:\/\/roastergrills.com\/it\/wp-json\/wp\/v2\/categories?post=268283"},{"taxonomy":"post_tag","embeddable":true,"href":"https:\/\/roastergrills.com\/it\/wp-json\/wp\/v2\/tags?post=268283"}],"curies":[{"name":"wp","href":"https:\/\/api.w.org\/{rel}","templated":true}]}}