{"id":269893,"date":"2022-01-27T16:17:02","date_gmt":"2022-01-27T14:17:02","guid":{"rendered":"https:\/\/roastergrills.com\/informativa-sulla-privacy\/"},"modified":"2026-03-31T13:22:16","modified_gmt":"2026-03-31T11:22:16","slug":"informativa-sulla-privacy","status":"publish","type":"page","link":"https:\/\/roastergrills.com\/it\/informativa-sulla-privacy\/","title":{"rendered":"Informativa sulla privacy"},"content":{"rendered":"\t\t<div data-elementor-type=\"wp-page\" data-elementor-id=\"269893\" class=\"elementor elementor-269893 elementor-369\" data-elementor-post-type=\"page\">\n\t\t\t\t\t\t<section class=\"elementor-section elementor-top-section elementor-element elementor-element-4fea3dde elementor-section-boxed elementor-section-height-default elementor-section-height-default\" data-id=\"4fea3dde\" data-element_type=\"section\" data-e-type=\"section\">\n\t\t\t\t\t\t<div class=\"elementor-container elementor-column-gap-default\">\n\t\t\t\t\t<div class=\"elementor-column elementor-col-100 elementor-top-column elementor-element elementor-element-3ff3b83d\" data-id=\"3ff3b83d\" data-element_type=\"column\" data-e-type=\"column\">\n\t\t\t<div class=\"elementor-widget-wrap elementor-element-populated\">\n\t\t\t\t\t\t<div class=\"elementor-element elementor-element-5ef1bcb elementor-widget elementor-widget-text-editor\" data-id=\"5ef1bcb\" data-element_type=\"widget\" data-e-type=\"widget\" data-widget_type=\"text-editor.default\">\n\t\t\t\t\t\t\t\t\t<p><strong style=\"color: inherit; font-family: inherit; font-size: 2rem;\">Informativa sulla privacy<\/strong><\/p><p data-wahfont=\"16\">In BIOKAN G.P. la nostra priorit\u00e0 assoluta \u00e8 la protezione dei tuoi dati personali e delle tue informazioni, in qualsiasi forma tu ci contatti o collabori con noi.<\/p><p data-wahfont=\"16\">Lavoriamo costantemente per elaborare e conservare correttamente le informazioni che condividi con noi.<\/p><p data-wahfont=\"16\">Questa politica si applica a tutti gli individui e le aziende che lavorano con la nostra societ\u00e0, come clienti attivi o ex clienti, dipendenti, fornitori o altri associati.<\/p><p data-wahfont=\"16\">Raccogliamo e utilizziamo le tue informazioni per nostro conto, in base al tuo consenso o come richiesto dalla legge.<\/p><p data-wahfont=\"16\">I dati personali sono definiti come qualsiasi informazione che possa portare alla tua identificazione univoca o identificazione come persona fisica, direttamente o in combinazione con altre informazioni.<\/p><p data-wahfont=\"16\">Alcuni di questi elementi sono la cronologia delle ricerche in internet (file di log, cookie, ecc.), il numero di previdenza sociale, il tuo indirizzo fisico ed e-mail, il tuo nome, i tuoi numeri di telefono fisso e mobile, i dati delle tue carte bancarie\/di debito\/prepagate, gli indirizzi e-mail, la partita IVA, i dati di valutazione e qualsiasi altra informazione che porti alla tua identificazione univoca secondo le disposizioni del Regolamento Generale sulla Protezione dei Dati (GDPR 2016\/679), la legislazione greca vigente e le decisioni dell&#8217;Autorit\u00e0 per la Protezione dei Dati Personali (APDPX).<\/p><p data-wahfont=\"16\">In BIOKAN G.P. costruiamo e investiamo in partnership, apprezzando molto la fiducia che ci dimostri.<\/p><h2 data-wahfont=\"32\"><strong>Quali informazioni raccogliamo e come<\/strong><\/h2><p data-wahfont=\"16\">A seconda del tipo di collaborazione, ci fornisci informazioni dirette come nome, cognome, codice fiscale\/partita IVA, e-mail personale o aziendale, indirizzo postale per l&#8217;emissione di una fattura o altro documento legale, coordinate bancarie o della carta per i casi di rimessa e altre informazioni rilevanti per il servizio che forniamo. Per utilizzare i nostri servizi, garantiamo che ti chiederemo il minimo dei dati personali e sempre in conformit\u00e0 con le leggi e i regolamenti applicabili. <\/p><p data-wahfont=\"16\">Le informazioni sopra citate vengono raccolte nei seguenti casi:<\/p><ul><li>Nel caso in cui visiti il nostro sito web e richiedi di contattarci.<\/li><li>In caso di ordine dei nostri prodotti o servizi.<\/li><li>Tramite il call center.<\/li><li>Tramite i servizi di supporto.<\/li><\/ul><p data-wahfont=\"16\">Oltre alle informazioni che ci fornisci, potremmo raccogliere informazioni di accesso riguardanti la tua visita al nostro sito web tramite i cookie. Tali informazioni includono l&#8217;ora e la durata della tua visita, ma anche altre memorizzate nei cookie. <\/p><p data-wahfont=\"16\">La societ\u00e0 \u0392\u0399\u039f\u039a\u0391\u039d \u039f.\u0395. raccoglie e utilizza i tuoi dati personali in base al tempo di utilizzo dei servizi offerti e in combinazione con la natura finanziaria, legale o di altra natura della cooperazione tra le parti, sempre nel quadro delle leggi e dei regolamenti applicabili e in base alla rispettiva finalit\u00e0 del trattamento. Al termine di questo periodo di collaborazione, provvede alla loro distruzione.<\/p><h2 data-wahfont=\"32\"><strong>Tramite terze parti<\/strong><\/h2><p data-wahfont=\"16\">Potremmo raccogliere informazioni su di te o combinarle con altre che ci fornisci direttamente, attraverso societ\u00e0 terze o societ\u00e0 di social networking. Sempre entro i limiti consentiti dalla legge. <\/p><p data-wahfont=\"16\">A titolo indicativo, raccogliamo informazioni che hai pubblicato o per le quali hai dato il consenso da societ\u00e0 come Google, LinkedIn, Facebook, Twitter, Instagram.<\/p><h2 data-wahfont=\"32\">Politica di raccolta dati dei minori<\/h2><p data-wahfont=\"16\">Precisiamo che per l&#8217;esecuzione dei nostri servizi e del nostro lavoro, non raccogliamo, non elaboriamo informazioni n\u00e9 forniamo i nostri servizi a persone di et\u00e0 inferiore ai 18 anni.<\/p><h2 data-wahfont=\"32\">Trasferimento dei dati a terzi e paesi terzi<\/h2><p data-wahfont=\"16\">La societ\u00e0 \u0392\u0399\u039f\u039a\u0391\u039d \u039f.\u0395. non trasmette dati personali a terzi diversi dai partner o fornitori necessari per l&#8217;adempimento degli obblighi aziendali e legali della societ\u00e0.<\/p><p data-wahfont=\"16\">I partner esterni della societ\u00e0 sono:<\/p><ul><li>Consulenti legali<\/li><li>Consulenti finanziari e aziendali<\/li><li>Revisori e commercialisti<\/li><\/ul><p data-wahfont=\"16\">Tutti i soggetti sopra citati sono vincolati da accordi di conservazione e trattamento dei dati e, secondo il GDPR, sono obbligati a garantire la riservatezza e la protezione di tali dati.<\/p><p data-wahfont=\"16\">La societ\u00e0 \u0392\u0399\u039f\u039a\u0391\u039d \u039f.\u0395. non trasmette dati personali a paesi terzi.<\/p><p data-wahfont=\"16\">La societ\u00e0 \u0392\u0399\u039f\u039a\u0391\u039d \u039f.\u0395. adotta in ogni caso gli opportuni mezzi organizzativi e tecnici per la conservazione e la protezione dei tuoi dati personali, sempre in conformit\u00e0 con la legge applicabile.<\/p><h2 data-wahfont=\"32\">Conservazione dei dati personali<\/h2><p data-wahfont=\"16\">La societ\u00e0 \u0392\u0399\u039f\u039a\u0391\u039d \u039f.\u0395. conserva ed elabora le informazioni e i dati che raccoglie per tutta la durata del rapporto commerciale con qualsiasi partner, ma anche per l&#8217;adempimento di tutti gli obblighi legali e di altra natura. Ha inoltre nominato, tramite una procedura interna, il responsabile della gestione dei dati personali.<\/p><p data-wahfont=\"16\">I dati vengono cancellati:<\/p><ul><li>Su tua richiesta o opposizione al trattamento, a meno che non vi siano motivi legali per conservare tali dati.<\/li><li>In caso di revoca del tuo consenso, qualora il trattamento fosse basato su di esso.<\/li><li>Nel caso in cui i dati non siano pi\u00f9 necessari per le finalit\u00e0 per cui sono stati raccolti o elaborati o non siano conformi a un obbligo legale.<\/li><\/ul><h2 data-wahfont=\"32\"><strong>Utilizzo dei dati<\/strong><\/h2><p data-wahfont=\"16\">Potremmo utilizzare o elaborare i dati che raccogliamo per le finalit\u00e0 descritte di seguito:<\/p><ul><li>Per informarti su servizi o offerte che potrebbero interessarti.<\/li><li>Per promuovere i tuoi servizi e prodotti, se ci hai dato il tuo consenso o se siamo legalmente autorizzati.<\/li><li>Per altri scopi di marketing come la newsletter aziendale, storie di successo e altre attivit\u00e0 promozionali.<\/li><li>Per la fornitura di codici e password da utilizzare in casi di DEMO del software o per il suo ordine.<\/li><li>Per l&#8217;osservanza dei nostri obblighi nel contesto della nostra collaborazione.<\/li><li>Per la tua registrazione al nostro servizio o in questo sito web.<\/li><li>Per tutte le azioni necessarie a fornire supporto software, come una piattaforma di knowledge base o l&#8217;accesso remoto.<\/li><li>Per casi di aggiornamenti, nuove funzionalit\u00e0 e altre azioni.<\/li><\/ul><p data-wahfont=\"16\">In qualsiasi momento, puoi inviare una richiesta per interrompere il trattamento o la conservazione dei tuoi dati personali all&#8217;indirizzo <a href=\"mailto:mail@biokan.gr\" data-wahfont=\"16\">mail@biokan.gr<\/a><\/p><h2 data-wahfont=\"32\"><strong>Iscrizione alla Newsletter. Diritti e Accesso <\/strong><\/h2><p data-wahfont=\"16\">La societ\u00e0 \u0392\u0399\u039f\u039a\u0391\u039d \u039f.\u0395. \u00e8 responsabile della conservazione e del trattamento dei tuoi dati personali; iscrivendoti alla lista dei destinatari della newsletter, dai il tuo consenso all&#8217;invio di materiale informativo riguardante novit\u00e0 aziendali, nuovi servizi, offerte e prodotti.<\/p><p data-wahfont=\"16\">La societ\u00e0 \u0392\u0399\u039f\u039a\u0391\u039d \u039f.\u0395. non trasmetter\u00e0 n\u00e9 vender\u00e0 alcuno dei tuoi dati personali a terzi per scopi di marketing. I tuoi dati personali per questi scopi saranno utilizzati solo dalla societ\u00e0 VIOKAN OE.<\/p><p data-wahfont=\"16\">L&#8217;iscrizione alla Newsletter e la tua dichiarazione di consenso hanno effetto nei seguenti modi:<\/p><ul><li>Su richiesta scritta delle parti interessate.<\/li><li>Ordinando servizi o prodotti.<\/li><li>Inviando una richiesta di aggiornamento software dal sito web.<\/li><\/ul><p data-wahfont=\"16\">La validit\u00e0 della dichiarazione di consenso \u00e8 osservata per tutto il periodo in cui ricevi la newsletter e per i 6 mesi successivi alla cessazione dell&#8217;invio.<\/p><p data-wahfont=\"16\">Hai il diritto di revocare il tuo consenso seguendo il link in fondo a ogni newsletter.<\/p><p data-wahfont=\"16\">Hai inoltre il diritto di<\/p><ul><li>Accedere e richiedere i dati che conserviamo ed elaboriamo.<\/li><li>Limitazione del trattamento. Inviando una richiesta, non elaboreremo pi\u00f9 i tuoi dati. <\/li><li>Opposizione o revoca del tuo consenso. Non riceverai pi\u00f9 newsletter da parte nostra. <\/li><li>Cancellazione dei tuoi dati personali<\/li><\/ul><p data-wahfont=\"16\">Puoi esercitare questi diritti inviando una richiesta all&#8217;indirizzo e-mail: mail@biokan.gr<\/p><p data-wahfont=\"16\">Tieni presente che l&#8217;eventuale revoca del consenso non pregiudica la liceit\u00e0 del trattamento basato sul consenso prima della revoca stessa.<\/p><h2 data-wahfont=\"32\"><strong>Reclamo all&#8217;Autorit\u00e0 per la Protezione dei Dati Personali<\/strong><\/h2><p data-wahfont=\"16\">Se ritieni che il trattamento dei tuoi dati personali violi la legislazione sulla protezione dei dati personali, puoi presentare un reclamo all&#8217;Autorit\u00e0 per la Protezione dei Dati Personali <a href=\"http:\/\/www.dpa.gr\/\" data-wahfont=\"16\">www.dpa.gr<\/a><\/p><p data-wahfont=\"16\">Prima di presentare il reclamo, devi contattarci esercitando i tuoi diritti sopra citati in conformit\u00e0 con il GDPR. Se non soddisfiamo le tue richieste, o se la nostra risposta \u00e8 considerata insufficiente, hai il diritto di procedere con il reclamo all&#8217;Autorit\u00e0 per la Protezione dei Dati Personali www.dpa.gr <\/p><p data-wahfont=\"16\">Ti preghiamo di contattarci per qualsiasi domanda o chiarimento riguardante il trattamento dei tuoi dati personali e l&#8217;esercizio dei tuoi diritti.<\/p><h2 data-wahfont=\"32\"><strong>Informativa sui Cookie<\/strong><\/h2><p data-wahfont=\"16\">Il nostro sito web www.biokan.gr, in conformit\u00e0 con la Direttiva E-Privacy 2009\/136\/CE dell&#8217;UE, utilizza i cookie.<\/p><p data-wahfont=\"16\">Ci\u00f2 avviene senza la memorizzazione di informazioni identificative dei visitatori del sito web, ma per offrire loro la migliore esperienza personalizzata.<\/p><p data-wahfont=\"16\">Utilizziamo i cookie (Google Analytics) per conoscere<\/p><ul><li>Il numero dei nostri visitatori.<\/li><li>Per monitorare il traffico delle singole pagine.<\/li><li>La durata del traffico.<\/li><\/ul><p data-wahfont=\"16\">Lo scopo di quanto sopra \u00e8 migliorare il contenuto e adattare il sito web alle preferenze dei nostri visitatori, affinch\u00e9 abbiano una migliore esperienza di navigazione e ricerca.<\/p><p data-wahfont=\"16\">I cookie sono piccoli file di testo che vengono memorizzati nel browser dell&#8217;utente quando visita una pagina web. Dettagli come la data e l&#8217;ora della visita e le pagine visitate vengono memorizzati nelle informazioni dei cookie. <\/p><p data-wahfont=\"16\">Analizzando questi dati e utilizzando i cookie, offriamo un tour completo al visitatore.<\/p><p data-wahfont=\"16\">Se non desideri memorizzare i cookie, imposta il tuo browser in modo che non li accetti.<\/p><h2 data-wahfont=\"32\"><strong>Sicurezza e conservazione dei dati<\/strong><\/h2><p data-wahfont=\"16\">La societ\u00e0 BIOKAN OE comprende che la sicurezza dei tuoi dati personali \u00e8 molto importante e per questo ha adottato misure tecniche e organizzative nominando un responsabile della gestione dei dati personali, formando e informando il personale, e utilizzando firewall e sistemi di protezione speciali.<\/p><p data-wahfont=\"16\">Tuttavia, si nota che finch\u00e9 le informazioni e i dati si trovano su siti web e vengono trasmessi via Internet, nessun sistema informatico \u00e8 completamente sicuro.<\/p><h2 data-wahfont=\"32\"><strong>Lingua<\/strong><\/h2><p data-wahfont=\"16\">La lingua applicabile a questa Informativa sulla privacy \u00e8 il greco. Pertanto, in caso di contraddizione in una qualsiasi delle versioni fornite in altre lingue, prevarr\u00e0 la versione greca. <\/p><h2 data-wahfont=\"32\"><strong>Validit\u00e0 e modifiche al testo sulla privacy<\/strong><\/h2><p data-wahfont=\"16\">La societ\u00e0 BIOKAN OE ha emesso questa politica il 26\/06\/19 e si riserva il diritto di miglioramenti o revisioni periodiche.<\/p><p data-wahfont=\"16\">In caso di modifiche o revisioni all&#8217;uso dei nostri servizi, e se \u00e8 stata pubblicata una versione aggiornata o rivista della nostra politica, accetti automaticamente le nuove pratiche contenute nell&#8217;aggiornamento.<\/p><p data-wahfont=\"16\">L&#8217;ultimo aggiornamento sar\u00e0 sempre presente sul nostro sito web www.biokan.gr e ti suggeriamo di controllare frequentemente eventuali modifiche e la data di revisione per vedere quando l&#8217;informativa sulla privacy \u00e8 stata aggiornata l&#8217;ultima volta.<\/p><p data-wahfont=\"16\">Data di revisione dell&#8217;informativa sulla privacy.<\/p><p data-wahfont=\"16\">10 ottobre 2019<\/p>\t\t\t\t\t\t\t\t<\/div>\n\t\t\t\t\t<\/div>\n\t\t<\/div>\n\t\t\t\t\t<\/div>\n\t\t<\/section>\n\t\t\t\t<\/div>\n\t\t","protected":false},"excerpt":{"rendered":"<p>Informativa sulla privacy In BIOKAN G.P. la nostra priorit\u00e0 assoluta \u00e8 la protezione dei tuoi dati personali e delle tue informazioni, in qualsiasi forma tu ci contatti o collabori con noi. Lavoriamo costantemente per elaborare e conservare correttamente le informazioni che condividi con noi. Questa politica si applica a tutti gli individui e le aziende [&hellip;]<\/p>\n","protected":false},"author":1,"featured_media":0,"parent":0,"menu_order":0,"comment_status":"closed","ping_status":"closed","template":"","meta":{"footnotes":""},"categories":[98],"tags":[],"class_list":["post-269893","page","type-page","status-publish","hentry","category-altro"],"yoast_head":"<!-- This site is optimized with the Yoast SEO Premium plugin v27.4 (Yoast SEO v27.4) - https:\/\/yoast.com\/product\/yoast-seo-premium-wordpress\/ -->\n<title>Informativa sulla privacy - roastergrills<\/title>\n<meta name=\"robots\" content=\"noindex, nofollow\" \/>\n<meta property=\"og:locale\" content=\"it_IT\" \/>\n<meta property=\"og:type\" content=\"article\" \/>\n<meta property=\"og:title\" content=\"Informativa sulla privacy\" \/>\n<meta property=\"og:description\" content=\"Informativa sulla privacy In BIOKAN G.P. la nostra priorit\u00e0 assoluta \u00e8 la protezione dei tuoi dati personali e delle tue informazioni, in qualsiasi forma tu ci contatti o collabori con noi. Lavoriamo costantemente per elaborare e conservare correttamente le informazioni che condividi con noi. Questa politica si applica a tutti gli individui e le aziende [&hellip;]\" \/>\n<meta property=\"og:url\" content=\"https:\/\/roastergrills.com\/it\/informativa-sulla-privacy\/\" \/>\n<meta property=\"og:site_name\" content=\"roastergrills\" \/>\n<meta property=\"article:publisher\" content=\"https:\/\/www.facebook.com\/RoasterOvens\/\" \/>\n<meta property=\"article:modified_time\" content=\"2026-03-31T11:22:16+00:00\" \/>\n<meta name=\"twitter:card\" content=\"summary_large_image\" \/>\n<meta name=\"twitter:label1\" content=\"Tempo di lettura stimato\" \/>\n\t<meta name=\"twitter:data1\" content=\"8 minuti\" \/>\n<script type=\"application\/ld+json\" class=\"yoast-schema-graph\">{\"@context\":\"https:\\\/\\\/schema.org\",\"@graph\":[{\"@type\":\"WebPage\",\"@id\":\"https:\\\/\\\/roastergrills.com\\\/it\\\/informativa-sulla-privacy\\\/\",\"url\":\"https:\\\/\\\/roastergrills.com\\\/it\\\/informativa-sulla-privacy\\\/\",\"name\":\"Informativa sulla privacy - roastergrills\",\"isPartOf\":{\"@id\":\"https:\\\/\\\/roastergrills.com\\\/it\\\/#website\"},\"datePublished\":\"2022-01-27T14:17:02+00:00\",\"dateModified\":\"2026-03-31T11:22:16+00:00\",\"breadcrumb\":{\"@id\":\"https:\\\/\\\/roastergrills.com\\\/it\\\/informativa-sulla-privacy\\\/#breadcrumb\"},\"inLanguage\":\"it-IT\",\"potentialAction\":[{\"@type\":\"ReadAction\",\"target\":[\"https:\\\/\\\/roastergrills.com\\\/it\\\/informativa-sulla-privacy\\\/\"]}]},{\"@type\":\"BreadcrumbList\",\"@id\":\"https:\\\/\\\/roastergrills.com\\\/it\\\/informativa-sulla-privacy\\\/#breadcrumb\",\"itemListElement\":[{\"@type\":\"ListItem\",\"position\":1,\"name\":\"Home\",\"item\":\"https:\\\/\\\/roastergrills.com\\\/it\\\/forni-a-carbone-e-grill-professionali-roaster\\\/\"},{\"@type\":\"ListItem\",\"position\":2,\"name\":\"Informativa sulla privacy\"}]},{\"@type\":\"WebSite\",\"@id\":\"https:\\\/\\\/roastergrills.com\\\/it\\\/#website\",\"url\":\"https:\\\/\\\/roastergrills.com\\\/it\\\/\",\"name\":\"roastergrills\",\"description\":\"Forni e Griglie a Carbone Commerciali\",\"publisher\":{\"@id\":\"https:\\\/\\\/roastergrills.com\\\/it\\\/#organization\"},\"alternateName\":\"Roaster Ovens\",\"potentialAction\":[{\"@type\":\"SearchAction\",\"target\":{\"@type\":\"EntryPoint\",\"urlTemplate\":\"https:\\\/\\\/roastergrills.com\\\/it\\\/?s={search_term_string}\"},\"query-input\":{\"@type\":\"PropertyValueSpecification\",\"valueRequired\":true,\"valueName\":\"search_term_string\"}}],\"inLanguage\":\"it-IT\"},{\"@type\":\"Organization\",\"@id\":\"https:\\\/\\\/roastergrills.com\\\/it\\\/#organization\",\"name\":\"Forni a Carbone Roaster\",\"alternateName\":\"Roaster Grill\",\"url\":\"https:\\\/\\\/roastergrills.com\\\/it\\\/\",\"logo\":{\"@type\":\"ImageObject\",\"inLanguage\":\"it-IT\",\"@id\":\"https:\\\/\\\/roastergrills.com\\\/it\\\/#\\\/schema\\\/logo\\\/image\\\/\",\"url\":\"https:\\\/\\\/roastergrills.com\\\/wp-content\\\/uploads\\\/2021\\\/12\\\/roaster-charcoal-oven-logo-round.png\",\"contentUrl\":\"https:\\\/\\\/roastergrills.com\\\/wp-content\\\/uploads\\\/2021\\\/12\\\/roaster-charcoal-oven-logo-round.png\",\"width\":400,\"height\":319,\"caption\":\"Forni a Carbone Roaster\"},\"image\":{\"@id\":\"https:\\\/\\\/roastergrills.com\\\/it\\\/#\\\/schema\\\/logo\\\/image\\\/\"},\"sameAs\":[\"https:\\\/\\\/www.facebook.com\\\/RoasterOvens\\\/\",\"https:\\\/\\\/www.instagram.com\\\/roaster_ovens\\\/\",\"https:\\\/\\\/www.linkedin.com\\\/company\\\/biokan-oe\",\"https:\\\/\\\/www.youtube.com\\\/channel\\\/UCjOpxGWZamP7FVeQ2Dx45yA\"]}]}<\/script>\n<!-- \/ Yoast SEO Premium plugin. -->","yoast_head_json":{"title":"Informativa sulla privacy - roastergrills","robots":{"index":"noindex","follow":"nofollow"},"og_locale":"it_IT","og_type":"article","og_title":"Informativa sulla privacy","og_description":"Informativa sulla privacy In BIOKAN G.P. la nostra priorit\u00e0 assoluta \u00e8 la protezione dei tuoi dati personali e delle tue informazioni, in qualsiasi forma tu ci contatti o collabori con noi. Lavoriamo costantemente per elaborare e conservare correttamente le informazioni che condividi con noi. Questa politica si applica a tutti gli individui e le aziende [&hellip;]","og_url":"https:\/\/roastergrills.com\/it\/informativa-sulla-privacy\/","og_site_name":"roastergrills","article_publisher":"https:\/\/www.facebook.com\/RoasterOvens\/","article_modified_time":"2026-03-31T11:22:16+00:00","twitter_card":"summary_large_image","twitter_misc":{"Tempo di lettura stimato":"8 minuti"},"schema":{"@context":"https:\/\/schema.org","@graph":[{"@type":"WebPage","@id":"https:\/\/roastergrills.com\/it\/informativa-sulla-privacy\/","url":"https:\/\/roastergrills.com\/it\/informativa-sulla-privacy\/","name":"Informativa sulla privacy - roastergrills","isPartOf":{"@id":"https:\/\/roastergrills.com\/it\/#website"},"datePublished":"2022-01-27T14:17:02+00:00","dateModified":"2026-03-31T11:22:16+00:00","breadcrumb":{"@id":"https:\/\/roastergrills.com\/it\/informativa-sulla-privacy\/#breadcrumb"},"inLanguage":"it-IT","potentialAction":[{"@type":"ReadAction","target":["https:\/\/roastergrills.com\/it\/informativa-sulla-privacy\/"]}]},{"@type":"BreadcrumbList","@id":"https:\/\/roastergrills.com\/it\/informativa-sulla-privacy\/#breadcrumb","itemListElement":[{"@type":"ListItem","position":1,"name":"Home","item":"https:\/\/roastergrills.com\/it\/forni-a-carbone-e-grill-professionali-roaster\/"},{"@type":"ListItem","position":2,"name":"Informativa sulla privacy"}]},{"@type":"WebSite","@id":"https:\/\/roastergrills.com\/it\/#website","url":"https:\/\/roastergrills.com\/it\/","name":"roastergrills","description":"Forni e Griglie a Carbone Commerciali","publisher":{"@id":"https:\/\/roastergrills.com\/it\/#organization"},"alternateName":"Roaster Ovens","potentialAction":[{"@type":"SearchAction","target":{"@type":"EntryPoint","urlTemplate":"https:\/\/roastergrills.com\/it\/?s={search_term_string}"},"query-input":{"@type":"PropertyValueSpecification","valueRequired":true,"valueName":"search_term_string"}}],"inLanguage":"it-IT"},{"@type":"Organization","@id":"https:\/\/roastergrills.com\/it\/#organization","name":"Forni a Carbone Roaster","alternateName":"Roaster Grill","url":"https:\/\/roastergrills.com\/it\/","logo":{"@type":"ImageObject","inLanguage":"it-IT","@id":"https:\/\/roastergrills.com\/it\/#\/schema\/logo\/image\/","url":"https:\/\/roastergrills.com\/wp-content\/uploads\/2021\/12\/roaster-charcoal-oven-logo-round.png","contentUrl":"https:\/\/roastergrills.com\/wp-content\/uploads\/2021\/12\/roaster-charcoal-oven-logo-round.png","width":400,"height":319,"caption":"Forni a Carbone Roaster"},"image":{"@id":"https:\/\/roastergrills.com\/it\/#\/schema\/logo\/image\/"},"sameAs":["https:\/\/www.facebook.com\/RoasterOvens\/","https:\/\/www.instagram.com\/roaster_ovens\/","https:\/\/www.linkedin.com\/company\/biokan-oe","https:\/\/www.youtube.com\/channel\/UCjOpxGWZamP7FVeQ2Dx45yA"]}]}},"_links":{"self":[{"href":"https:\/\/roastergrills.com\/it\/wp-json\/wp\/v2\/pages\/269893","targetHints":{"allow":["GET"]}}],"collection":[{"href":"https:\/\/roastergrills.com\/it\/wp-json\/wp\/v2\/pages"}],"about":[{"href":"https:\/\/roastergrills.com\/it\/wp-json\/wp\/v2\/types\/page"}],"author":[{"embeddable":true,"href":"https:\/\/roastergrills.com\/it\/wp-json\/wp\/v2\/users\/1"}],"replies":[{"embeddable":true,"href":"https:\/\/roastergrills.com\/it\/wp-json\/wp\/v2\/comments?post=269893"}],"version-history":[{"count":1,"href":"https:\/\/roastergrills.com\/it\/wp-json\/wp\/v2\/pages\/269893\/revisions"}],"predecessor-version":[{"id":269894,"href":"https:\/\/roastergrills.com\/it\/wp-json\/wp\/v2\/pages\/269893\/revisions\/269894"}],"wp:attachment":[{"href":"https:\/\/roastergrills.com\/it\/wp-json\/wp\/v2\/media?parent=269893"}],"wp:term":[{"taxonomy":"category","embeddable":true,"href":"https:\/\/roastergrills.com\/it\/wp-json\/wp\/v2\/categories?post=269893"},{"taxonomy":"post_tag","embeddable":true,"href":"https:\/\/roastergrills.com\/it\/wp-json\/wp\/v2\/tags?post=269893"}],"curies":[{"name":"wp","href":"https:\/\/api.w.org\/{rel}","templated":true}]}}