{"id":270040,"date":"2022-01-27T14:12:52","date_gmt":"2022-01-27T12:12:52","guid":{"rendered":"https:\/\/roastergrills.com\/chi-siamo\/"},"modified":"2026-03-31T15:30:30","modified_gmt":"2026-03-31T13:30:30","slug":"chi-siamo","status":"publish","type":"page","link":"https:\/\/roastergrills.com\/it\/chi-siamo\/","title":{"rendered":"Chi siamo"},"content":{"rendered":"\t\t<div data-elementor-type=\"wp-page\" data-elementor-id=\"270040\" class=\"elementor elementor-270040 elementor-357\" data-elementor-post-type=\"page\">\n\t\t\t\t<div class=\"elementor-element elementor-element-1112d9c elementor-hidden-desktop elementor-hidden-tablet elementor-hidden-mobile e-flex e-con-boxed e-con e-parent\" data-id=\"1112d9c\" data-element_type=\"container\" data-e-type=\"container\">\n\t\t\t\t\t<div class=\"e-con-inner\">\n\t\t\t\t<div class=\"elementor-element elementor-element-eee2afb elementor-widget elementor-widget-heading\" data-id=\"eee2afb\" data-element_type=\"widget\" data-e-type=\"widget\" data-widget_type=\"heading.default\">\n\t\t\t\t\t<h1 class=\"elementor-heading-title elementor-size-default\">Chi siamo<\/h1>\t\t\t\t<\/div>\n\t\t\t\t\t<\/div>\n\t\t\t\t<\/div>\n\t\t\t\t<section class=\"elementor-section elementor-top-section elementor-element elementor-element-140b1d8 elementor-section-boxed elementor-section-height-default elementor-section-height-default\" data-id=\"140b1d8\" data-element_type=\"section\" data-e-type=\"section\">\n\t\t\t\t\t\t<div class=\"elementor-container elementor-column-gap-default\">\n\t\t\t\t\t<div class=\"elementor-column elementor-col-50 elementor-top-column elementor-element elementor-element-5d9d170\" data-id=\"5d9d170\" data-element_type=\"column\" data-e-type=\"column\">\n\t\t\t<div class=\"elementor-widget-wrap elementor-element-populated\">\n\t\t\t\t\t\t<div class=\"elementor-element elementor-element-5318f5d elementor-widget elementor-widget-text-editor\" data-id=\"5318f5d\" data-element_type=\"widget\" data-e-type=\"widget\" data-widget_type=\"text-editor.default\">\n\t\t\t\t\t\t\t\t\t<h3><strong>PROFILO AZIENDALE<\/strong><\/h3>\nLa nostra azienda, BIOKAN G.P., \u00e8 stata fondata nel 1988 e ha sede a Kozani, in Grecia. Da allora produciamo costruzioni in acciaio inox per ristoranti e altre strutture di ristorazione. \n\nNegli ultimi anni ci siamo specializzati nella produzione di cappe aspiranti per cucine professionali, forni a carbone e girarrosti con grande successo. Ci\u00f2 che ci ha portato a questo successo \u00e8 il know-how e il nostro personale esperto, oltre ai nostri macchinari all&#8217;avanguardia. Vantiamo una delle linee di produzione di costruzioni in acciaio inox tecnologicamente pi\u00f9 avanzate in Grecia.  \n\nDi conseguenza, produciamo prodotti di alta qualit\u00e0, che combinano design moderno e funzionalit\u00e0, ai prezzi pi\u00f9 competitivi.\t\t\t\t\t\t\t\t<\/div>\n\t\t\t\t\t<\/div>\n\t\t<\/div>\n\t\t\t\t<div class=\"elementor-column elementor-col-50 elementor-top-column elementor-element elementor-element-406ca21\" data-id=\"406ca21\" data-element_type=\"column\" data-e-type=\"column\">\n\t\t\t<div class=\"elementor-widget-wrap elementor-element-populated\">\n\t\t\t\t\t\t<div class=\"elementor-element elementor-element-f580e9c elementor-widget elementor-widget-video\" data-id=\"f580e9c\" data-element_type=\"widget\" data-e-type=\"widget\" data-settings=\"{&quot;youtube_url&quot;:&quot;https:\\\/\\\/youtu.be\\\/c_0hCzmBsOY&quot;,&quot;video_type&quot;:&quot;youtube&quot;,&quot;controls&quot;:&quot;yes&quot;}\" data-widget_type=\"video.default\">\n\t\t\t\t\t\t\t<div class=\"elementor-wrapper elementor-open-inline\">\n\t\t\t<div class=\"elementor-video\"><\/div>\t\t<\/div>\n\t\t\t\t\t\t<\/div>\n\t\t\t\t\t<\/div>\n\t\t<\/div>\n\t\t\t\t\t<\/div>\n\t\t<\/section>\n\t\t\t\t<section class=\"elementor-section elementor-top-section elementor-element elementor-element-c770a7f elementor-section-boxed elementor-section-height-default elementor-section-height-default\" data-id=\"c770a7f\" data-element_type=\"section\" data-e-type=\"section\">\n\t\t\t\t\t\t<div class=\"elementor-container elementor-column-gap-default\">\n\t\t\t\t\t<div class=\"elementor-column elementor-col-100 elementor-top-column elementor-element elementor-element-6f61fdf\" data-id=\"6f61fdf\" data-element_type=\"column\" data-e-type=\"column\">\n\t\t\t<div class=\"elementor-widget-wrap elementor-element-populated\">\n\t\t\t\t\t\t<div class=\"elementor-element elementor-element-6a889f1 elementor-widget elementor-widget-text-editor\" data-id=\"6a889f1\" data-element_type=\"widget\" data-e-type=\"widget\" data-widget_type=\"text-editor.default\">\n\t\t\t\t\t\t\t\t\t<h3>STRUTTURE<\/h3>\nI nostri stabilimenti di produzione si trovano nella zona industriale di Kozani in Grecia. Nei 1700 m2 di propriet\u00e0 si trova una linea di produzione completa che include macchine CNC e LASER, un magazzino organizzato e uffici amministrativi. \n\nLa sede centrale di BIOKAN G.P. si trova ad Atene.\n\nLa linea di produzione BIOKAN utilizza il software Epoptia che gestisce il volume di produzione e fornisce tracciamento della produzione in tempo reale, gestione e controllo.\t\t\t\t\t\t\t\t<\/div>\n\t\t\t\t\t<\/div>\n\t\t<\/div>\n\t\t\t\t\t<\/div>\n\t\t<\/section>\n\t\t\t\t<section class=\"elementor-section elementor-top-section elementor-element elementor-element-9991822 elementor-section-boxed elementor-section-height-default elementor-section-height-default\" data-id=\"9991822\" data-element_type=\"section\" data-e-type=\"section\">\n\t\t\t\t\t\t<div class=\"elementor-container elementor-column-gap-default\">\n\t\t\t\t\t<div class=\"elementor-column elementor-col-100 elementor-top-column elementor-element elementor-element-abee5ab\" data-id=\"abee5ab\" data-element_type=\"column\" data-e-type=\"column\">\n\t\t\t<div class=\"elementor-widget-wrap elementor-element-populated\">\n\t\t\t\t\t\t<div class=\"elementor-element elementor-element-26d5921 elementor-widget elementor-widget-text-editor\" data-id=\"26d5921\" data-element_type=\"widget\" data-e-type=\"widget\" data-widget_type=\"text-editor.default\">\n\t\t\t\t\t\t\t\t\t<h3>PRODOTTI E SERVIZI<\/h3>\nProduciamo e offriamo ai nostri clienti un&#8217;ampia gamma di attrezzature in acciaio inox per cucine professionali, come cappe aspiranti, forni a carbone, forni per pizza a legna\/gas, girarrosti a carbone e griglie. Offriamo anche servizi di consulenza riguardanti l&#8217;installazione di cappe aspiranti e la disposizione degli spazi delle attrezzature professionali nelle cucine commerciali. \t\t\t\t\t\t\t\t<\/div>\n\t\t\t\t\t<\/div>\n\t\t<\/div>\n\t\t\t\t\t<\/div>\n\t\t<\/section>\n\t\t\t\t<section class=\"elementor-section elementor-top-section elementor-element elementor-element-f8fc9ab elementor-section-boxed elementor-section-height-default elementor-section-height-default\" data-id=\"f8fc9ab\" data-element_type=\"section\" data-e-type=\"section\">\n\t\t\t\t\t\t<div class=\"elementor-container elementor-column-gap-default\">\n\t\t\t\t\t<div class=\"elementor-column elementor-col-100 elementor-top-column elementor-element elementor-element-bd186ac\" data-id=\"bd186ac\" data-element_type=\"column\" data-e-type=\"column\">\n\t\t\t<div class=\"elementor-widget-wrap elementor-element-populated\">\n\t\t\t\t\t\t<div class=\"elementor-element elementor-element-6045e90 elementor-widget elementor-widget-text-editor\" data-id=\"6045e90\" data-element_type=\"widget\" data-e-type=\"widget\" data-widget_type=\"text-editor.default\">\n\t\t\t\t\t\t\t\t\t<h3>INNOVAZIONE<\/h3>\nBIOKAN crede nel miglioramento continuo. I nostri ingegneri sviluppano e riprogettano costantemente i prodotti in modo che possano rispondere alle esigenze dei nostri clienti. BIOKAN si impegna a costruire prodotti pi\u00f9 efficienti, pi\u00f9 facili da installare e manutenere, e prodotti che soddisfano i pi\u00f9 alti standard.  \n\nQuesti sono gli obiettivi che ci hanno portato a idee innovative come il sistema Air Flow Control (AFC), che pu\u00f2 essere installato nelle cappe aspiranti commerciali a compensazione, per regolare manualmente il flusso dell&#8217;aria in entrata. Anche i girarrosti a carbone motorizzati sono innovativi, poich\u00e9 viene posizionato un motore individuale su ciascun asse per prestazioni migliori. \t\t\t\t\t\t\t\t<\/div>\n\t\t\t\t\t<\/div>\n\t\t<\/div>\n\t\t\t\t\t<\/div>\n\t\t<\/section>\n\t\t\t\t<section class=\"elementor-section elementor-top-section elementor-element elementor-element-909ac31 elementor-section-boxed elementor-section-height-default elementor-section-height-default\" data-id=\"909ac31\" data-element_type=\"section\" data-e-type=\"section\">\n\t\t\t\t\t\t<div class=\"elementor-container elementor-column-gap-default\">\n\t\t\t\t\t<div class=\"elementor-column elementor-col-100 elementor-top-column elementor-element elementor-element-fb65ea1\" data-id=\"fb65ea1\" data-element_type=\"column\" data-e-type=\"column\">\n\t\t\t<div class=\"elementor-widget-wrap elementor-element-populated\">\n\t\t\t\t\t\t<div class=\"elementor-element elementor-element-fffa729 elementor-widget elementor-widget-text-editor\" data-id=\"fffa729\" data-element_type=\"widget\" data-e-type=\"widget\" data-widget_type=\"text-editor.default\">\n\t\t\t\t\t\t\t\t\t<h3>LA NOSTRA VISIONE<\/h3>\nLa nostra visione \u00e8 continuare a essere un&#8217;azienda incentrata sul cliente, che ha determinato il nostro sviluppo, espansione commerciale e strategia sin dalla nostra fondazione, e continuare a fornire ai nostri clienti prodotti e servizi di alta qualit\u00e0 a prezzi equi. Di conseguenza, abbiamo stabilito relazioni commerciali durature e fruttuose con le aziende con cui abbiamo collaborato negli ultimi anni. Offriamo sempre ai nostri clienti il miglior supporto pre e post-vendita.  \n\nDi conseguenza, abbiamo stabilito relazioni commerciali durature e fruttuose con le aziende con cui abbiamo collaborato negli ultimi anni.\t\t\t\t\t\t\t\t<\/div>\n\t\t\t\t\t<\/div>\n\t\t<\/div>\n\t\t\t\t\t<\/div>\n\t\t<\/section>\n\t\t\t\t<\/div>\n\t\t","protected":false},"excerpt":{"rendered":"<p>Chi siamo PROFILO AZIENDALE La nostra azienda, BIOKAN G.P., \u00e8 stata fondata nel 1988 e ha sede a Kozani, in Grecia. Da allora produciamo costruzioni in acciaio inox per ristoranti e altre strutture di ristorazione. Negli ultimi anni ci siamo specializzati nella produzione di cappe aspiranti per cucine professionali, forni a carbone e girarrosti con [&hellip;]<\/p>\n","protected":false},"author":1,"featured_media":0,"parent":0,"menu_order":0,"comment_status":"closed","ping_status":"closed","template":"","meta":{"footnotes":""},"categories":[98],"tags":[],"class_list":["post-270040","page","type-page","status-publish","hentry","category-altro"],"yoast_head":"<!-- This site is optimized with the Yoast SEO Premium plugin v27.3 (Yoast SEO v27.3) - https:\/\/yoast.com\/product\/yoast-seo-premium-wordpress\/ -->\n<title>Chi siamo - roastergrills<\/title>\n<meta name=\"description\" content=\"Produttori di forni a carbone, griglie e girarrosti professionali da 35 anni. Offriamo prodotti di altissima qualit\u00e0 per il settore Horeca.\" \/>\n<meta name=\"robots\" content=\"noindex, follow\" \/>\n<meta property=\"og:locale\" content=\"it_IT\" \/>\n<meta property=\"og:type\" content=\"article\" \/>\n<meta property=\"og:title\" content=\"Chi siamo\" \/>\n<meta property=\"og:description\" content=\"Produttori di forni a carbone, griglie e girarrosti professionali da 35 anni. Offriamo prodotti di altissima qualit\u00e0 per il settore Horeca.\" \/>\n<meta property=\"og:url\" content=\"https:\/\/roastergrills.com\/it\/chi-siamo\/\" \/>\n<meta property=\"og:site_name\" content=\"roastergrills\" \/>\n<meta property=\"article:publisher\" content=\"https:\/\/www.facebook.com\/RoasterOvens\/\" \/>\n<meta property=\"article:modified_time\" content=\"2026-03-31T13:30:30+00:00\" \/>\n<meta name=\"twitter:card\" content=\"summary_large_image\" \/>\n<meta name=\"twitter:label1\" content=\"Tempo di lettura stimato\" \/>\n\t<meta name=\"twitter:data1\" content=\"2 minuti\" \/>\n<script type=\"application\/ld+json\" class=\"yoast-schema-graph\">{\"@context\":\"https:\\\/\\\/schema.org\",\"@graph\":[{\"@type\":\"WebPage\",\"@id\":\"https:\\\/\\\/roastergrills.com\\\/it\\\/chi-siamo\\\/\",\"url\":\"https:\\\/\\\/roastergrills.com\\\/it\\\/chi-siamo\\\/\",\"name\":\"Chi siamo - roastergrills\",\"isPartOf\":{\"@id\":\"https:\\\/\\\/roastergrills.com\\\/it\\\/#website\"},\"datePublished\":\"2022-01-27T12:12:52+00:00\",\"dateModified\":\"2026-03-31T13:30:30+00:00\",\"description\":\"Produttori di forni a carbone, griglie e girarrosti professionali da 35 anni. Offriamo prodotti di altissima qualit\u00e0 per il settore Horeca.\",\"breadcrumb\":{\"@id\":\"https:\\\/\\\/roastergrills.com\\\/it\\\/chi-siamo\\\/#breadcrumb\"},\"inLanguage\":\"it-IT\",\"potentialAction\":[{\"@type\":\"ReadAction\",\"target\":[\"https:\\\/\\\/roastergrills.com\\\/it\\\/chi-siamo\\\/\"]}]},{\"@type\":\"BreadcrumbList\",\"@id\":\"https:\\\/\\\/roastergrills.com\\\/it\\\/chi-siamo\\\/#breadcrumb\",\"itemListElement\":[{\"@type\":\"ListItem\",\"position\":1,\"name\":\"Home\",\"item\":\"https:\\\/\\\/roastergrills.com\\\/it\\\/forni-a-carbone-e-grill-professionali-roaster\\\/\"},{\"@type\":\"ListItem\",\"position\":2,\"name\":\"Chi siamo\"}]},{\"@type\":\"WebSite\",\"@id\":\"https:\\\/\\\/roastergrills.com\\\/it\\\/#website\",\"url\":\"https:\\\/\\\/roastergrills.com\\\/it\\\/\",\"name\":\"roastergrills\",\"description\":\"Forni e Griglie a Carbone Commerciali\",\"publisher\":{\"@id\":\"https:\\\/\\\/roastergrills.com\\\/it\\\/#organization\"},\"alternateName\":\"Roaster Ovens\",\"potentialAction\":[{\"@type\":\"SearchAction\",\"target\":{\"@type\":\"EntryPoint\",\"urlTemplate\":\"https:\\\/\\\/roastergrills.com\\\/it\\\/?s={search_term_string}\"},\"query-input\":{\"@type\":\"PropertyValueSpecification\",\"valueRequired\":true,\"valueName\":\"search_term_string\"}}],\"inLanguage\":\"it-IT\"},{\"@type\":\"Organization\",\"@id\":\"https:\\\/\\\/roastergrills.com\\\/it\\\/#organization\",\"name\":\"Forni a Carbone Roaster\",\"alternateName\":\"Roaster Grill\",\"url\":\"https:\\\/\\\/roastergrills.com\\\/it\\\/\",\"logo\":{\"@type\":\"ImageObject\",\"inLanguage\":\"it-IT\",\"@id\":\"https:\\\/\\\/roastergrills.com\\\/it\\\/#\\\/schema\\\/logo\\\/image\\\/\",\"url\":\"https:\\\/\\\/roastergrills.com\\\/wp-content\\\/uploads\\\/2021\\\/12\\\/roaster-charcoal-oven-logo-round.png\",\"contentUrl\":\"https:\\\/\\\/roastergrills.com\\\/wp-content\\\/uploads\\\/2021\\\/12\\\/roaster-charcoal-oven-logo-round.png\",\"width\":400,\"height\":319,\"caption\":\"Forni a Carbone Roaster\"},\"image\":{\"@id\":\"https:\\\/\\\/roastergrills.com\\\/it\\\/#\\\/schema\\\/logo\\\/image\\\/\"},\"sameAs\":[\"https:\\\/\\\/www.facebook.com\\\/RoasterOvens\\\/\",\"https:\\\/\\\/www.instagram.com\\\/roaster_ovens\\\/\",\"https:\\\/\\\/www.linkedin.com\\\/company\\\/biokan-oe\",\"https:\\\/\\\/www.youtube.com\\\/channel\\\/UCjOpxGWZamP7FVeQ2Dx45yA\"]}]}<\/script>\n<!-- \/ Yoast SEO Premium plugin. -->","yoast_head_json":{"title":"Chi siamo - roastergrills","description":"Produttori di forni a carbone, griglie e girarrosti professionali da 35 anni. Offriamo prodotti di altissima qualit\u00e0 per il settore Horeca.","robots":{"index":"noindex","follow":"follow"},"og_locale":"it_IT","og_type":"article","og_title":"Chi siamo","og_description":"Produttori di forni a carbone, griglie e girarrosti professionali da 35 anni. Offriamo prodotti di altissima qualit\u00e0 per il settore Horeca.","og_url":"https:\/\/roastergrills.com\/it\/chi-siamo\/","og_site_name":"roastergrills","article_publisher":"https:\/\/www.facebook.com\/RoasterOvens\/","article_modified_time":"2026-03-31T13:30:30+00:00","twitter_card":"summary_large_image","twitter_misc":{"Tempo di lettura stimato":"2 minuti"},"schema":{"@context":"https:\/\/schema.org","@graph":[{"@type":"WebPage","@id":"https:\/\/roastergrills.com\/it\/chi-siamo\/","url":"https:\/\/roastergrills.com\/it\/chi-siamo\/","name":"Chi siamo - roastergrills","isPartOf":{"@id":"https:\/\/roastergrills.com\/it\/#website"},"datePublished":"2022-01-27T12:12:52+00:00","dateModified":"2026-03-31T13:30:30+00:00","description":"Produttori di forni a carbone, griglie e girarrosti professionali da 35 anni. Offriamo prodotti di altissima qualit\u00e0 per il settore Horeca.","breadcrumb":{"@id":"https:\/\/roastergrills.com\/it\/chi-siamo\/#breadcrumb"},"inLanguage":"it-IT","potentialAction":[{"@type":"ReadAction","target":["https:\/\/roastergrills.com\/it\/chi-siamo\/"]}]},{"@type":"BreadcrumbList","@id":"https:\/\/roastergrills.com\/it\/chi-siamo\/#breadcrumb","itemListElement":[{"@type":"ListItem","position":1,"name":"Home","item":"https:\/\/roastergrills.com\/it\/forni-a-carbone-e-grill-professionali-roaster\/"},{"@type":"ListItem","position":2,"name":"Chi siamo"}]},{"@type":"WebSite","@id":"https:\/\/roastergrills.com\/it\/#website","url":"https:\/\/roastergrills.com\/it\/","name":"roastergrills","description":"Forni e Griglie a Carbone Commerciali","publisher":{"@id":"https:\/\/roastergrills.com\/it\/#organization"},"alternateName":"Roaster Ovens","potentialAction":[{"@type":"SearchAction","target":{"@type":"EntryPoint","urlTemplate":"https:\/\/roastergrills.com\/it\/?s={search_term_string}"},"query-input":{"@type":"PropertyValueSpecification","valueRequired":true,"valueName":"search_term_string"}}],"inLanguage":"it-IT"},{"@type":"Organization","@id":"https:\/\/roastergrills.com\/it\/#organization","name":"Forni a Carbone Roaster","alternateName":"Roaster Grill","url":"https:\/\/roastergrills.com\/it\/","logo":{"@type":"ImageObject","inLanguage":"it-IT","@id":"https:\/\/roastergrills.com\/it\/#\/schema\/logo\/image\/","url":"https:\/\/roastergrills.com\/wp-content\/uploads\/2021\/12\/roaster-charcoal-oven-logo-round.png","contentUrl":"https:\/\/roastergrills.com\/wp-content\/uploads\/2021\/12\/roaster-charcoal-oven-logo-round.png","width":400,"height":319,"caption":"Forni a Carbone Roaster"},"image":{"@id":"https:\/\/roastergrills.com\/it\/#\/schema\/logo\/image\/"},"sameAs":["https:\/\/www.facebook.com\/RoasterOvens\/","https:\/\/www.instagram.com\/roaster_ovens\/","https:\/\/www.linkedin.com\/company\/biokan-oe","https:\/\/www.youtube.com\/channel\/UCjOpxGWZamP7FVeQ2Dx45yA"]}]}},"_links":{"self":[{"href":"https:\/\/roastergrills.com\/it\/wp-json\/wp\/v2\/pages\/270040","targetHints":{"allow":["GET"]}}],"collection":[{"href":"https:\/\/roastergrills.com\/it\/wp-json\/wp\/v2\/pages"}],"about":[{"href":"https:\/\/roastergrills.com\/it\/wp-json\/wp\/v2\/types\/page"}],"author":[{"embeddable":true,"href":"https:\/\/roastergrills.com\/it\/wp-json\/wp\/v2\/users\/1"}],"replies":[{"embeddable":true,"href":"https:\/\/roastergrills.com\/it\/wp-json\/wp\/v2\/comments?post=270040"}],"version-history":[{"count":3,"href":"https:\/\/roastergrills.com\/it\/wp-json\/wp\/v2\/pages\/270040\/revisions"}],"predecessor-version":[{"id":270784,"href":"https:\/\/roastergrills.com\/it\/wp-json\/wp\/v2\/pages\/270040\/revisions\/270784"}],"wp:attachment":[{"href":"https:\/\/roastergrills.com\/it\/wp-json\/wp\/v2\/media?parent=270040"}],"wp:term":[{"taxonomy":"category","embeddable":true,"href":"https:\/\/roastergrills.com\/it\/wp-json\/wp\/v2\/categories?post=270040"},{"taxonomy":"post_tag","embeddable":true,"href":"https:\/\/roastergrills.com\/it\/wp-json\/wp\/v2\/tags?post=270040"}],"curies":[{"name":"wp","href":"https:\/\/api.w.org\/{rel}","templated":true}]}}