{"id":271621,"date":"2022-01-27T14:12:52","date_gmt":"2022-01-27T12:12:52","guid":{"rendered":"https:\/\/roastergrills.com\/sobre-nos\/"},"modified":"2026-04-03T18:11:13","modified_gmt":"2026-04-03T16:11:13","slug":"sobre-nos","status":"publish","type":"page","link":"https:\/\/roastergrills.com\/pt\/sobre-nos\/","title":{"rendered":"Sobre N\u00f3s"},"content":{"rendered":"\t\t<div data-elementor-type=\"wp-page\" data-elementor-id=\"271621\" class=\"elementor elementor-271621 elementor-357\" data-elementor-post-type=\"page\">\n\t\t\t\t<div class=\"elementor-element elementor-element-1112d9c elementor-hidden-desktop elementor-hidden-tablet elementor-hidden-mobile e-flex e-con-boxed e-con e-parent\" data-id=\"1112d9c\" data-element_type=\"container\" data-e-type=\"container\">\n\t\t\t\t\t<div class=\"e-con-inner\">\n\t\t\t\t<div class=\"elementor-element elementor-element-eee2afb elementor-widget elementor-widget-heading\" data-id=\"eee2afb\" data-element_type=\"widget\" data-e-type=\"widget\" data-widget_type=\"heading.default\">\n\t\t\t\t\t<h1 class=\"elementor-heading-title elementor-size-default\">Sobre N\u00f3s<\/h1>\t\t\t\t<\/div>\n\t\t\t\t\t<\/div>\n\t\t\t\t<\/div>\n\t\t\t\t<section class=\"elementor-section elementor-top-section elementor-element elementor-element-140b1d8 elementor-section-boxed elementor-section-height-default elementor-section-height-default\" data-id=\"140b1d8\" data-element_type=\"section\" data-e-type=\"section\">\n\t\t\t\t\t\t<div class=\"elementor-container elementor-column-gap-default\">\n\t\t\t\t\t<div class=\"elementor-column elementor-col-50 elementor-top-column elementor-element elementor-element-5d9d170\" data-id=\"5d9d170\" data-element_type=\"column\" data-e-type=\"column\">\n\t\t\t<div class=\"elementor-widget-wrap elementor-element-populated\">\n\t\t\t\t\t\t<div class=\"elementor-element elementor-element-5318f5d elementor-widget elementor-widget-text-editor\" data-id=\"5318f5d\" data-element_type=\"widget\" data-e-type=\"widget\" data-widget_type=\"text-editor.default\">\n\t\t\t\t\t\t\t\t\t<h3><strong>PERFIL DA EMPRESA<\/strong><\/h3>\nA nossa empresa, BIOKAN G.P., foi fundada em 1988 e est\u00e1 sediada em Kozani, Gr\u00e9cia. Desde ent\u00e3o, temos fabricado estruturas em a\u00e7o inoxid\u00e1vel para restaurantes e outros estabelecimentos de restaura\u00e7\u00e3o. \n\nAo longo dos \u00faltimos anos, especializ\u00e1mo-nos no fabrico de hotes de extra\u00e7\u00e3o industriais, fornos a carv\u00e3o e churrasqueiras rotativas com grande sucesso. O que nos levou a este sucesso foi o know-how e a nossa equipa experiente, bem como o nosso maquin\u00e1rio de vanguarda. Orgulhamo-nos de ter uma das linhas de produ\u00e7\u00e3o de estruturas em a\u00e7o inoxid\u00e1vel mais avan\u00e7adas tecnologicamente na Gr\u00e9cia.  \n\nComo resultado, fabricamos produtos de alta qualidade, que combinam um design moderno com funcionalidade, aos pre\u00e7os mais competitivos.\t\t\t\t\t\t\t\t<\/div>\n\t\t\t\t\t<\/div>\n\t\t<\/div>\n\t\t\t\t<div class=\"elementor-column elementor-col-50 elementor-top-column elementor-element elementor-element-406ca21\" data-id=\"406ca21\" data-element_type=\"column\" data-e-type=\"column\">\n\t\t\t<div class=\"elementor-widget-wrap elementor-element-populated\">\n\t\t\t\t\t\t<div class=\"elementor-element elementor-element-f580e9c elementor-widget elementor-widget-video\" data-id=\"f580e9c\" data-element_type=\"widget\" data-e-type=\"widget\" data-settings=\"{&quot;youtube_url&quot;:&quot;https:\\\/\\\/youtu.be\\\/c_0hCzmBsOY&quot;,&quot;video_type&quot;:&quot;youtube&quot;,&quot;controls&quot;:&quot;yes&quot;}\" data-widget_type=\"video.default\">\n\t\t\t\t\t\t\t<div class=\"elementor-wrapper elementor-open-inline\">\n\t\t\t<div class=\"elementor-video\"><\/div>\t\t<\/div>\n\t\t\t\t\t\t<\/div>\n\t\t\t\t\t<\/div>\n\t\t<\/div>\n\t\t\t\t\t<\/div>\n\t\t<\/section>\n\t\t\t\t<section class=\"elementor-section elementor-top-section elementor-element elementor-element-c770a7f elementor-section-boxed elementor-section-height-default elementor-section-height-default\" data-id=\"c770a7f\" data-element_type=\"section\" data-e-type=\"section\">\n\t\t\t\t\t\t<div class=\"elementor-container elementor-column-gap-default\">\n\t\t\t\t\t<div class=\"elementor-column elementor-col-100 elementor-top-column elementor-element elementor-element-6f61fdf\" data-id=\"6f61fdf\" data-element_type=\"column\" data-e-type=\"column\">\n\t\t\t<div class=\"elementor-widget-wrap elementor-element-populated\">\n\t\t\t\t\t\t<div class=\"elementor-element elementor-element-6a889f1 elementor-widget elementor-widget-text-editor\" data-id=\"6a889f1\" data-element_type=\"widget\" data-e-type=\"widget\" data-widget_type=\"text-editor.default\">\n\t\t\t\t\t\t\t\t\t<h3>INSTALA\u00c7\u00d5ES<\/h3>\nAs nossas instala\u00e7\u00f5es de fabrico est\u00e3o localizadas na zona industrial de Kozani, na Gr\u00e9cia. Nas instala\u00e7\u00f5es de propriedade pr\u00f3pria com 1700 m2, encontra-se uma linha de produ\u00e7\u00e3o completa que inclui m\u00e1quinas CNC e LASER, um armaz\u00e9m organizado, bem como escrit\u00f3rios administrativos. \n\nA sede da BIOKAN G.P. situa-se em Atenas.\n\nA linha de produ\u00e7\u00e3o da BIOKAN utiliza o so\u017ftware Epoptia, que gere o volume de produ\u00e7\u00e3o e permite o acompanhamento da produ\u00e7\u00e3o em tempo real, gest\u00e3o e controlo.\t\t\t\t\t\t\t\t<\/div>\n\t\t\t\t\t<\/div>\n\t\t<\/div>\n\t\t\t\t\t<\/div>\n\t\t<\/section>\n\t\t\t\t<section class=\"elementor-section elementor-top-section elementor-element elementor-element-9991822 elementor-section-boxed elementor-section-height-default elementor-section-height-default\" data-id=\"9991822\" data-element_type=\"section\" data-e-type=\"section\">\n\t\t\t\t\t\t<div class=\"elementor-container elementor-column-gap-default\">\n\t\t\t\t\t<div class=\"elementor-column elementor-col-100 elementor-top-column elementor-element elementor-element-abee5ab\" data-id=\"abee5ab\" data-element_type=\"column\" data-e-type=\"column\">\n\t\t\t<div class=\"elementor-widget-wrap elementor-element-populated\">\n\t\t\t\t\t\t<div class=\"elementor-element elementor-element-26d5921 elementor-widget elementor-widget-text-editor\" data-id=\"26d5921\" data-element_type=\"widget\" data-e-type=\"widget\" data-widget_type=\"text-editor.default\">\n\t\t\t\t\t\t\t\t\t<h3>PRODUTOS E SERVI\u00c7OS<\/h3>\nFabricamos e oferecemos aos nossos clientes uma vasta linha de produtos de equipamentos de cozinha industrial em a\u00e7o inoxid\u00e1vel, tais como hotes de extra\u00e7\u00e3o, fornos a carv\u00e3o, fornos de pizza a lenha\/g\u00e1s, churrasqueiras rotativas a carv\u00e3o e grelhadores. Tamb\u00e9m oferecemos servi\u00e7os de consultoria relativos \u00e0 instala\u00e7\u00e3o de hotes de extra\u00e7\u00e3o e \u00e0 disposi\u00e7\u00e3o do espa\u00e7o dos equipamentos profissionais em cozinhas industriais. \t\t\t\t\t\t\t\t<\/div>\n\t\t\t\t\t<\/div>\n\t\t<\/div>\n\t\t\t\t\t<\/div>\n\t\t<\/section>\n\t\t\t\t<section class=\"elementor-section elementor-top-section elementor-element elementor-element-f8fc9ab elementor-section-boxed elementor-section-height-default elementor-section-height-default\" data-id=\"f8fc9ab\" data-element_type=\"section\" data-e-type=\"section\">\n\t\t\t\t\t\t<div class=\"elementor-container elementor-column-gap-default\">\n\t\t\t\t\t<div class=\"elementor-column elementor-col-100 elementor-top-column elementor-element elementor-element-bd186ac\" data-id=\"bd186ac\" data-element_type=\"column\" data-e-type=\"column\">\n\t\t\t<div class=\"elementor-widget-wrap elementor-element-populated\">\n\t\t\t\t\t\t<div class=\"elementor-element elementor-element-6045e90 elementor-widget elementor-widget-text-editor\" data-id=\"6045e90\" data-element_type=\"widget\" data-e-type=\"widget\" data-widget_type=\"text-editor.default\">\n\t\t\t\t\t\t\t\t\t<h3>INOVA\u00c7\u00c3O<\/h3>\nA BIOKAN acredita na melhoria cont\u00ednua. Os nossos engenheiros est\u00e3o constantemente a desenvolver e a redesenhar produtos para que possam responder \u00e0s necessidades dos nossos clientes. A BIOKAN esfor\u00e7a-se por construir produtos que sejam mais eficientes, mais f\u00e1ceis de instalar e manter, e produtos que cumpram os padr\u00f5es mais elevados.  \n\nEstes s\u00e3o os objetivos que nos levaram a ideias inovadoras, como o Sistema de Controlo de Fluxo de Ar (AFC), que pode ser instalado nas hotes de extra\u00e7\u00e3o industriais de compensa\u00e7\u00e3o, de modo a regular manualmente o fluxo de ar de entrada. As churrasqueiras rotativas de espeto a carv\u00e3o motorizadas tamb\u00e9m s\u00e3o inovadoras, uma vez que \u00e9 colocado um motor individual em cada eixo para um melhor desempenho. \t\t\t\t\t\t\t\t<\/div>\n\t\t\t\t\t<\/div>\n\t\t<\/div>\n\t\t\t\t\t<\/div>\n\t\t<\/section>\n\t\t\t\t<section class=\"elementor-section elementor-top-section elementor-element elementor-element-909ac31 elementor-section-boxed elementor-section-height-default elementor-section-height-default\" data-id=\"909ac31\" data-element_type=\"section\" data-e-type=\"section\">\n\t\t\t\t\t\t<div class=\"elementor-container elementor-column-gap-default\">\n\t\t\t\t\t<div class=\"elementor-column elementor-col-100 elementor-top-column elementor-element elementor-element-fb65ea1\" data-id=\"fb65ea1\" data-element_type=\"column\" data-e-type=\"column\">\n\t\t\t<div class=\"elementor-widget-wrap elementor-element-populated\">\n\t\t\t\t\t\t<div class=\"elementor-element elementor-element-fffa729 elementor-widget elementor-widget-text-editor\" data-id=\"fffa729\" data-element_type=\"widget\" data-e-type=\"widget\" data-widget_type=\"text-editor.default\">\n\t\t\t\t\t\t\t\t\t<h3>A NOSSA VIS\u00c3O<\/h3>\nA nossa Vis\u00e3o \u00e9 continuar a ser uma empresa centrada no cliente, o que tem determinado o nosso desenvolvimento, expans\u00e3o comercial e estrat\u00e9gia desde a nossa funda\u00e7\u00e3o, e continuar a fornecer aos nossos clientes produtos e servi\u00e7os de alta qualidade a pre\u00e7os justos. Como resultado, estabelecemos rela\u00e7\u00f5es comerciais frutuosas e de longo prazo com as empresas com as quais colabor\u00e1mos nos \u00faltimos anos. Oferecemos sempre aos nossos clientes o melhor apoio pr\u00e9-venda e p\u00f3s-venda.  \n\nComo resultado, estabelecemos rela\u00e7\u00f5es comerciais frutuosas e de longo prazo com as empresas com as quais colabor\u00e1mos nos \u00faltimos anos.\t\t\t\t\t\t\t\t<\/div>\n\t\t\t\t\t<\/div>\n\t\t<\/div>\n\t\t\t\t\t<\/div>\n\t\t<\/section>\n\t\t\t\t<\/div>\n\t\t","protected":false},"excerpt":{"rendered":"<p>Sobre N\u00f3s PERFIL DA EMPRESA A nossa empresa, BIOKAN G.P., foi fundada em 1988 e est\u00e1 sediada em Kozani, Gr\u00e9cia. Desde ent\u00e3o, temos fabricado estruturas em a\u00e7o inoxid\u00e1vel para restaurantes e outros estabelecimentos de restaura\u00e7\u00e3o. Ao longo dos \u00faltimos anos, especializ\u00e1mo-nos no fabrico de hotes de extra\u00e7\u00e3o industriais, fornos a carv\u00e3o e churrasqueiras rotativas com [&hellip;]<\/p>\n","protected":false},"author":1,"featured_media":0,"parent":0,"menu_order":0,"comment_status":"closed","ping_status":"closed","template":"","meta":{"footnotes":""},"categories":[123],"tags":[],"class_list":["post-271621","page","type-page","status-publish","hentry","category-outro"],"yoast_head":"<!-- This site is optimized with the Yoast SEO Premium plugin v27.3 (Yoast SEO v27.3) - https:\/\/yoast.com\/product\/yoast-seo-premium-wordpress\/ -->\n<title>Sobre N\u00f3s - roastergrills<\/title>\n<meta name=\"description\" content=\"Fabricantes de fornos a carv\u00e3o profissionais, grelhadores e churrasqueiras rotativas h\u00e1 35 anos. Oferecemos produtos da mais alta qualidade para o setor HoReCa.\" \/>\n<meta name=\"robots\" content=\"noindex, follow\" \/>\n<meta property=\"og:locale\" content=\"pt_PT\" \/>\n<meta property=\"og:type\" content=\"article\" \/>\n<meta property=\"og:title\" content=\"Sobre N\u00f3s\" \/>\n<meta property=\"og:description\" content=\"Fabricantes de fornos a carv\u00e3o profissionais, grelhadores e churrasqueiras rotativas h\u00e1 35 anos. Oferecemos produtos da mais alta qualidade para o setor HoReCa.\" \/>\n<meta property=\"og:url\" content=\"https:\/\/roastergrills.com\/pt\/sobre-nos\/\" \/>\n<meta property=\"og:site_name\" content=\"roastergrills\" \/>\n<meta property=\"article:publisher\" content=\"https:\/\/www.facebook.com\/RoasterOvens\/\" \/>\n<meta property=\"article:modified_time\" content=\"2026-04-03T16:11:13+00:00\" \/>\n<meta name=\"twitter:card\" content=\"summary_large_image\" \/>\n<meta name=\"twitter:label1\" content=\"Tempo estimado de leitura\" \/>\n\t<meta name=\"twitter:data1\" content=\"3 minutos\" \/>\n<script type=\"application\/ld+json\" class=\"yoast-schema-graph\">{\"@context\":\"https:\\\/\\\/schema.org\",\"@graph\":[{\"@type\":\"WebPage\",\"@id\":\"https:\\\/\\\/roastergrills.com\\\/pt\\\/sobre-nos\\\/\",\"url\":\"https:\\\/\\\/roastergrills.com\\\/pt\\\/sobre-nos\\\/\",\"name\":\"Sobre N\u00f3s - roastergrills\",\"isPartOf\":{\"@id\":\"https:\\\/\\\/roastergrills.com\\\/pt\\\/#website\"},\"datePublished\":\"2022-01-27T12:12:52+00:00\",\"dateModified\":\"2026-04-03T16:11:13+00:00\",\"description\":\"Fabricantes de fornos a carv\u00e3o profissionais, grelhadores e churrasqueiras rotativas h\u00e1 35 anos. Oferecemos produtos da mais alta qualidade para o setor HoReCa.\",\"breadcrumb\":{\"@id\":\"https:\\\/\\\/roastergrills.com\\\/pt\\\/sobre-nos\\\/#breadcrumb\"},\"inLanguage\":\"pt-PT\",\"potentialAction\":[{\"@type\":\"ReadAction\",\"target\":[\"https:\\\/\\\/roastergrills.com\\\/pt\\\/sobre-nos\\\/\"]}]},{\"@type\":\"BreadcrumbList\",\"@id\":\"https:\\\/\\\/roastergrills.com\\\/pt\\\/sobre-nos\\\/#breadcrumb\",\"itemListElement\":[{\"@type\":\"ListItem\",\"position\":1,\"name\":\"In\u00edcio\",\"item\":\"https:\\\/\\\/roastergrills.com\\\/pt\\\/roaster-fornos-a-carvao-profissionais-e-grelhadores\\\/\"},{\"@type\":\"ListItem\",\"position\":2,\"name\":\"Sobre N\u00f3s\"}]},{\"@type\":\"WebSite\",\"@id\":\"https:\\\/\\\/roastergrills.com\\\/pt\\\/#website\",\"url\":\"https:\\\/\\\/roastergrills.com\\\/pt\\\/\",\"name\":\"roastergrills\",\"description\":\"Commercial Charcoal Ovens and Grills\",\"publisher\":{\"@id\":\"https:\\\/\\\/roastergrills.com\\\/pt\\\/#organization\"},\"alternateName\":\"Roaster Ovens\",\"potentialAction\":[{\"@type\":\"SearchAction\",\"target\":{\"@type\":\"EntryPoint\",\"urlTemplate\":\"https:\\\/\\\/roastergrills.com\\\/pt\\\/?s={search_term_string}\"},\"query-input\":{\"@type\":\"PropertyValueSpecification\",\"valueRequired\":true,\"valueName\":\"search_term_string\"}}],\"inLanguage\":\"pt-PT\"},{\"@type\":\"Organization\",\"@id\":\"https:\\\/\\\/roastergrills.com\\\/pt\\\/#organization\",\"name\":\"Fornos a Carv\u00e3o Roaster\",\"alternateName\":\"Grelhadores Roaster\",\"url\":\"https:\\\/\\\/roastergrills.com\\\/pt\\\/\",\"logo\":{\"@type\":\"ImageObject\",\"inLanguage\":\"pt-PT\",\"@id\":\"https:\\\/\\\/roastergrills.com\\\/pt\\\/#\\\/schema\\\/logo\\\/image\\\/\",\"url\":\"https:\\\/\\\/roastergrills.com\\\/wp-content\\\/uploads\\\/2021\\\/12\\\/roaster-charcoal-oven-logo-round.png\",\"contentUrl\":\"https:\\\/\\\/roastergrills.com\\\/wp-content\\\/uploads\\\/2021\\\/12\\\/roaster-charcoal-oven-logo-round.png\",\"width\":400,\"height\":319,\"caption\":\"Fornos a Carv\u00e3o Roaster\"},\"image\":{\"@id\":\"https:\\\/\\\/roastergrills.com\\\/pt\\\/#\\\/schema\\\/logo\\\/image\\\/\"},\"sameAs\":[\"https:\\\/\\\/www.facebook.com\\\/RoasterOvens\\\/\",\"https:\\\/\\\/www.instagram.com\\\/roaster_ovens\\\/\",\"https:\\\/\\\/www.linkedin.com\\\/company\\\/biokan-oe\",\"https:\\\/\\\/www.youtube.com\\\/channel\\\/UCjOpxGWZamP7FVeQ2Dx45yA\"]}]}<\/script>\n<!-- \/ Yoast SEO Premium plugin. -->","yoast_head_json":{"title":"Sobre N\u00f3s - roastergrills","description":"Fabricantes de fornos a carv\u00e3o profissionais, grelhadores e churrasqueiras rotativas h\u00e1 35 anos. Oferecemos produtos da mais alta qualidade para o setor HoReCa.","robots":{"index":"noindex","follow":"follow"},"og_locale":"pt_PT","og_type":"article","og_title":"Sobre N\u00f3s","og_description":"Fabricantes de fornos a carv\u00e3o profissionais, grelhadores e churrasqueiras rotativas h\u00e1 35 anos. Oferecemos produtos da mais alta qualidade para o setor HoReCa.","og_url":"https:\/\/roastergrills.com\/pt\/sobre-nos\/","og_site_name":"roastergrills","article_publisher":"https:\/\/www.facebook.com\/RoasterOvens\/","article_modified_time":"2026-04-03T16:11:13+00:00","twitter_card":"summary_large_image","twitter_misc":{"Tempo estimado de leitura":"3 minutos"},"schema":{"@context":"https:\/\/schema.org","@graph":[{"@type":"WebPage","@id":"https:\/\/roastergrills.com\/pt\/sobre-nos\/","url":"https:\/\/roastergrills.com\/pt\/sobre-nos\/","name":"Sobre N\u00f3s - roastergrills","isPartOf":{"@id":"https:\/\/roastergrills.com\/pt\/#website"},"datePublished":"2022-01-27T12:12:52+00:00","dateModified":"2026-04-03T16:11:13+00:00","description":"Fabricantes de fornos a carv\u00e3o profissionais, grelhadores e churrasqueiras rotativas h\u00e1 35 anos. Oferecemos produtos da mais alta qualidade para o setor HoReCa.","breadcrumb":{"@id":"https:\/\/roastergrills.com\/pt\/sobre-nos\/#breadcrumb"},"inLanguage":"pt-PT","potentialAction":[{"@type":"ReadAction","target":["https:\/\/roastergrills.com\/pt\/sobre-nos\/"]}]},{"@type":"BreadcrumbList","@id":"https:\/\/roastergrills.com\/pt\/sobre-nos\/#breadcrumb","itemListElement":[{"@type":"ListItem","position":1,"name":"In\u00edcio","item":"https:\/\/roastergrills.com\/pt\/roaster-fornos-a-carvao-profissionais-e-grelhadores\/"},{"@type":"ListItem","position":2,"name":"Sobre N\u00f3s"}]},{"@type":"WebSite","@id":"https:\/\/roastergrills.com\/pt\/#website","url":"https:\/\/roastergrills.com\/pt\/","name":"roastergrills","description":"Commercial Charcoal Ovens and Grills","publisher":{"@id":"https:\/\/roastergrills.com\/pt\/#organization"},"alternateName":"Roaster Ovens","potentialAction":[{"@type":"SearchAction","target":{"@type":"EntryPoint","urlTemplate":"https:\/\/roastergrills.com\/pt\/?s={search_term_string}"},"query-input":{"@type":"PropertyValueSpecification","valueRequired":true,"valueName":"search_term_string"}}],"inLanguage":"pt-PT"},{"@type":"Organization","@id":"https:\/\/roastergrills.com\/pt\/#organization","name":"Fornos a Carv\u00e3o Roaster","alternateName":"Grelhadores Roaster","url":"https:\/\/roastergrills.com\/pt\/","logo":{"@type":"ImageObject","inLanguage":"pt-PT","@id":"https:\/\/roastergrills.com\/pt\/#\/schema\/logo\/image\/","url":"https:\/\/roastergrills.com\/wp-content\/uploads\/2021\/12\/roaster-charcoal-oven-logo-round.png","contentUrl":"https:\/\/roastergrills.com\/wp-content\/uploads\/2021\/12\/roaster-charcoal-oven-logo-round.png","width":400,"height":319,"caption":"Fornos a Carv\u00e3o Roaster"},"image":{"@id":"https:\/\/roastergrills.com\/pt\/#\/schema\/logo\/image\/"},"sameAs":["https:\/\/www.facebook.com\/RoasterOvens\/","https:\/\/www.instagram.com\/roaster_ovens\/","https:\/\/www.linkedin.com\/company\/biokan-oe","https:\/\/www.youtube.com\/channel\/UCjOpxGWZamP7FVeQ2Dx45yA"]}]}},"_links":{"self":[{"href":"https:\/\/roastergrills.com\/pt\/wp-json\/wp\/v2\/pages\/271621","targetHints":{"allow":["GET"]}}],"collection":[{"href":"https:\/\/roastergrills.com\/pt\/wp-json\/wp\/v2\/pages"}],"about":[{"href":"https:\/\/roastergrills.com\/pt\/wp-json\/wp\/v2\/types\/page"}],"author":[{"embeddable":true,"href":"https:\/\/roastergrills.com\/pt\/wp-json\/wp\/v2\/users\/1"}],"replies":[{"embeddable":true,"href":"https:\/\/roastergrills.com\/pt\/wp-json\/wp\/v2\/comments?post=271621"}],"version-history":[{"count":1,"href":"https:\/\/roastergrills.com\/pt\/wp-json\/wp\/v2\/pages\/271621\/revisions"}],"predecessor-version":[{"id":271639,"href":"https:\/\/roastergrills.com\/pt\/wp-json\/wp\/v2\/pages\/271621\/revisions\/271639"}],"wp:attachment":[{"href":"https:\/\/roastergrills.com\/pt\/wp-json\/wp\/v2\/media?parent=271621"}],"wp:term":[{"taxonomy":"category","embeddable":true,"href":"https:\/\/roastergrills.com\/pt\/wp-json\/wp\/v2\/categories?post=271621"},{"taxonomy":"post_tag","embeddable":true,"href":"https:\/\/roastergrills.com\/pt\/wp-json\/wp\/v2\/tags?post=271621"}],"curies":[{"name":"wp","href":"https:\/\/api.w.org\/{rel}","templated":true}]}}