{"id":271665,"date":"2022-01-27T16:13:04","date_gmt":"2022-01-27T14:13:04","guid":{"rendered":"https:\/\/roastergrills.com\/termos-gerais-e-condicoes-de-venda\/"},"modified":"2026-04-03T18:11:40","modified_gmt":"2026-04-03T16:11:40","slug":"termos-gerais-e-condicoes-de-venda","status":"publish","type":"page","link":"https:\/\/roastergrills.com\/pt\/termos-gerais-e-condicoes-de-venda\/","title":{"rendered":"Termos Gerais e Condi\u00e7\u00f5es de Venda"},"content":{"rendered":"\t\t<div data-elementor-type=\"wp-page\" data-elementor-id=\"271665\" class=\"elementor elementor-271665 elementor-366\" data-elementor-post-type=\"page\">\n\t\t\t\t\t\t<section class=\"elementor-section elementor-top-section elementor-element elementor-element-5f53755a elementor-section-boxed elementor-section-height-default elementor-section-height-default\" data-id=\"5f53755a\" data-element_type=\"section\" data-e-type=\"section\">\n\t\t\t\t\t\t<div class=\"elementor-container elementor-column-gap-default\">\n\t\t\t\t\t<div class=\"elementor-column elementor-col-100 elementor-top-column elementor-element elementor-element-65075156\" data-id=\"65075156\" data-element_type=\"column\" data-e-type=\"column\">\n\t\t\t<div class=\"elementor-widget-wrap elementor-element-populated\">\n\t\t\t\t\t\t<div class=\"elementor-element elementor-element-57696539 elementor-widget elementor-widget-text-editor\" data-id=\"57696539\" data-element_type=\"widget\" data-e-type=\"widget\" data-widget_type=\"text-editor.default\">\n\t\t\t\t\t\t\t\t\t<p class=\"p1\"><strong>TERMOS E CONDI\u00c7\u00d5ES DE VENDA<\/strong><\/p><p class=\"p1\"><strong>1.ENCOMENDAS: <\/strong><br>\u2022 Todas as encomendas s\u00e3o enviadas por e-mail e s\u00e3o v\u00e1lidas ap\u00f3s confirma\u00e7\u00e3o do pagamento.<br>\u2022 Para pedidos especiais, \u00e9 necess\u00e1rio um desenho com todos os detalhes e dimens\u00f5es<br>mencionados.<br>\u2022 Eventuais varia\u00e7\u00f5es devem ser consentidas e confirmadas pela nossa Empresa e ser\u00e3o v\u00e1lidas apenas para a encomenda em causa.<br>\u2022 Uma vez aceite uma encomenda pela Empresa, o Cliente s\u00f3 pode cancelar, alterar ou suspender a encomenda (no todo ou em parte) se a Empresa concordar por escrito com esse cancelamento, altera\u00e7\u00e3o ou suspens\u00e3o.<\/p><p class=\"p1\">\u2022 Para cada encomenda, o Cliente aceita, sem reservas, os nossos Termos Gerais e Condi\u00e7\u00f5es de Venda.<\/p><p class=\"p1\"><strong>2. PRE\u00c7OS:<\/strong><br>\u2022 Todos os pre\u00e7os s\u00e3o isentos de impostos.<br>\u2022 Os pre\u00e7os est\u00e3o sujeitos a altera\u00e7\u00f5es sem aviso formal pr\u00e9vio, devido ao aumento do custo das mat\u00e9rias-primas e da m\u00e3o de obra. No entanto, o pre\u00e7o indicado no momento da encomenda mant\u00e9m-se v\u00e1lido. <br>\u2022 Os custos de envio, custos de embalagem e quaisquer outros encargos n\u00e3o est\u00e3o inclu\u00eddos. Todos os pre\u00e7os excluem quaisquer impostos ou taxas impostas por qualquer autoridade federal, estadual, municipal ou outra autoridade governamental que possam ser aplic\u00e1veis \u00e0 venda, utiliza\u00e7\u00e3o, entrega ou transporte dos Bens. O acima exposto, juntamente com todos os direitos, tarifas, impostos sobre o valor acrescentado, comiss\u00f5es de corretagem, seguro, transporte e<br>encargos de entrega, ser\u00e1 pago pelo cliente. O cliente ser\u00e1 respons\u00e1vel pelo pagamento de tais impostos e taxas, mesmo que a totalidade ou parte dos mesmos n\u00e3o tenha sido<br>adicionada ao pre\u00e7o da fatura, e pagar\u00e1 prontamente o respetivo montante mediante solicita\u00e7\u00e3o.   <\/p><p class=\"p1\"><strong>3.PAGAMENTOS:<\/strong><\/p><p class=\"p1\">\u2022 O pagamento de 100% dever\u00e1 ser efetuado antecipadamente ap\u00f3s a confirma\u00e7\u00e3o da encomenda.<\/p><p class=\"p1\">\u2022 Os pagamentos efetuados antecipadamente pelo Comprador \u00e0 Empresa podem ser aceites como sinal para reservar o(s) produto(s). Se o Comprador cancelar a encomenda em qualquer momento durante o processo de produ\u00e7\u00e3o, \u00e9 respons\u00e1vel pelos custos incorridos relacionados com a encomenda at\u00e9 esse momento. O sinal n\u00e3o \u00e9 reembols\u00e1vel para constru\u00e7\u00f5es especiais. Se o pagamento do saldo n\u00e3o for efetuado no prazo de dois (2) meses a contar da confirma\u00e7\u00e3o da encomenda, ent\u00e3o o(s) produto(s) \u00e9(s\u00e3o) considerado(s) dispon\u00edvel(eis) no armaz\u00e9m da Empresa. Quando o pagamento do saldo for efetuado, ser\u00e1 indicado um novo prazo de entrega para a encomenda.    <\/p><p class=\"p1\">\u2022 Os pagamentos antecipados para constru\u00e7\u00f5es especiais devem cobrir o seu valor total quando inclu\u00eddas em cota\u00e7\u00f5es com produtos standard.<br>\u2022 Os pagamentos podem ser efetuados nas nossas instala\u00e7\u00f5es ou por transfer\u00eancia banc\u00e1ria para a conta banc\u00e1ria da nossa empresa, conforme indicado na confirma\u00e7\u00e3o da encomenda e no<br>final desta p\u00e1gina.<br>\u2022 N\u00e3o s\u00e3o admitidas aproxima\u00e7\u00f5es, redu\u00e7\u00f5es arbitr\u00e1rias ou atrasos.<\/p><p class=\"p1\"><strong>4. CONDI\u00c7\u00d5ES DE ENTREGA:<\/strong><\/p><p class=\"p1\">\u2022 O prazo de produ\u00e7\u00e3o e de entrega aproximado \u00e9 indicado com a emiss\u00e3o da fatura proforma.<br>\u2022 O prazo de entrega depende da disponibilidade dos produtos no momento espec\u00edfico da encomenda. O tempo de produ\u00e7\u00e3o depende da carga de trabalho no momento espec\u00edfico da confirma\u00e7\u00e3o da encomenda. <br>\u2022 Todas as datas de entrega s\u00e3o aproximadas, e a Empresa n\u00e3o garante a data de entrega. A Empresa n\u00e3o ser\u00e1 respons\u00e1vel por qualquer atraso na entrega ou<br>qualquer outro incumprimento devido a ocorr\u00eancias ou conting\u00eancias, incluindo, mas n\u00e3o se limitando a, inc\u00eandio, inunda\u00e7\u00e3o, embargo, greve, encerramento, lockouts, incapacidade de obter materiais ou m\u00e3o de obra a partir das fontes habituais de fornecimento, restri\u00e7\u00f5es governamentais, condi\u00e7\u00f5es consideradas \u201cfor\u00e7a maior\u201d, atrasos ocasionados por quaisquer subcontratados, encaminhamento incorreto, ou quaisquer outras circunst\u00e2ncias fora do controlo da Empresa que impe\u00e7am a Empresa de atuar no curso normal e habitual da sua atividade. <br>\u2022 A descarga das mercadorias ser\u00e1 da responsabilidade do Cliente e a Empresa n\u00e3o ser\u00e1 respons\u00e1vel por quaisquer danos resultantes da descarga das mercadorias pelo Cliente ou por qualquer pessoa em seu nome, ou por empregado ou agente do Cliente.<br>\u2022 Quando as mercadorias s\u00e3o entregues num local espec\u00edfico ou quando est\u00e3o sujeitas a transbordos, ficam inteiramente por conta e risco do Cliente, mesmo que a ordem de expedi\u00e7\u00e3o e os acordos de transporte tenham sido efetuados pela nossa Empresa a pedido do Comprador.<\/p><p><strong>5. GARANTIA:  <\/strong><\/p><p class=\"p1\">\u2022 A BIOKAN GP garante UMA garantia de um ano a partir da data de compra de toda a<br>lista de produtos, contra qualquer defeito nos materiais e nos componentes utilizados<br>durante o seu fabrico.<br>\u2022 O Comprador ou o Utilizador final \u00e9 respons\u00e1vel por quaisquer danos causados por utiliza\u00e7\u00e3o incorreta ou inadequada. O Comprador ou o Utilizador final deve seguir rigorosamente as instru\u00e7\u00f5es do manual do utilizador.<br>\u2022 O Comprador deve inspecionar os produtos imediatamente ap\u00f3s a entrega e quaisquer reclama\u00e7\u00f5es ou contesta\u00e7\u00f5es devem ser enviadas por e-mail para a nossa empresa no prazo de<br>cinco (5) dias \u00fateis.<br>\u2022 O risco de perda, destrui\u00e7\u00e3o ou dano do produto durante o transporte \u00e9 da responsabilidade do Comprador ou do transportador, mesmo que a ordem de expedi\u00e7\u00e3o tenha sido<br>dada pela nossa Empresa a pedido do Comprador.<br>\u2022 Todas as repara\u00e7\u00f5es durante os per\u00edodos de garantia de 12 meses s\u00e3o efetuadas na nossa<br>f\u00e1brica na Gr\u00e9cia. O Comprador \u00e9 respons\u00e1vel pelo envio dos produtos e suporta exclusivamente o custo de transporte.  <\/p><p><span style=\"text-decoration: underline;\"><strong>A GARANTIA N\u00c3O SER\u00c1 V\u00c1LIDA NAS SEGUINTES<\/strong><\/span><br><span style=\"text-decoration: underline;\"><strong>CIRCUNST\u00c2NCIAS<\/strong><\/span><\/p><p><strong>i. <\/strong>Quando o Comprador ou o Utilizador final n\u00e3o segue rigorosamente as instru\u00e7\u00f5es de utiliza\u00e7\u00e3o do manual.<br><strong>ii.<\/strong> Quando o produto tiver sido utilizado indevidamente, danificado ou exposto a qualquer l\u00edquido ou subst\u00e2ncia corrosiva, ou por quaisquer outras falhas imput\u00e1veis ao Comprador ou ao Utilizador final.<br><strong>iii.<\/strong> Quando o produto tiver sido modificado ou reparado por pessoal n\u00e3o qualificado.<br><strong>iv.<\/strong> Quando a avaria se deve ao desgaste normal do produto e das suas pe\u00e7as devido a utiliza\u00e7\u00e3o prolongada.<br><strong>v.<\/strong> Quando o dano \u00e9 causado por l\u00edquidos, qu\u00edmicos ou produtos que n\u00e3o devem ser vertidos para o interior do produto.<\/p><p class=\"p1\"><strong>6. MARCA REGISTADA<\/strong><\/p><p class=\"p1\">\u2022 O nome ROASTER est\u00e1 oficialmente registado e n\u00e3o pode ser legalmente utilizado por outro produtor ou empresa.<\/p><p class=\"p1\">\u2022 N\u00e3o \u00e9 permitido utilizar o dom\u00ednio www.roastergrills.xxx<\/p><p>\u2022 \u00c9 necess\u00e1ria autoriza\u00e7\u00e3o da Empresa para utilizar a marca ou o log\u00f3tipo em websites ou em qualquer outro material de marketing, exceto se for para fins editoriais ou informativos.<\/p><p class=\"p1\"><strong>7. <\/strong><strong>LIT\u00cdGIOS LEGAIS:<\/strong><br>A BIOKAN GP e as suas transa\u00e7\u00f5es comerciais ser\u00e3o regidas pela lei grega. Para qualquer lit\u00edgio legal, s\u00e3o competentes os tribunais de Atenas, Gr\u00e9cia. <\/p><p>&#8212;&#8212;&#8212;&#8212;&#8212;&#8212;&#8212;&#8212;&#8212;&#8212;&#8212;&#8212;&#8212;&#8212;&#8212;&#8212;&#8212;&#8212;&#8212;&#8212;&#8212;&#8212;&#8212;&#8212;&#8212;&#8212;&#8212;&#8212;&#8212;&#8212;&#8212;&#8212;&#8212;&#8212;&#8212;&#8212;&#8212;&#8212;&#8212;&#8212;&#8212;<br>&#8212;&#8212;&#8212;&#8212;&#8212;&#8212;&#8212;&#8212;&#8212;&#8212;&#8212;&#8212;&#8212;&#8212;&#8212;&#8212;&#8212;&#8212;&#8212;&#8212;&#8212;&#8212;&#8212;&#8212;&#8212;&#8212;&#8212;&#8212;&#8212;&#8212;&#8212;&#8212;&#8212;&#8212;&#8212;&#8212;&#8212;&#8212;&#8212;&#8212;&#8212;<br><strong>DADOS BANC\u00c1RIOS<\/strong><br>BANCOS PARCEIROS:<br>Nome do banco: EFG EUROBANK ERGASIAS<br>Pa\u00eds: GR\u00c9CIA<br>Nome do benefici\u00e1rio: BIOKAN \u039f\u0395<br>IBAN: GR1102602390000730200838130<br>BIC: ERBKGRAAXXX<br>Morada do banco: OTHONOS STREET 8<br>Cidade do banco: ATENAS<\/p><p class=\"p1\"><strong>DADOS DA EMPRESA<\/strong><br><span style=\"text-decoration: underline;\">MORADA DA F\u00c1BRICA<\/span><br>2nd km. Kozanis<br>Neas Nikopolis, 50100, Kozani, GR\u00c9CIA<br>Tel.: +30 2461 0 36538 <br><span style=\"text-decoration: underline;\">MORADA DA SEDE<\/span><br>312 Syggrou<br>Av, Kallithea, 17673, Atenas, GR\u00c9CIA<br>Tel.: +30 21 0 2203458<\/p>\t\t\t\t\t\t\t\t<\/div>\n\t\t\t\t\t<\/div>\n\t\t<\/div>\n\t\t\t\t\t<\/div>\n\t\t<\/section>\n\t\t\t\t<\/div>\n\t\t","protected":false},"excerpt":{"rendered":"<p>TERMOS E CONDI\u00c7\u00d5ES DE VENDA 1.ENCOMENDAS: \u2022 Todas as encomendas s\u00e3o enviadas por e-mail e s\u00e3o v\u00e1lidas ap\u00f3s confirma\u00e7\u00e3o do pagamento.\u2022 Para pedidos especiais, \u00e9 necess\u00e1rio um desenho com todos os detalhes e dimens\u00f5esmencionados.\u2022 Eventuais varia\u00e7\u00f5es devem ser consentidas e confirmadas pela nossa Empresa e ser\u00e3o v\u00e1lidas apenas para a encomenda em causa.\u2022 Uma vez [&hellip;]<\/p>\n","protected":false},"author":1,"featured_media":0,"parent":0,"menu_order":0,"comment_status":"closed","ping_status":"closed","template":"","meta":{"footnotes":""},"categories":[123],"tags":[],"class_list":["post-271665","page","type-page","status-publish","hentry","category-outro"],"yoast_head":"<!-- This site is optimized with the Yoast SEO Premium plugin v27.3 (Yoast SEO v27.3) - https:\/\/yoast.com\/product\/yoast-seo-premium-wordpress\/ -->\n<title>Termos e Condi\u00e7\u00f5es do Roaster | roastergrills<\/title>\n<meta name=\"robots\" content=\"noindex, follow\" \/>\n<meta property=\"og:locale\" content=\"pt_PT\" \/>\n<meta property=\"og:type\" content=\"article\" \/>\n<meta property=\"og:title\" content=\"Termos Gerais e Condi\u00e7\u00f5es de Venda\" \/>\n<meta property=\"og:description\" content=\"TERMOS E CONDI\u00c7\u00d5ES DE VENDA 1.ENCOMENDAS: \u2022 Todas as encomendas s\u00e3o enviadas por e-mail e s\u00e3o v\u00e1lidas ap\u00f3s confirma\u00e7\u00e3o do pagamento.\u2022 Para pedidos especiais, \u00e9 necess\u00e1rio um desenho com todos os detalhes e dimens\u00f5esmencionados.\u2022 Eventuais varia\u00e7\u00f5es devem ser consentidas e confirmadas pela nossa Empresa e ser\u00e3o v\u00e1lidas apenas para a encomenda em causa.\u2022 Uma vez [&hellip;]\" \/>\n<meta property=\"og:url\" content=\"https:\/\/roastergrills.com\/pt\/termos-gerais-e-condicoes-de-venda\/\" \/>\n<meta property=\"og:site_name\" content=\"roastergrills\" \/>\n<meta property=\"article:publisher\" content=\"https:\/\/www.facebook.com\/RoasterOvens\/\" \/>\n<meta property=\"article:modified_time\" content=\"2026-04-03T16:11:40+00:00\" \/>\n<meta name=\"twitter:card\" content=\"summary_large_image\" \/>\n<meta name=\"twitter:label1\" content=\"Tempo estimado de leitura\" \/>\n\t<meta name=\"twitter:data1\" content=\"6 minutos\" \/>\n<script type=\"application\/ld+json\" class=\"yoast-schema-graph\">{\"@context\":\"https:\\\/\\\/schema.org\",\"@graph\":[{\"@type\":\"WebPage\",\"@id\":\"https:\\\/\\\/roastergrills.com\\\/pt\\\/termos-gerais-e-condicoes-de-venda\\\/\",\"url\":\"https:\\\/\\\/roastergrills.com\\\/pt\\\/termos-gerais-e-condicoes-de-venda\\\/\",\"name\":\"Termos e Condi\u00e7\u00f5es do Roaster | roastergrills\",\"isPartOf\":{\"@id\":\"https:\\\/\\\/roastergrills.com\\\/pt\\\/#website\"},\"datePublished\":\"2022-01-27T14:13:04+00:00\",\"dateModified\":\"2026-04-03T16:11:40+00:00\",\"breadcrumb\":{\"@id\":\"https:\\\/\\\/roastergrills.com\\\/pt\\\/termos-gerais-e-condicoes-de-venda\\\/#breadcrumb\"},\"inLanguage\":\"pt-PT\",\"potentialAction\":[{\"@type\":\"ReadAction\",\"target\":[\"https:\\\/\\\/roastergrills.com\\\/pt\\\/termos-gerais-e-condicoes-de-venda\\\/\"]}]},{\"@type\":\"BreadcrumbList\",\"@id\":\"https:\\\/\\\/roastergrills.com\\\/pt\\\/termos-gerais-e-condicoes-de-venda\\\/#breadcrumb\",\"itemListElement\":[{\"@type\":\"ListItem\",\"position\":1,\"name\":\"In\u00edcio\",\"item\":\"https:\\\/\\\/roastergrills.com\\\/pt\\\/roaster-fornos-a-carvao-profissionais-e-grelhadores\\\/\"},{\"@type\":\"ListItem\",\"position\":2,\"name\":\"Termos Gerais e Condi\u00e7\u00f5es de Venda\"}]},{\"@type\":\"WebSite\",\"@id\":\"https:\\\/\\\/roastergrills.com\\\/pt\\\/#website\",\"url\":\"https:\\\/\\\/roastergrills.com\\\/pt\\\/\",\"name\":\"roastergrills\",\"description\":\"Commercial Charcoal Ovens and Grills\",\"publisher\":{\"@id\":\"https:\\\/\\\/roastergrills.com\\\/pt\\\/#organization\"},\"alternateName\":\"Roaster Ovens\",\"potentialAction\":[{\"@type\":\"SearchAction\",\"target\":{\"@type\":\"EntryPoint\",\"urlTemplate\":\"https:\\\/\\\/roastergrills.com\\\/pt\\\/?s={search_term_string}\"},\"query-input\":{\"@type\":\"PropertyValueSpecification\",\"valueRequired\":true,\"valueName\":\"search_term_string\"}}],\"inLanguage\":\"pt-PT\"},{\"@type\":\"Organization\",\"@id\":\"https:\\\/\\\/roastergrills.com\\\/pt\\\/#organization\",\"name\":\"Fornos a Carv\u00e3o Roaster\",\"alternateName\":\"Grelhadores Roaster\",\"url\":\"https:\\\/\\\/roastergrills.com\\\/pt\\\/\",\"logo\":{\"@type\":\"ImageObject\",\"inLanguage\":\"pt-PT\",\"@id\":\"https:\\\/\\\/roastergrills.com\\\/pt\\\/#\\\/schema\\\/logo\\\/image\\\/\",\"url\":\"https:\\\/\\\/roastergrills.com\\\/wp-content\\\/uploads\\\/2021\\\/12\\\/roaster-charcoal-oven-logo-round.png\",\"contentUrl\":\"https:\\\/\\\/roastergrills.com\\\/wp-content\\\/uploads\\\/2021\\\/12\\\/roaster-charcoal-oven-logo-round.png\",\"width\":400,\"height\":319,\"caption\":\"Fornos a Carv\u00e3o Roaster\"},\"image\":{\"@id\":\"https:\\\/\\\/roastergrills.com\\\/pt\\\/#\\\/schema\\\/logo\\\/image\\\/\"},\"sameAs\":[\"https:\\\/\\\/www.facebook.com\\\/RoasterOvens\\\/\",\"https:\\\/\\\/www.instagram.com\\\/roaster_ovens\\\/\",\"https:\\\/\\\/www.linkedin.com\\\/company\\\/biokan-oe\",\"https:\\\/\\\/www.youtube.com\\\/channel\\\/UCjOpxGWZamP7FVeQ2Dx45yA\"]}]}<\/script>\n<!-- \/ Yoast SEO Premium plugin. -->","yoast_head_json":{"title":"Termos e Condi\u00e7\u00f5es do Roaster | roastergrills","robots":{"index":"noindex","follow":"follow"},"og_locale":"pt_PT","og_type":"article","og_title":"Termos Gerais e Condi\u00e7\u00f5es de Venda","og_description":"TERMOS E CONDI\u00c7\u00d5ES DE VENDA 1.ENCOMENDAS: \u2022 Todas as encomendas s\u00e3o enviadas por e-mail e s\u00e3o v\u00e1lidas ap\u00f3s confirma\u00e7\u00e3o do pagamento.\u2022 Para pedidos especiais, \u00e9 necess\u00e1rio um desenho com todos os detalhes e dimens\u00f5esmencionados.\u2022 Eventuais varia\u00e7\u00f5es devem ser consentidas e confirmadas pela nossa Empresa e ser\u00e3o v\u00e1lidas apenas para a encomenda em causa.\u2022 Uma vez [&hellip;]","og_url":"https:\/\/roastergrills.com\/pt\/termos-gerais-e-condicoes-de-venda\/","og_site_name":"roastergrills","article_publisher":"https:\/\/www.facebook.com\/RoasterOvens\/","article_modified_time":"2026-04-03T16:11:40+00:00","twitter_card":"summary_large_image","twitter_misc":{"Tempo estimado de leitura":"6 minutos"},"schema":{"@context":"https:\/\/schema.org","@graph":[{"@type":"WebPage","@id":"https:\/\/roastergrills.com\/pt\/termos-gerais-e-condicoes-de-venda\/","url":"https:\/\/roastergrills.com\/pt\/termos-gerais-e-condicoes-de-venda\/","name":"Termos e Condi\u00e7\u00f5es do Roaster | roastergrills","isPartOf":{"@id":"https:\/\/roastergrills.com\/pt\/#website"},"datePublished":"2022-01-27T14:13:04+00:00","dateModified":"2026-04-03T16:11:40+00:00","breadcrumb":{"@id":"https:\/\/roastergrills.com\/pt\/termos-gerais-e-condicoes-de-venda\/#breadcrumb"},"inLanguage":"pt-PT","potentialAction":[{"@type":"ReadAction","target":["https:\/\/roastergrills.com\/pt\/termos-gerais-e-condicoes-de-venda\/"]}]},{"@type":"BreadcrumbList","@id":"https:\/\/roastergrills.com\/pt\/termos-gerais-e-condicoes-de-venda\/#breadcrumb","itemListElement":[{"@type":"ListItem","position":1,"name":"In\u00edcio","item":"https:\/\/roastergrills.com\/pt\/roaster-fornos-a-carvao-profissionais-e-grelhadores\/"},{"@type":"ListItem","position":2,"name":"Termos Gerais e Condi\u00e7\u00f5es de Venda"}]},{"@type":"WebSite","@id":"https:\/\/roastergrills.com\/pt\/#website","url":"https:\/\/roastergrills.com\/pt\/","name":"roastergrills","description":"Commercial Charcoal Ovens and Grills","publisher":{"@id":"https:\/\/roastergrills.com\/pt\/#organization"},"alternateName":"Roaster Ovens","potentialAction":[{"@type":"SearchAction","target":{"@type":"EntryPoint","urlTemplate":"https:\/\/roastergrills.com\/pt\/?s={search_term_string}"},"query-input":{"@type":"PropertyValueSpecification","valueRequired":true,"valueName":"search_term_string"}}],"inLanguage":"pt-PT"},{"@type":"Organization","@id":"https:\/\/roastergrills.com\/pt\/#organization","name":"Fornos a Carv\u00e3o Roaster","alternateName":"Grelhadores Roaster","url":"https:\/\/roastergrills.com\/pt\/","logo":{"@type":"ImageObject","inLanguage":"pt-PT","@id":"https:\/\/roastergrills.com\/pt\/#\/schema\/logo\/image\/","url":"https:\/\/roastergrills.com\/wp-content\/uploads\/2021\/12\/roaster-charcoal-oven-logo-round.png","contentUrl":"https:\/\/roastergrills.com\/wp-content\/uploads\/2021\/12\/roaster-charcoal-oven-logo-round.png","width":400,"height":319,"caption":"Fornos a Carv\u00e3o Roaster"},"image":{"@id":"https:\/\/roastergrills.com\/pt\/#\/schema\/logo\/image\/"},"sameAs":["https:\/\/www.facebook.com\/RoasterOvens\/","https:\/\/www.instagram.com\/roaster_ovens\/","https:\/\/www.linkedin.com\/company\/biokan-oe","https:\/\/www.youtube.com\/channel\/UCjOpxGWZamP7FVeQ2Dx45yA"]}]}},"_links":{"self":[{"href":"https:\/\/roastergrills.com\/pt\/wp-json\/wp\/v2\/pages\/271665","targetHints":{"allow":["GET"]}}],"collection":[{"href":"https:\/\/roastergrills.com\/pt\/wp-json\/wp\/v2\/pages"}],"about":[{"href":"https:\/\/roastergrills.com\/pt\/wp-json\/wp\/v2\/types\/page"}],"author":[{"embeddable":true,"href":"https:\/\/roastergrills.com\/pt\/wp-json\/wp\/v2\/users\/1"}],"replies":[{"embeddable":true,"href":"https:\/\/roastergrills.com\/pt\/wp-json\/wp\/v2\/comments?post=271665"}],"version-history":[{"count":3,"href":"https:\/\/roastergrills.com\/pt\/wp-json\/wp\/v2\/pages\/271665\/revisions"}],"predecessor-version":[{"id":271783,"href":"https:\/\/roastergrills.com\/pt\/wp-json\/wp\/v2\/pages\/271665\/revisions\/271783"}],"wp:attachment":[{"href":"https:\/\/roastergrills.com\/pt\/wp-json\/wp\/v2\/media?parent=271665"}],"wp:term":[{"taxonomy":"category","embeddable":true,"href":"https:\/\/roastergrills.com\/pt\/wp-json\/wp\/v2\/categories?post=271665"},{"taxonomy":"post_tag","embeddable":true,"href":"https:\/\/roastergrills.com\/pt\/wp-json\/wp\/v2\/tags?post=271665"}],"curies":[{"name":"wp","href":"https:\/\/api.w.org\/{rel}","templated":true}]}}