{"id":271734,"date":"2022-01-27T16:17:02","date_gmt":"2022-01-27T14:17:02","guid":{"rendered":"https:\/\/roastergrills.com\/politica-de-privacidade\/"},"modified":"2026-04-03T18:11:44","modified_gmt":"2026-04-03T16:11:44","slug":"politica-de-privacidade","status":"publish","type":"page","link":"https:\/\/roastergrills.com\/pt\/politica-de-privacidade\/","title":{"rendered":"Pol\u00edtica de Privacidade"},"content":{"rendered":"\t\t<div data-elementor-type=\"wp-page\" data-elementor-id=\"271734\" class=\"elementor elementor-271734 elementor-369\" data-elementor-post-type=\"page\">\n\t\t\t\t\t\t<section class=\"elementor-section elementor-top-section elementor-element elementor-element-4fea3dde elementor-section-boxed elementor-section-height-default elementor-section-height-default\" data-id=\"4fea3dde\" data-element_type=\"section\" data-e-type=\"section\">\n\t\t\t\t\t\t<div class=\"elementor-container elementor-column-gap-default\">\n\t\t\t\t\t<div class=\"elementor-column elementor-col-100 elementor-top-column elementor-element elementor-element-3ff3b83d\" data-id=\"3ff3b83d\" data-element_type=\"column\" data-e-type=\"column\">\n\t\t\t<div class=\"elementor-widget-wrap elementor-element-populated\">\n\t\t\t\t\t\t<div class=\"elementor-element elementor-element-5ef1bcb elementor-widget elementor-widget-text-editor\" data-id=\"5ef1bcb\" data-element_type=\"widget\" data-e-type=\"widget\" data-widget_type=\"text-editor.default\">\n\t\t\t\t\t\t\t\t\t<p><strong style=\"color: inherit; font-family: inherit; font-size: 2rem;\">Pol\u00edtica de privacidade<\/strong><\/p><p data-wahfont=\"16\">Na BIOKAN G.P., a nossa principal prioridade \u00e9 a prote\u00e7\u00e3o dos seus dados pessoais e informa\u00e7\u00f5es, em qualquer forma que contacte ou coopere connosco.<\/p><p data-wahfont=\"16\">Trabalhamos constantemente para processar e armazenar adequadamente as informa\u00e7\u00f5es que partilha connosco.<\/p><p data-wahfont=\"16\">Esta pol\u00edtica aplica-se a todos os indiv\u00edduos e empresas que trabalham com a nossa empresa, tais como clientes ativos ou antigos, colaboradores, fornecedores ou outros associados.<\/p><p data-wahfont=\"16\">Recolhemos e utilizamos as suas informa\u00e7\u00f5es em nosso nome, com base no seu consentimento ou conforme exigido por lei.<\/p><p data-wahfont=\"16\">Os dados pessoais s\u00e3o definidos como qualquer informa\u00e7\u00e3o que possa levar \u00e0 sua identifica\u00e7\u00e3o \u00fanica ou identifica\u00e7\u00e3o como pessoa singular, seja diretamente ou em combina\u00e7\u00e3o com outras informa\u00e7\u00f5es.<\/p><p data-wahfont=\"16\">Alguns destes elementos s\u00e3o o seu hist\u00f3rico de pesquisa na Internet (ficheiros de registo, cookies, etc.), n\u00famero de registo da seguran\u00e7a social, o seu endere\u00e7o f\u00edsico e de correio eletr\u00f3nico, o seu nome, os seus n\u00fameros de telefone fixo e m\u00f3vel, os seus cart\u00f5es banc\u00e1rios\/de d\u00e9bito\/pr\u00e9-pagos, endere\u00e7os de correio eletr\u00f3nico, n\u00famero de contribuinte, dados de avalia\u00e7\u00e3o e qualquer outra informa\u00e7\u00e3o que conduza \u00e0 sua identifica\u00e7\u00e3o \u00fanica de acordo com as disposi\u00e7\u00f5es do Regulamento Geral de Prote\u00e7\u00e3o de Dados Pessoais (RGPD 2016\/679) e a legisla\u00e7\u00e3o grega em vigor e as decis\u00f5es da Autoridade de Prote\u00e7\u00e3o de Dados Pessoais (APDPX).<\/p><p data-wahfont=\"16\">Na BIOKAN G.P., constru\u00edmos e investimos em parcerias, ao mesmo tempo que apreciamos muito a confian\u00e7a que nos demonstra.<\/p><h2 data-wahfont=\"32\"><strong>Que informa\u00e7\u00f5es recolhemos e como<\/strong><\/h2><p data-wahfont=\"16\">Dependendo do tipo de colabora\u00e7\u00e3o que temos, fornece-nos informa\u00e7\u00f5es diretas como Nome, Apelido, N\u00famero de Identifica\u00e7\u00e3o Fiscal, correio eletr\u00f3nico pessoal ou da empresa, endere\u00e7o postal para emiss\u00e3o de fatura ou outro documento legal, dados de conta banc\u00e1ria ou cart\u00e3o banc\u00e1rio para casos de remessa e outras informa\u00e7\u00f5es relevantes para o servi\u00e7o que prestamos. Para utilizar os nossos servi\u00e7os, garantimos que lhe solicitaremos os dados pessoais m\u00ednimos e sempre de acordo com as Leis e Regulamentos aplic\u00e1veis. <\/p><p data-wahfont=\"16\">As informa\u00e7\u00f5es acima s\u00e3o recolhidas nos seguintes casos:<\/p><ul><li>Caso visite o nosso s\u00edtio Web e solicite contacto connosco.<\/li><li>Em casos de encomenda dos nossos produtos ou servi\u00e7os.<\/li><li>Atrav\u00e9s do centro de atendimento telef\u00f3nico.<\/li><li>Atrav\u00e9s de servi\u00e7os de apoio.<\/li><\/ul><p data-wahfont=\"16\">Al\u00e9m das informa\u00e7\u00f5es que nos fornece, podemos recolher informa\u00e7\u00f5es de in\u00edcio de sess\u00e3o relativas \u00e0 sua visita ao nosso s\u00edtio Web, atrav\u00e9s de cookies. Tais informa\u00e7\u00f5es s\u00e3o a hora e dura\u00e7\u00e3o da sua visita, mas tamb\u00e9m outras que s\u00e3o armazenadas em cookies. <\/p><p data-wahfont=\"16\">A empresa \u0392\u0399\u039f\u039a\u0391\u039d \u039f.\u0395. recolhe e utiliza os seus dados pessoais com base no tempo de utiliza\u00e7\u00e3o dos servi\u00e7os oferecidos e em combina\u00e7\u00e3o com a natureza financeira, legal ou outra da coopera\u00e7\u00e3o entre si, sempre no \u00e2mbito das Leis e Regulamentos aplic\u00e1veis e com base no respetivo objetivo do tratamento. No final deste per\u00edodo de coopera\u00e7\u00e3o, destr\u00f3i-os.<\/p><h2 data-wahfont=\"32\"><strong>Atrav\u00e9s de Terceiros<\/strong><\/h2><p data-wahfont=\"16\">Podemos recolher informa\u00e7\u00f5es sobre si ou combin\u00e1-las com outras que nos fornece diretamente, atrav\u00e9s de empresas terceiras ou empresas de redes sociais. Sempre dentro dos limites permitidos estabelecidos por lei. <\/p><p data-wahfont=\"16\">Indicativamente, recolhemos informa\u00e7\u00f5es que publicou ou at\u00e9 consentiu de empresas como Google, LinkedIn, Facebook, Twitter, Instagram.<\/p><h2 data-wahfont=\"32\">Pol\u00edtica de Recolha de Dados de Menores<\/h2><p data-wahfont=\"16\">Observamos que, para a execu\u00e7\u00e3o dos nossos servi\u00e7os e trabalho, n\u00e3o recolhemos, processamos informa\u00e7\u00f5es, nem fornecemos os nossos servi\u00e7os a pessoas com menos de 18 anos de idade.<\/p><h2 data-wahfont=\"32\">Transfer\u00eancia de dados para Terceiros e Pa\u00edses Terceiros<\/h2><p data-wahfont=\"16\">A empresa \u0392\u0399\u039f\u039a\u0391\u039d \u039f.\u0395. n\u00e3o transmite dados pessoais a terceiros que n\u00e3o sejam os parceiros ou fornecedores necess\u00e1rios para o cumprimento das obriga\u00e7\u00f5es comerciais e legais da empresa.<\/p><p data-wahfont=\"16\">Os parceiros externos da empresa s\u00e3o:<\/p><ul><li>Consultores jur\u00eddicos<\/li><li>Consultores financeiros e empresariais<\/li><li>Auditores e contabilistas<\/li><\/ul><p data-wahfont=\"16\">Todos os acima mencionados est\u00e3o vinculados por acordos de armazenamento e processamento de dados e, de acordo com o RGPD, s\u00e3o obrigados a garantir a confidencialidade e prote\u00e7\u00e3o destes dados.<\/p><p data-wahfont=\"16\">A empresa \u0392\u0399\u039f\u039a\u0391\u039d \u039f.\u0395. n\u00e3o transmite dados pessoais a pa\u00edses terceiros.<\/p><p data-wahfont=\"16\">A empresa \u0392\u0399\u039f\u039a\u0391\u039d \u039f.\u0395. e, em qualquer caso, recebe os meios organizacionais e t\u00e9cnicos adequados para o armazenamento e prote\u00e7\u00e3o dos seus dados pessoais, sempre de acordo com a legisla\u00e7\u00e3o aplic\u00e1vel.<\/p><h2 data-wahfont=\"32\">Conserva\u00e7\u00e3o de dados pessoais<\/h2><p data-wahfont=\"16\">A empresa \u0392\u0399\u039f\u039a\u0391\u039d \u039f.\u0395. mant\u00e9m e processa as informa\u00e7\u00f5es e dados que recolhe durante o tempo que durar a rela\u00e7\u00e3o comercial com qualquer parceiro, mas tamb\u00e9m o cumprimento de todas as obriga\u00e7\u00f5es legais e outras. Tamb\u00e9m nomeou, atrav\u00e9s de um procedimento interno, o respons\u00e1vel pela gest\u00e3o de dados pessoais.<\/p><p data-wahfont=\"16\">Os dados s\u00e3o eliminados:<\/p><ul><li>Mediante o seu pedido ou obje\u00e7\u00e3o ao tratamento, a menos que existam fundamentos legais para a reten\u00e7\u00e3o destes dados.<\/li><li>Em caso de retirada do seu consentimento, ap\u00f3s ter sido processado com o mesmo.<\/li><li>Caso os dados deixem de ser necess\u00e1rios para os fins recolhidos ou processados ou n\u00e3o cumpram uma obriga\u00e7\u00e3o legal.<\/li><\/ul><h2 data-wahfont=\"32\"><strong>Utiliza\u00e7\u00e3o de dados<\/strong><\/h2><p data-wahfont=\"16\">Podemos utilizar ou processar os dados que recolhemos para os fins descritos abaixo:<\/p><ul><li>Para inform\u00e1-lo sobre servi\u00e7os ou ofertas que possam ser do seu interesse.<\/li><li>Para promover os seus servi\u00e7os e produtos, se nos tiver dado o seu consentimento, ou se estivermos legalmente cobertos.<\/li><li>Para outros fins de marketing, tais como boletim informativo da empresa (Newsletter), hist\u00f3rias de sucesso e outras atividades promocionais.<\/li><li>Para o fornecimento de c\u00f3digos e palavras-passe para utiliza\u00e7\u00e3o em casos DEMO do software ou da sua encomenda.<\/li><li>Para a observ\u00e2ncia das nossas obriga\u00e7\u00f5es no \u00e2mbito da nossa coopera\u00e7\u00e3o.<\/li><li>Para o seu registo no nosso servi\u00e7o ou neste s\u00edtio Web.<\/li><li>Para todas as a\u00e7\u00f5es necess\u00e1rias para fornecer suporte de software, tais como uma plataforma de base de conhecimento ou acesso remoto.<\/li><li>Para casos de atualiza\u00e7\u00f5es, novas funcionalidades e outras a\u00e7\u00f5es.<\/li><\/ul><p data-wahfont=\"16\">A qualquer momento, pode submeter um pedido para interromper o processamento ou armazenamento dos seus dados pessoais em <a href=\"mailto:mail@biokan.gr\" data-wahfont=\"16\">mail@biokan.gr<\/a><\/p><h2 data-wahfont=\"32\"><strong>Subscrever a Newsletter. Direitos e Acesso <\/strong><\/h2><p data-wahfont=\"16\">A empresa \u0392\u0399\u039f\u039a\u0391\u039d \u039f.\u0395. \u00e9 respons\u00e1vel pelo armazenamento e processamento dos seus dados pessoais, ao subscrever a lista de destinat\u00e1rios da newsletter, recebe o seu consentimento para lhe enviar material informativo sobre not\u00edcias da empresa, novos servi\u00e7os, ofertas e produtos.<\/p><p data-wahfont=\"16\">A empresa \u0392\u0399\u039f\u039a\u0391\u039d \u039f.\u0395. n\u00e3o transmitir\u00e1 nem vender\u00e1 nenhum dos seus dados pessoais a terceiros para fins de marketing. Os seus dados pessoais para estes fins ser\u00e3o utilizados apenas pela empresa VIOKAN OE.<\/p><p data-wahfont=\"16\">A subscri\u00e7\u00e3o da Newsletter e a sua declara\u00e7\u00e3o de consentimento produzem efeitos das seguintes formas:<\/p><ul><li>Mediante pedido por escrito dos interessados.<\/li><li>Ao encomendar servi\u00e7os ou produtos.<\/li><li>Ao enviar um pedido de atualiza\u00e7\u00e3o de software a partir do s\u00edtio Web.<\/li><\/ul><p data-wahfont=\"16\">A validade da declara\u00e7\u00e3o de consentimento \u00e9 observada durante todo o per\u00edodo de tempo em que recebe a newsletter e 6 meses a partir da cessa\u00e7\u00e3o da sua submiss\u00e3o.<\/p><p data-wahfont=\"16\">Tem o direito de retirar o seu consentimento seguindo a liga\u00e7\u00e3o na parte inferior de cada newsletter.<\/p><p data-wahfont=\"16\">Tamb\u00e9m tem o direito de<\/p><ul><li>Aceder e exigir os dados que armazenamos e processamos.<\/li><li>Restri\u00e7\u00e3o do processamento. Ao submeter uma candidatura, deixaremos de processar os seus dados. <\/li><li>Obje\u00e7\u00e3o ou revoga\u00e7\u00e3o do seu consentimento. N\u00e3o receber\u00e1 novamente uma newsletter da nossa parte. <\/li><li>Eliminar os seus dados pessoais<\/li><\/ul><p data-wahfont=\"16\">Pode exercer estes direitos enviando uma candidatura para o endere\u00e7o de correio eletr\u00f3nico: mail@biokan.gr<\/p><p data-wahfont=\"16\">Observe que qualquer revoga\u00e7\u00e3o do consentimento n\u00e3o afeta a legalidade do processamento baseado no consentimento antes de ser retirado ou revogado por si.<\/p><h2 data-wahfont=\"32\"><strong>Reclama\u00e7\u00e3o \u00e0 Autoridade de Prote\u00e7\u00e3o de Dados Pessoais<\/strong><\/h2><p data-wahfont=\"16\">Se considerar que o processamento dos seus dados pessoais viola a legisla\u00e7\u00e3o sobre prote\u00e7\u00e3o de dados pessoais, pode apresentar uma reclama\u00e7\u00e3o \u00e0 Autoridade de Prote\u00e7\u00e3o de Dados Pessoais <a href=\"http:\/\/www.dpa.gr\/\" data-wahfont=\"16\">www.dpa.gr<\/a><\/p><p data-wahfont=\"16\">Antes de submeter a reclama\u00e7\u00e3o, deve contactar-nos, exercendo os seus direitos acima mencionados de acordo com e em conformidade com o RGPD. Se n\u00e3o satisfizermos os seus pedidos, ou a nossa resposta for considerada insuficiente, tem o direito de proceder com a reclama\u00e7\u00e3o \u00e0 Autoridade de Prote\u00e7\u00e3o de Dados Pessoais www.dpa.gr <\/p><p data-wahfont=\"16\">Contacte-nos para quaisquer quest\u00f5es ou esclarecimentos relativos ao processamento dos seus dados pessoais e ao exerc\u00edcio dos seus direitos.<\/p><h2 data-wahfont=\"32\"><strong>Pol\u00edtica de Cookies<\/strong><\/h2><p data-wahfont=\"16\">O nosso s\u00edtio Web www.biokan.gr e de acordo com a Diretiva de Regulamento Provis\u00f3rio E-Privacy 2009\/136\/CE da UE, utiliza cookies.<\/p><p data-wahfont=\"16\">Isto \u00e9 feito sem o armazenamento de informa\u00e7\u00f5es identific\u00e1veis pelos visitantes do s\u00edtio Web, mas para a melhor e mais personalizada experi\u00eancia dos mesmos.<\/p><p data-wahfont=\"16\">Utilizamos cookies (Google Analytics) para saber<\/p><ul><li>O n\u00famero dos nossos visitantes.<\/li><li>Para monitorizar o tr\u00e1fego das p\u00e1ginas individuais.<\/li><li>A dura\u00e7\u00e3o do tr\u00e1fego.<\/li><\/ul><p data-wahfont=\"16\">O objetivo do acima exposto \u00e9 melhorar o conte\u00fado e adaptar o s\u00edtio Web \u00e0s prefer\u00eancias dos nossos visitantes para que tenham uma melhor experi\u00eancia de navega\u00e7\u00e3o e pesquisa.<\/p><p data-wahfont=\"16\">Os cookies s\u00e3o pequenos ficheiros de texto que s\u00e3o armazenados no navegador do utilizador quando visita uma p\u00e1gina Web. Detalhes como data e hora da visita, p\u00e1ginas visitadas s\u00e3o armazenados nas informa\u00e7\u00f5es do cookie. <\/p><p data-wahfont=\"16\">Ao analisar estes dados e utilizar cookies, oferecemos um percurso completo ao visitante.<\/p><p data-wahfont=\"16\">Se n\u00e3o pretender armazenar cookies, configure o seu navegador para n\u00e3o armazenar cookies.<\/p><h2 data-wahfont=\"32\"><strong>Seguran\u00e7a e reten\u00e7\u00e3o de dados<\/strong><\/h2><p data-wahfont=\"16\">A empresa BIOKAN OE compreende que a seguran\u00e7a dos seus dados pessoais \u00e9 muito importante e, para isso, tomou medidas t\u00e9cnicas e organizacionais ao nomear um respons\u00e1vel pela gest\u00e3o de dados pessoais, forma\u00e7\u00e3o e informa\u00e7\u00e3o do pessoal, utiliza firewalls e sistemas de prote\u00e7\u00e3o especiais.<\/p><p data-wahfont=\"16\">No entanto, observa-se que, enquanto as informa\u00e7\u00f5es e dados estiverem em s\u00edtios Web e transmitidos atrav\u00e9s da Internet, nenhum sistema inform\u00e1tico \u00e9 completamente seguro.<\/p><h2 data-wahfont=\"32\"><strong>Idioma<\/strong><\/h2><p data-wahfont=\"16\">O idioma aplic\u00e1vel a esta Pol\u00edtica de Privacidade \u00e9 o grego. Portanto, caso haja alguma contradi\u00e7\u00e3o em qualquer uma das vers\u00f5es fornecidas noutros idiomas, a vers\u00e3o grega ter\u00e1 preval\u00eancia. <\/p><h2 data-wahfont=\"32\"><strong>Validade e altera\u00e7\u00f5es ao texto de privacidade<\/strong><\/h2><p data-wahfont=\"16\">A empresa BIOKAN OE emitiu esta pol\u00edtica em 26\/06\/19 e reserva-se o direito de melhoria ou revis\u00e3o peri\u00f3dica.<\/p><p data-wahfont=\"16\">Em caso de altera\u00e7\u00f5es ou revis\u00f5es \u00e0 utiliza\u00e7\u00e3o dos nossos servi\u00e7os, e se tal vers\u00e3o atualizada ou revista da nossa pol\u00edtica tiver sido publicada, concorda automaticamente com as novas pr\u00e1ticas contidas na atualiza\u00e7\u00e3o.<\/p><p data-wahfont=\"16\">A \u00faltima atualiza\u00e7\u00e3o estar\u00e1 sempre no nosso s\u00edtio Web www.biokan.gr e sugerimos que verifique frequentemente quaisquer altera\u00e7\u00f5es, a data de revis\u00e3o para ver quando a pol\u00edtica de privacidade foi atualizada pela \u00faltima vez.<\/p><p data-wahfont=\"16\">Data de revis\u00e3o da pol\u00edtica de privacidade.<\/p><p data-wahfont=\"16\">10 de outubro de 2019<\/p>\t\t\t\t\t\t\t\t<\/div>\n\t\t\t\t\t<\/div>\n\t\t<\/div>\n\t\t\t\t\t<\/div>\n\t\t<\/section>\n\t\t\t\t<\/div>\n\t\t","protected":false},"excerpt":{"rendered":"<p>Pol\u00edtica de privacidade Na BIOKAN G.P., a nossa principal prioridade \u00e9 a prote\u00e7\u00e3o dos seus dados pessoais e informa\u00e7\u00f5es, em qualquer forma que contacte ou coopere connosco. Trabalhamos constantemente para processar e armazenar adequadamente as informa\u00e7\u00f5es que partilha connosco. Esta pol\u00edtica aplica-se a todos os indiv\u00edduos e empresas que trabalham com a nossa empresa, tais [&hellip;]<\/p>\n","protected":false},"author":1,"featured_media":0,"parent":0,"menu_order":0,"comment_status":"closed","ping_status":"closed","template":"","meta":{"footnotes":""},"categories":[123],"tags":[],"class_list":["post-271734","page","type-page","status-publish","hentry","category-outro"],"yoast_head":"<!-- This site is optimized with the Yoast SEO Premium plugin v27.3 (Yoast SEO v27.3) - https:\/\/yoast.com\/product\/yoast-seo-premium-wordpress\/ -->\n<title>Pol\u00edtica de Privacidade - roastergrills<\/title>\n<meta name=\"robots\" content=\"noindex, nofollow\" \/>\n<meta property=\"og:locale\" content=\"pt_PT\" \/>\n<meta property=\"og:type\" content=\"article\" \/>\n<meta property=\"og:title\" content=\"Pol\u00edtica de Privacidade\" \/>\n<meta property=\"og:description\" content=\"Pol\u00edtica de privacidade Na BIOKAN G.P., a nossa principal prioridade \u00e9 a prote\u00e7\u00e3o dos seus dados pessoais e informa\u00e7\u00f5es, em qualquer forma que contacte ou coopere connosco. Trabalhamos constantemente para processar e armazenar adequadamente as informa\u00e7\u00f5es que partilha connosco. Esta pol\u00edtica aplica-se a todos os indiv\u00edduos e empresas que trabalham com a nossa empresa, tais [&hellip;]\" \/>\n<meta property=\"og:url\" content=\"https:\/\/roastergrills.com\/pt\/politica-de-privacidade\/\" \/>\n<meta property=\"og:site_name\" content=\"roastergrills\" \/>\n<meta property=\"article:publisher\" content=\"https:\/\/www.facebook.com\/RoasterOvens\/\" \/>\n<meta property=\"article:modified_time\" content=\"2026-04-03T16:11:44+00:00\" \/>\n<meta name=\"twitter:card\" content=\"summary_large_image\" \/>\n<meta name=\"twitter:label1\" content=\"Tempo estimado de leitura\" \/>\n\t<meta name=\"twitter:data1\" content=\"9 minutos\" \/>\n<script type=\"application\/ld+json\" class=\"yoast-schema-graph\">{\"@context\":\"https:\\\/\\\/schema.org\",\"@graph\":[{\"@type\":\"WebPage\",\"@id\":\"https:\\\/\\\/roastergrills.com\\\/pt\\\/politica-de-privacidade\\\/\",\"url\":\"https:\\\/\\\/roastergrills.com\\\/pt\\\/politica-de-privacidade\\\/\",\"name\":\"Pol\u00edtica de Privacidade - roastergrills\",\"isPartOf\":{\"@id\":\"https:\\\/\\\/roastergrills.com\\\/pt\\\/#website\"},\"datePublished\":\"2022-01-27T14:17:02+00:00\",\"dateModified\":\"2026-04-03T16:11:44+00:00\",\"breadcrumb\":{\"@id\":\"https:\\\/\\\/roastergrills.com\\\/pt\\\/politica-de-privacidade\\\/#breadcrumb\"},\"inLanguage\":\"pt-PT\",\"potentialAction\":[{\"@type\":\"ReadAction\",\"target\":[\"https:\\\/\\\/roastergrills.com\\\/pt\\\/politica-de-privacidade\\\/\"]}]},{\"@type\":\"BreadcrumbList\",\"@id\":\"https:\\\/\\\/roastergrills.com\\\/pt\\\/politica-de-privacidade\\\/#breadcrumb\",\"itemListElement\":[{\"@type\":\"ListItem\",\"position\":1,\"name\":\"In\u00edcio\",\"item\":\"https:\\\/\\\/roastergrills.com\\\/pt\\\/roaster-fornos-a-carvao-profissionais-e-grelhadores\\\/\"},{\"@type\":\"ListItem\",\"position\":2,\"name\":\"Pol\u00edtica de Privacidade\"}]},{\"@type\":\"WebSite\",\"@id\":\"https:\\\/\\\/roastergrills.com\\\/pt\\\/#website\",\"url\":\"https:\\\/\\\/roastergrills.com\\\/pt\\\/\",\"name\":\"roastergrills\",\"description\":\"Commercial Charcoal Ovens and Grills\",\"publisher\":{\"@id\":\"https:\\\/\\\/roastergrills.com\\\/pt\\\/#organization\"},\"alternateName\":\"Roaster Ovens\",\"potentialAction\":[{\"@type\":\"SearchAction\",\"target\":{\"@type\":\"EntryPoint\",\"urlTemplate\":\"https:\\\/\\\/roastergrills.com\\\/pt\\\/?s={search_term_string}\"},\"query-input\":{\"@type\":\"PropertyValueSpecification\",\"valueRequired\":true,\"valueName\":\"search_term_string\"}}],\"inLanguage\":\"pt-PT\"},{\"@type\":\"Organization\",\"@id\":\"https:\\\/\\\/roastergrills.com\\\/pt\\\/#organization\",\"name\":\"Fornos a Carv\u00e3o Roaster\",\"alternateName\":\"Grelhadores Roaster\",\"url\":\"https:\\\/\\\/roastergrills.com\\\/pt\\\/\",\"logo\":{\"@type\":\"ImageObject\",\"inLanguage\":\"pt-PT\",\"@id\":\"https:\\\/\\\/roastergrills.com\\\/pt\\\/#\\\/schema\\\/logo\\\/image\\\/\",\"url\":\"https:\\\/\\\/roastergrills.com\\\/wp-content\\\/uploads\\\/2021\\\/12\\\/roaster-charcoal-oven-logo-round.png\",\"contentUrl\":\"https:\\\/\\\/roastergrills.com\\\/wp-content\\\/uploads\\\/2021\\\/12\\\/roaster-charcoal-oven-logo-round.png\",\"width\":400,\"height\":319,\"caption\":\"Fornos a Carv\u00e3o Roaster\"},\"image\":{\"@id\":\"https:\\\/\\\/roastergrills.com\\\/pt\\\/#\\\/schema\\\/logo\\\/image\\\/\"},\"sameAs\":[\"https:\\\/\\\/www.facebook.com\\\/RoasterOvens\\\/\",\"https:\\\/\\\/www.instagram.com\\\/roaster_ovens\\\/\",\"https:\\\/\\\/www.linkedin.com\\\/company\\\/biokan-oe\",\"https:\\\/\\\/www.youtube.com\\\/channel\\\/UCjOpxGWZamP7FVeQ2Dx45yA\"]}]}<\/script>\n<!-- \/ Yoast SEO Premium plugin. -->","yoast_head_json":{"title":"Pol\u00edtica de Privacidade - roastergrills","robots":{"index":"noindex","follow":"nofollow"},"og_locale":"pt_PT","og_type":"article","og_title":"Pol\u00edtica de Privacidade","og_description":"Pol\u00edtica de privacidade Na BIOKAN G.P., a nossa principal prioridade \u00e9 a prote\u00e7\u00e3o dos seus dados pessoais e informa\u00e7\u00f5es, em qualquer forma que contacte ou coopere connosco. Trabalhamos constantemente para processar e armazenar adequadamente as informa\u00e7\u00f5es que partilha connosco. Esta pol\u00edtica aplica-se a todos os indiv\u00edduos e empresas que trabalham com a nossa empresa, tais [&hellip;]","og_url":"https:\/\/roastergrills.com\/pt\/politica-de-privacidade\/","og_site_name":"roastergrills","article_publisher":"https:\/\/www.facebook.com\/RoasterOvens\/","article_modified_time":"2026-04-03T16:11:44+00:00","twitter_card":"summary_large_image","twitter_misc":{"Tempo estimado de leitura":"9 minutos"},"schema":{"@context":"https:\/\/schema.org","@graph":[{"@type":"WebPage","@id":"https:\/\/roastergrills.com\/pt\/politica-de-privacidade\/","url":"https:\/\/roastergrills.com\/pt\/politica-de-privacidade\/","name":"Pol\u00edtica de Privacidade - roastergrills","isPartOf":{"@id":"https:\/\/roastergrills.com\/pt\/#website"},"datePublished":"2022-01-27T14:17:02+00:00","dateModified":"2026-04-03T16:11:44+00:00","breadcrumb":{"@id":"https:\/\/roastergrills.com\/pt\/politica-de-privacidade\/#breadcrumb"},"inLanguage":"pt-PT","potentialAction":[{"@type":"ReadAction","target":["https:\/\/roastergrills.com\/pt\/politica-de-privacidade\/"]}]},{"@type":"BreadcrumbList","@id":"https:\/\/roastergrills.com\/pt\/politica-de-privacidade\/#breadcrumb","itemListElement":[{"@type":"ListItem","position":1,"name":"In\u00edcio","item":"https:\/\/roastergrills.com\/pt\/roaster-fornos-a-carvao-profissionais-e-grelhadores\/"},{"@type":"ListItem","position":2,"name":"Pol\u00edtica de Privacidade"}]},{"@type":"WebSite","@id":"https:\/\/roastergrills.com\/pt\/#website","url":"https:\/\/roastergrills.com\/pt\/","name":"roastergrills","description":"Commercial Charcoal Ovens and Grills","publisher":{"@id":"https:\/\/roastergrills.com\/pt\/#organization"},"alternateName":"Roaster Ovens","potentialAction":[{"@type":"SearchAction","target":{"@type":"EntryPoint","urlTemplate":"https:\/\/roastergrills.com\/pt\/?s={search_term_string}"},"query-input":{"@type":"PropertyValueSpecification","valueRequired":true,"valueName":"search_term_string"}}],"inLanguage":"pt-PT"},{"@type":"Organization","@id":"https:\/\/roastergrills.com\/pt\/#organization","name":"Fornos a Carv\u00e3o Roaster","alternateName":"Grelhadores Roaster","url":"https:\/\/roastergrills.com\/pt\/","logo":{"@type":"ImageObject","inLanguage":"pt-PT","@id":"https:\/\/roastergrills.com\/pt\/#\/schema\/logo\/image\/","url":"https:\/\/roastergrills.com\/wp-content\/uploads\/2021\/12\/roaster-charcoal-oven-logo-round.png","contentUrl":"https:\/\/roastergrills.com\/wp-content\/uploads\/2021\/12\/roaster-charcoal-oven-logo-round.png","width":400,"height":319,"caption":"Fornos a Carv\u00e3o Roaster"},"image":{"@id":"https:\/\/roastergrills.com\/pt\/#\/schema\/logo\/image\/"},"sameAs":["https:\/\/www.facebook.com\/RoasterOvens\/","https:\/\/www.instagram.com\/roaster_ovens\/","https:\/\/www.linkedin.com\/company\/biokan-oe","https:\/\/www.youtube.com\/channel\/UCjOpxGWZamP7FVeQ2Dx45yA"]}]}},"_links":{"self":[{"href":"https:\/\/roastergrills.com\/pt\/wp-json\/wp\/v2\/pages\/271734","targetHints":{"allow":["GET"]}}],"collection":[{"href":"https:\/\/roastergrills.com\/pt\/wp-json\/wp\/v2\/pages"}],"about":[{"href":"https:\/\/roastergrills.com\/pt\/wp-json\/wp\/v2\/types\/page"}],"author":[{"embeddable":true,"href":"https:\/\/roastergrills.com\/pt\/wp-json\/wp\/v2\/users\/1"}],"replies":[{"embeddable":true,"href":"https:\/\/roastergrills.com\/pt\/wp-json\/wp\/v2\/comments?post=271734"}],"version-history":[{"count":3,"href":"https:\/\/roastergrills.com\/pt\/wp-json\/wp\/v2\/pages\/271734\/revisions"}],"predecessor-version":[{"id":271786,"href":"https:\/\/roastergrills.com\/pt\/wp-json\/wp\/v2\/pages\/271734\/revisions\/271786"}],"wp:attachment":[{"href":"https:\/\/roastergrills.com\/pt\/wp-json\/wp\/v2\/media?parent=271734"}],"wp:term":[{"taxonomy":"category","embeddable":true,"href":"https:\/\/roastergrills.com\/pt\/wp-json\/wp\/v2\/categories?post=271734"},{"taxonomy":"post_tag","embeddable":true,"href":"https:\/\/roastergrills.com\/pt\/wp-json\/wp\/v2\/tags?post=271734"}],"curies":[{"name":"wp","href":"https:\/\/api.w.org\/{rel}","templated":true}]}}